{"id":204288,"date":"2025-03-23T10:31:32","date_gmt":"2025-03-23T10:31:32","guid":{"rendered":"https:\/\/aromasentia.com\/product\/cinnamon-incense-cones\/"},"modified":"2025-05-31T00:40:31","modified_gmt":"2025-05-31T00:40:31","slug":"kanel-rokelseskjegler","status":"publish","type":"product","link":"https:\/\/aromasentia.com\/no\/kanel-rokelseskjegler\/","title":{"rendered":"Kanel R\u00f8kelseskjegler"},"content":{"rendered":"<p><strong>Kanelr\u00f8kelseskjeglene<\/strong> med sin rike og krydrede duft og et hint av s\u00f8dme vil fylle hjemmet ditt med en vakker duft.<\/p>\n<p>Bare tenn tuppen av r\u00f8kelseskjeglen og vent til den gl\u00f8der. Bl\u00e5s deretter ut flammen og plasser den i en r\u00f8kelsesholder for en vakker duft i hele hjemmet.<\/p>\n<p><strong>Inneholder ca. 15 r\u00f8kelseskjegler og en metallholder.<\/strong><\/p>\n<p><strong>Brennetid ca. 20 minutter per kjegle.<\/strong><\/p>\n","protected":false},"excerpt":{"rendered":"<p>Kanelr\u00f8kelseskjeglene med sin rike og krydrede duft og et hint av s\u00f8dme vil fylle hjemmet ditt med en vakker duft. Bare tenn tuppen av r\u00f8kelseskjeglen og vent til den gl\u00f8der. Bl\u00e5s deretter ut flammen og plasser den i en r\u00f8kelsesholder for en vakker duft i hele hjemmet. Inneholder ca. 15 r\u00f8kelseskjegler og en metallholder. Brennetid [&hellip;]<\/p>\n","protected":false},"featured_media":412970,"comment_status":"closed","ping_status":"open","template":"","meta":{"_angie_page":false},"product_brand":[27141],"product_cat":[25843,26133,26890,8747,8792],"product_tag":[],"class_list":{"0":"post-204288","1":"product","2":"type-product","3":"status-publish","4":"has-post-thumbnail","6":"product_brand-stamford","7":"product_cat-dufter-aromaer","8":"product_cat-kanel","9":"product_cat-krydret","10":"product_cat-rokelse-og-rokelsesholdere","11":"product_cat-rokelseskjegler","12":"pa_collection-stamford-premium-incense-cones-no","13":"pa_made-in-india","15":"first","16":"instock","17":"purchasable","18":"product-type-simple"},"supplier_id":null,"supplier_sku":"StamC-13","barcode":null,"atum_controlled":true,"out_stock_date":null,"out_stock_threshold":null,"inheritable":false,"inbound_stock":null,"stock_on_hold":0,"sold_today":0,"sales_last_days":0,"reserved_stock":null,"customer_returns":null,"warehouse_damage":null,"lost_in_post":null,"other_logs":null,"out_stock_days":0,"lost_sales":0,"has_location":null,"update_date":"2026-04-29T13:02:07","atum_locations":[],"atum_stock_status":"instock","restock_status":false,"low_stock_amount":"","sales_update_date":"2026-02-06T00:00:46","calc_backorders":null,"_links":{"self":[{"href":"https:\/\/aromasentia.com\/no\/wp-json\/wp\/v2\/product\/204288","targetHints":{"allow":["GET"]}}],"collection":[{"href":"https:\/\/aromasentia.com\/no\/wp-json\/wp\/v2\/product"}],"about":[{"href":"https:\/\/aromasentia.com\/no\/wp-json\/wp\/v2\/types\/product"}],"replies":[{"embeddable":true,"href":"https:\/\/aromasentia.com\/no\/wp-json\/wp\/v2\/comments?post=204288"}],"version-history":[{"count":0,"href":"https:\/\/aromasentia.com\/no\/wp-json\/wp\/v2\/product\/204288\/revisions"}],"wp:featuredmedia":[{"embeddable":true,"href":"https:\/\/aromasentia.com\/no\/wp-json\/wp\/v2\/media\/412970"}],"wp:attachment":[{"href":"https:\/\/aromasentia.com\/no\/wp-json\/wp\/v2\/media?parent=204288"}],"wp:term":[{"taxonomy":"product_brand","embeddable":true,"href":"https:\/\/aromasentia.com\/no\/wp-json\/wp\/v2\/product_brand?post=204288"},{"taxonomy":"product_cat","embeddable":true,"href":"https:\/\/aromasentia.com\/no\/wp-json\/wp\/v2\/product_cat?post=204288"},{"taxonomy":"product_tag","embeddable":true,"href":"https:\/\/aromasentia.com\/no\/wp-json\/wp\/v2\/product_tag?post=204288"}],"curies":[{"name":"wp","href":"https:\/\/api.w.org\/{rel}","templated":true}]}}