{"id":204283,"date":"2025-03-23T10:31:32","date_gmt":"2025-03-23T10:31:32","guid":{"rendered":"https:\/\/aromasentia.com\/product\/frankincense-incense-cones\/"},"modified":"2025-05-31T00:40:12","modified_gmt":"2025-05-31T00:40:12","slug":"rokelseskegler-av-rokelse","status":"publish","type":"product","link":"https:\/\/aromasentia.com\/no\/rokelseskegler-av-rokelse\/","title":{"rendered":"R\u00f8kelseskegler Av R\u00f8kelse"},"content":{"rendered":"<p><strong>R\u00f8kelseskjegler av r\u00f8kelse<\/strong> er perfekte for beskyttelse og spiritualitet, og er ogs\u00e5 flotte for \u00e5 skape en rolig og fredelig atmosf\u00e6re i hjemmet ditt.<\/p>\n<p>Bare tenn tuppen av r\u00f8kelseskjeglen og vent til den gl\u00f8der. Bl\u00e5s deretter ut flammen og plasser den i en r\u00f8kelsesholder for en vakker duft i hele hjemmet.<\/p>\n<p><strong>Inneholder ca. 15 r\u00f8kelseskjegler og en metallholder.<\/strong><\/p>\n<p><strong>Brennetid ca. 20 minutter per kjegle.<\/strong><\/p>\n","protected":false},"excerpt":{"rendered":"<p>R\u00f8kelseskjegler av r\u00f8kelse er perfekte for beskyttelse og spiritualitet, og er ogs\u00e5 flotte for \u00e5 skape en rolig og fredelig atmosf\u00e6re i hjemmet ditt. Bare tenn tuppen av r\u00f8kelseskjeglen og vent til den gl\u00f8der. Bl\u00e5s deretter ut flammen og plasser den i en r\u00f8kelsesholder for en vakker duft i hele hjemmet. Inneholder ca. 15 r\u00f8kelseskjegler [&hellip;]<\/p>\n","protected":false},"featured_media":412925,"comment_status":"closed","ping_status":"open","template":"","meta":{"_angie_page":false},"product_brand":[27141],"product_cat":[25843,26883,26199,8747,8792],"product_tag":[],"class_list":{"0":"post-204283","1":"product","2":"type-product","3":"status-publish","4":"has-post-thumbnail","6":"product_brand-stamford","7":"product_cat-dufter-aromaer","8":"product_cat-harpiksaktig-balsamisk","9":"product_cat-rokelse","10":"product_cat-rokelse-og-rokelsesholdere","11":"product_cat-rokelseskjegler","12":"pa_collection-stamford-premium-incense-cones-no","13":"pa_made-in-india","15":"first","16":"instock","17":"purchasable","18":"product-type-simple"},"supplier_id":null,"supplier_sku":"StamC-06","barcode":null,"atum_controlled":true,"out_stock_date":null,"out_stock_threshold":null,"inheritable":false,"inbound_stock":null,"stock_on_hold":0,"sold_today":0,"sales_last_days":0,"reserved_stock":null,"customer_returns":null,"warehouse_damage":null,"lost_in_post":null,"other_logs":null,"out_stock_days":91,"lost_sales":0,"has_location":null,"update_date":"2026-05-04T00:04:59","atum_locations":[],"atum_stock_status":"instock","restock_status":false,"low_stock_amount":"","sales_update_date":"2026-01-30T01:25:22","calc_backorders":null,"_links":{"self":[{"href":"https:\/\/aromasentia.com\/no\/wp-json\/wp\/v2\/product\/204283","targetHints":{"allow":["GET"]}}],"collection":[{"href":"https:\/\/aromasentia.com\/no\/wp-json\/wp\/v2\/product"}],"about":[{"href":"https:\/\/aromasentia.com\/no\/wp-json\/wp\/v2\/types\/product"}],"replies":[{"embeddable":true,"href":"https:\/\/aromasentia.com\/no\/wp-json\/wp\/v2\/comments?post=204283"}],"version-history":[{"count":0,"href":"https:\/\/aromasentia.com\/no\/wp-json\/wp\/v2\/product\/204283\/revisions"}],"wp:featuredmedia":[{"embeddable":true,"href":"https:\/\/aromasentia.com\/no\/wp-json\/wp\/v2\/media\/412925"}],"wp:attachment":[{"href":"https:\/\/aromasentia.com\/no\/wp-json\/wp\/v2\/media?parent=204283"}],"wp:term":[{"taxonomy":"product_brand","embeddable":true,"href":"https:\/\/aromasentia.com\/no\/wp-json\/wp\/v2\/product_brand?post=204283"},{"taxonomy":"product_cat","embeddable":true,"href":"https:\/\/aromasentia.com\/no\/wp-json\/wp\/v2\/product_cat?post=204283"},{"taxonomy":"product_tag","embeddable":true,"href":"https:\/\/aromasentia.com\/no\/wp-json\/wp\/v2\/product_tag?post=204283"}],"curies":[{"name":"wp","href":"https:\/\/api.w.org\/{rel}","templated":true}]}}