{"id":204273,"date":"2025-03-23T10:31:32","date_gmt":"2025-03-23T10:31:32","guid":{"rendered":"https:\/\/aromasentia.com\/product\/plant-based-masala-incense-sticks-cinnamon\/"},"modified":"2025-05-31T00:39:50","modified_gmt":"2025-05-31T00:39:50","slug":"plantebasert-masala-rokelsespinner-kanel","status":"publish","type":"product","link":"https:\/\/aromasentia.com\/no\/plantebasert-masala-rokelsespinner-kanel\/","title":{"rendered":"Plantebasert Masala R\u00f8kelsespinner &#8211; Kanel"},"content":{"rendered":"<p>H\u00e5ndrullede Masala-r\u00f8kelsespinner med en herlig duft av kanel. Laget av plantebaserte r\u00e5varer, etisk produsert i Karnataka, India.<\/p>\n<p>Kanelr\u00f8kelsespinner har en sterk s\u00f8t og krydret aroma. Dette krydderet varmer kropp og sjel.<\/p>\n<p>I hver eske finner du 15 pinner.<\/p>\n<p>\n","protected":false},"excerpt":{"rendered":"<p>H\u00e5ndrullede Masala-r\u00f8kelsespinner med en herlig duft av kanel. Laget av plantebaserte r\u00e5varer, etisk produsert i Karnataka, India. Kanelr\u00f8kelsespinner har en sterk s\u00f8t og krydret aroma. Dette krydderet varmer kropp og sjel. I hver eske finner du 15 pinner.<\/p>\n","protected":false},"featured_media":412691,"comment_status":"closed","ping_status":"open","template":"","meta":{"_angie_page":false},"product_brand":[27141],"product_cat":[25843,26133,26890,8747,8758],"product_tag":[],"class_list":{"0":"post-204273","1":"product","2":"type-product","3":"status-publish","4":"has-post-thumbnail","6":"product_brand-stamford","7":"product_cat-dufter-aromaer","8":"product_cat-kanel","9":"product_cat-krydret","10":"product_cat-rokelse-og-rokelsesholdere","11":"product_cat-rokelsespinner","12":"pa_collection-plant-based-masala-incense-sticks-no","13":"pa_made-in-india","15":"first","16":"instock","17":"purchasable","18":"product-type-simple"},"supplier_id":null,"supplier_sku":"SPBMi-03","barcode":null,"atum_controlled":true,"out_stock_date":null,"out_stock_threshold":null,"inheritable":false,"inbound_stock":null,"stock_on_hold":0,"sold_today":0,"sales_last_days":0,"reserved_stock":null,"customer_returns":null,"warehouse_damage":null,"lost_in_post":null,"other_logs":null,"out_stock_days":0,"lost_sales":0,"has_location":null,"update_date":"2026-04-27T07:22:40","atum_locations":[],"atum_stock_status":"instock","restock_status":false,"low_stock_amount":"","sales_update_date":"2026-01-30T01:24:42","calc_backorders":null,"_links":{"self":[{"href":"https:\/\/aromasentia.com\/no\/wp-json\/wp\/v2\/product\/204273","targetHints":{"allow":["GET"]}}],"collection":[{"href":"https:\/\/aromasentia.com\/no\/wp-json\/wp\/v2\/product"}],"about":[{"href":"https:\/\/aromasentia.com\/no\/wp-json\/wp\/v2\/types\/product"}],"replies":[{"embeddable":true,"href":"https:\/\/aromasentia.com\/no\/wp-json\/wp\/v2\/comments?post=204273"}],"version-history":[{"count":0,"href":"https:\/\/aromasentia.com\/no\/wp-json\/wp\/v2\/product\/204273\/revisions"}],"wp:featuredmedia":[{"embeddable":true,"href":"https:\/\/aromasentia.com\/no\/wp-json\/wp\/v2\/media\/412691"}],"wp:attachment":[{"href":"https:\/\/aromasentia.com\/no\/wp-json\/wp\/v2\/media?parent=204273"}],"wp:term":[{"taxonomy":"product_brand","embeddable":true,"href":"https:\/\/aromasentia.com\/no\/wp-json\/wp\/v2\/product_brand?post=204273"},{"taxonomy":"product_cat","embeddable":true,"href":"https:\/\/aromasentia.com\/no\/wp-json\/wp\/v2\/product_cat?post=204273"},{"taxonomy":"product_tag","embeddable":true,"href":"https:\/\/aromasentia.com\/no\/wp-json\/wp\/v2\/product_tag?post=204273"}],"curies":[{"name":"wp","href":"https:\/\/api.w.org\/{rel}","templated":true}]}}