{"id":204271,"date":"2025-03-23T10:31:32","date_gmt":"2025-03-23T10:31:32","guid":{"rendered":"https:\/\/aromasentia.com\/product\/plant-based-masala-incense-sticks-aloe-vera\/"},"modified":"2025-05-31T00:39:44","modified_gmt":"2025-05-31T00:39:44","slug":"plantebaserte-masala-rokelsespinner-aloe-vera","status":"publish","type":"product","link":"https:\/\/aromasentia.com\/no\/plantebaserte-masala-rokelsespinner-aloe-vera\/","title":{"rendered":"Plantebaserte Masala R\u00f8kelsespinner &#8211; Aloe Vera"},"content":{"rendered":"<p>H\u00e5ndrullede Masala-r\u00f8kelsespinner med en vakker duft av aloe vera. Laget av plantebaserte r\u00e5varer, etisk produsert i Karnataka, India.<\/p>\n<p>Lukten av aloe vera er fengslende, behagelig og fantastisk. Skapt for \u00e5 l\u00f8fte hum\u00f8ret ditt.&nbsp;<\/p>\n<p>I hver eske finner du 15 pinner.<\/p>\n<p>\n","protected":false},"excerpt":{"rendered":"<p>H\u00e5ndrullede Masala-r\u00f8kelsespinner med en vakker duft av aloe vera. Laget av plantebaserte r\u00e5varer, etisk produsert i Karnataka, India. Lukten av aloe vera er fengslende, behagelig og fantastisk. Skapt for \u00e5 l\u00f8fte hum\u00f8ret ditt.&nbsp; I hver eske finner du 15 pinner.<\/p>\n","protected":false},"featured_media":412625,"comment_status":"closed","ping_status":"open","template":"","meta":{"_angie_page":false},"product_brand":[27141],"product_cat":[26580,25843,26841,8747,8758],"product_tag":[],"class_list":{"0":"post-204271","1":"product","2":"type-product","3":"status-publish","4":"has-post-thumbnail","6":"product_brand-stamford","7":"product_cat-aloe-vera","8":"product_cat-dufter-aromaer","9":"product_cat-frisk-og-ren","10":"product_cat-rokelse-og-rokelsesholdere","11":"product_cat-rokelsespinner","12":"pa_collection-plant-based-masala-incense-sticks-no","13":"pa_made-in-india","15":"first","16":"instock","17":"purchasable","18":"product-type-simple"},"supplier_id":null,"supplier_sku":"SPBMi-01","barcode":null,"atum_controlled":true,"out_stock_date":null,"out_stock_threshold":null,"inheritable":false,"inbound_stock":null,"stock_on_hold":0,"sold_today":0,"sales_last_days":0,"reserved_stock":null,"customer_returns":null,"warehouse_damage":null,"lost_in_post":null,"other_logs":null,"out_stock_days":0,"lost_sales":0,"has_location":null,"update_date":"2026-04-27T07:22:40","atum_locations":[],"atum_stock_status":"instock","restock_status":false,"low_stock_amount":"","sales_update_date":"2026-01-30T01:25:48","calc_backorders":null,"_links":{"self":[{"href":"https:\/\/aromasentia.com\/no\/wp-json\/wp\/v2\/product\/204271","targetHints":{"allow":["GET"]}}],"collection":[{"href":"https:\/\/aromasentia.com\/no\/wp-json\/wp\/v2\/product"}],"about":[{"href":"https:\/\/aromasentia.com\/no\/wp-json\/wp\/v2\/types\/product"}],"replies":[{"embeddable":true,"href":"https:\/\/aromasentia.com\/no\/wp-json\/wp\/v2\/comments?post=204271"}],"version-history":[{"count":0,"href":"https:\/\/aromasentia.com\/no\/wp-json\/wp\/v2\/product\/204271\/revisions"}],"wp:featuredmedia":[{"embeddable":true,"href":"https:\/\/aromasentia.com\/no\/wp-json\/wp\/v2\/media\/412625"}],"wp:attachment":[{"href":"https:\/\/aromasentia.com\/no\/wp-json\/wp\/v2\/media?parent=204271"}],"wp:term":[{"taxonomy":"product_brand","embeddable":true,"href":"https:\/\/aromasentia.com\/no\/wp-json\/wp\/v2\/product_brand?post=204271"},{"taxonomy":"product_cat","embeddable":true,"href":"https:\/\/aromasentia.com\/no\/wp-json\/wp\/v2\/product_cat?post=204271"},{"taxonomy":"product_tag","embeddable":true,"href":"https:\/\/aromasentia.com\/no\/wp-json\/wp\/v2\/product_tag?post=204271"}],"curies":[{"name":"wp","href":"https:\/\/api.w.org\/{rel}","templated":true}]}}