{"id":204245,"date":"2025-03-23T10:31:40","date_gmt":"2025-03-23T10:31:40","guid":{"rendered":"https:\/\/aromasentia.com\/product\/spiritual-yoga-premium-incense\/"},"modified":"2025-05-31T00:38:12","modified_gmt":"2025-05-31T00:38:12","slug":"spiritual-yoga-premium-rokelse","status":"publish","type":"product","link":"https:\/\/aromasentia.com\/no\/spiritual-yoga-premium-rokelse\/","title":{"rendered":"Spiritual Yoga Premium R\u00f8kelse"},"content":{"rendered":"<p>Brenn Spiritual Yoga Premium R\u00f8kelseslager for \u00e5 hjelpe deg med \u00e5 oppn\u00e5 indre fred og konsentrasjon under yoga.<\/p>\n<p>Bare tenn tuppen av r\u00f8kelsespinnen og vent til den gl\u00f8der. Bl\u00e5s deretter ut flammen og plasser den i en r\u00f8kelsesholder for en vakker duft i hele hjemmet.<\/p>\n<p>Brennetid ca. 30 minutter per pinne. Laget kun av parfymer\u00e5varer, og emballasjen er resirkulerbar.<\/p>\n","protected":false},"excerpt":{"rendered":"<p>Brenn Spiritual Yoga Premium R\u00f8kelseslager for \u00e5 hjelpe deg med \u00e5 oppn\u00e5 indre fred og konsentrasjon under yoga. Bare tenn tuppen av r\u00f8kelsespinnen og vent til den gl\u00f8der. Bl\u00e5s deretter ut flammen og plasser den i en r\u00f8kelsesholder for en vakker duft i hele hjemmet. Brennetid ca. 30 minutter per pinne. Laget kun av parfymer\u00e5varer, [&hellip;]<\/p>\n","protected":false},"featured_media":413522,"comment_status":"closed","ping_status":"open","template":"","meta":{"_angie_page":false},"product_brand":[27141],"product_cat":[8747,8758],"product_tag":[],"class_list":{"0":"post-204245","1":"product","2":"type-product","3":"status-publish","4":"has-post-thumbnail","6":"product_brand-stamford","7":"product_cat-rokelse-og-rokelsesholdere","8":"product_cat-rokelsespinner","9":"pa_collection-stamford-premium-incense-sticks-no","10":"pa_made-in-india","12":"first","13":"instock","14":"purchasable","15":"product-type-simple"},"supplier_id":null,"supplier_sku":"StamFP-24","barcode":null,"atum_controlled":true,"out_stock_date":null,"out_stock_threshold":null,"inheritable":false,"inbound_stock":null,"stock_on_hold":0,"sold_today":0,"sales_last_days":0,"reserved_stock":null,"customer_returns":null,"warehouse_damage":null,"lost_in_post":null,"other_logs":null,"out_stock_days":0,"lost_sales":0,"has_location":null,"update_date":"2026-05-08T05:20:17","atum_locations":[],"atum_stock_status":"instock","restock_status":false,"low_stock_amount":"","sales_update_date":"2025-09-03T00:17:57","calc_backorders":null,"_links":{"self":[{"href":"https:\/\/aromasentia.com\/no\/wp-json\/wp\/v2\/product\/204245","targetHints":{"allow":["GET"]}}],"collection":[{"href":"https:\/\/aromasentia.com\/no\/wp-json\/wp\/v2\/product"}],"about":[{"href":"https:\/\/aromasentia.com\/no\/wp-json\/wp\/v2\/types\/product"}],"replies":[{"embeddable":true,"href":"https:\/\/aromasentia.com\/no\/wp-json\/wp\/v2\/comments?post=204245"}],"version-history":[{"count":0,"href":"https:\/\/aromasentia.com\/no\/wp-json\/wp\/v2\/product\/204245\/revisions"}],"wp:featuredmedia":[{"embeddable":true,"href":"https:\/\/aromasentia.com\/no\/wp-json\/wp\/v2\/media\/413522"}],"wp:attachment":[{"href":"https:\/\/aromasentia.com\/no\/wp-json\/wp\/v2\/media?parent=204245"}],"wp:term":[{"taxonomy":"product_brand","embeddable":true,"href":"https:\/\/aromasentia.com\/no\/wp-json\/wp\/v2\/product_brand?post=204245"},{"taxonomy":"product_cat","embeddable":true,"href":"https:\/\/aromasentia.com\/no\/wp-json\/wp\/v2\/product_cat?post=204245"},{"taxonomy":"product_tag","embeddable":true,"href":"https:\/\/aromasentia.com\/no\/wp-json\/wp\/v2\/product_tag?post=204245"}],"curies":[{"name":"wp","href":"https:\/\/api.w.org\/{rel}","templated":true}]}}