{"id":204234,"date":"2025-03-23T10:31:40","date_gmt":"2025-03-23T10:31:40","guid":{"rendered":"https:\/\/aromasentia.com\/product\/citronella-premium-incense\/"},"modified":"2025-05-31T00:37:47","modified_gmt":"2025-05-31T00:37:47","slug":"citronella-premium-rokelse","status":"publish","type":"product","link":"https:\/\/aromasentia.com\/no\/citronella-premium-rokelse\/","title":{"rendered":"Citronella Premium R\u00f8kelse"},"content":{"rendered":"<p>Citronella-r\u00f8kelse bidrar til \u00e5 holde myggene unna mens du koser deg utend\u00f8rs. Perfekt for sommerkvelder!<\/p>\n<p>Bare tenn tuppen av r\u00f8kelsespinnen og vent til den gl\u00f8der. Bl\u00e5s deretter ut flammen og plasser den i en r\u00f8kelsesholder for en vakker duft i hele hjemmet.<\/p>\n<p>Brennetid ca. 30 minutter per pinne. Laget kun av parfymer\u00e5varer, og emballasjen er resirkulerbar.<\/p>\n","protected":false},"excerpt":{"rendered":"<p>Citronella-r\u00f8kelse bidrar til \u00e5 holde myggene unna mens du koser deg utend\u00f8rs. Perfekt for sommerkvelder! Bare tenn tuppen av r\u00f8kelsespinnen og vent til den gl\u00f8der. Bl\u00e5s deretter ut flammen og plasser den i en r\u00f8kelsesholder for en vakker duft i hele hjemmet. Brennetid ca. 30 minutter per pinne. Laget kun av parfymer\u00e5varer, og emballasjen er [&hellip;]<\/p>\n","protected":false},"featured_media":413335,"comment_status":"closed","ping_status":"open","template":"","meta":{"_angie_page":false},"product_brand":[27141],"product_cat":[25843,8747,8758,26139,26820],"product_tag":[],"class_list":{"0":"post-204234","1":"product","2":"type-product","3":"status-publish","4":"has-post-thumbnail","6":"product_brand-stamford","7":"product_cat-dufter-aromaer","8":"product_cat-rokelse-og-rokelsesholdere","9":"product_cat-rokelsespinner","10":"product_cat-sitronella","11":"product_cat-sitrus","12":"pa_collection-stamford-premium-incense-sticks-no","13":"pa_made-in-india","15":"first","16":"instock","17":"purchasable","18":"product-type-simple"},"supplier_id":null,"supplier_sku":"StamFP-11","barcode":null,"atum_controlled":true,"out_stock_date":null,"out_stock_threshold":null,"inheritable":false,"inbound_stock":null,"stock_on_hold":0,"sold_today":0,"sales_last_days":0,"reserved_stock":null,"customer_returns":null,"warehouse_damage":null,"lost_in_post":null,"other_logs":null,"out_stock_days":0,"lost_sales":0,"has_location":null,"update_date":"2026-04-27T07:23:30","atum_locations":[],"atum_stock_status":"instock","restock_status":false,"low_stock_amount":"","sales_update_date":"2026-02-06T00:01:38","calc_backorders":null,"_links":{"self":[{"href":"https:\/\/aromasentia.com\/no\/wp-json\/wp\/v2\/product\/204234","targetHints":{"allow":["GET"]}}],"collection":[{"href":"https:\/\/aromasentia.com\/no\/wp-json\/wp\/v2\/product"}],"about":[{"href":"https:\/\/aromasentia.com\/no\/wp-json\/wp\/v2\/types\/product"}],"replies":[{"embeddable":true,"href":"https:\/\/aromasentia.com\/no\/wp-json\/wp\/v2\/comments?post=204234"}],"version-history":[{"count":0,"href":"https:\/\/aromasentia.com\/no\/wp-json\/wp\/v2\/product\/204234\/revisions"}],"wp:featuredmedia":[{"embeddable":true,"href":"https:\/\/aromasentia.com\/no\/wp-json\/wp\/v2\/media\/413335"}],"wp:attachment":[{"href":"https:\/\/aromasentia.com\/no\/wp-json\/wp\/v2\/media?parent=204234"}],"wp:term":[{"taxonomy":"product_brand","embeddable":true,"href":"https:\/\/aromasentia.com\/no\/wp-json\/wp\/v2\/product_brand?post=204234"},{"taxonomy":"product_cat","embeddable":true,"href":"https:\/\/aromasentia.com\/no\/wp-json\/wp\/v2\/product_cat?post=204234"},{"taxonomy":"product_tag","embeddable":true,"href":"https:\/\/aromasentia.com\/no\/wp-json\/wp\/v2\/product_tag?post=204234"}],"curies":[{"name":"wp","href":"https:\/\/api.w.org\/{rel}","templated":true}]}}