{"id":204228,"date":"2025-03-23T10:31:40","date_gmt":"2025-03-23T10:31:40","guid":{"rendered":"https:\/\/aromasentia.com\/product\/bamboo-incense-cones\/"},"modified":"2025-05-31T00:37:33","modified_gmt":"2025-05-31T00:37:33","slug":"rokelseskjegler-av-bambus","status":"publish","type":"product","link":"https:\/\/aromasentia.com\/no\/rokelseskjegler-av-bambus\/","title":{"rendered":"R\u00f8kelseskjegler Av Bambus"},"content":{"rendered":"<p><strong>R\u00f8kelseskjeglene av bambus<\/strong> vil fylle hjemmet ditt med en varm, klassisk duft og rik aroma.<\/p>\n<p>Bare tenn tuppen av r\u00f8kelseskjeglen og vent til den gl\u00f8der. Bl\u00e5s deretter ut flammen og plasser den i en r\u00f8kelsesholder for en vakker duft i hele hjemmet.<\/p>\n<p><strong>Inneholder ca. 15 r\u00f8kelseskjegler og en metallholder.<\/strong><\/p>\n<p><strong>Brennetid ca. 20 minutter per kjegle.<\/strong><\/p>\n","protected":false},"excerpt":{"rendered":"<p>R\u00f8kelseskjeglene av bambus vil fylle hjemmet ditt med en varm, klassisk duft og rik aroma. Bare tenn tuppen av r\u00f8kelseskjeglen og vent til den gl\u00f8der. Bl\u00e5s deretter ut flammen og plasser den i en r\u00f8kelsesholder for en vakker duft i hele hjemmet. Inneholder ca. 15 r\u00f8kelseskjegler og en metallholder. Brennetid ca. 20 minutter per kjegle.<\/p>\n","protected":false},"featured_media":413249,"comment_status":"closed","ping_status":"open","template":"","meta":{"_angie_page":false},"product_brand":[27141],"product_cat":[8747,8792],"product_tag":[],"class_list":{"0":"post-204228","1":"product","2":"type-product","3":"status-publish","4":"has-post-thumbnail","6":"product_brand-stamford","7":"product_cat-rokelse-og-rokelsesholdere","8":"product_cat-rokelseskjegler","9":"pa_collection-stamford-premium-incense-cones-no","10":"pa_made-in-india","12":"first","13":"instock","14":"purchasable","15":"product-type-simple"},"supplier_id":null,"supplier_sku":"StamC-18","barcode":null,"atum_controlled":true,"out_stock_date":null,"out_stock_threshold":null,"inheritable":false,"inbound_stock":null,"stock_on_hold":0,"sold_today":0,"sales_last_days":0,"reserved_stock":null,"customer_returns":null,"warehouse_damage":null,"lost_in_post":null,"other_logs":null,"out_stock_days":0,"lost_sales":0,"has_location":null,"update_date":"2026-04-27T07:23:25","atum_locations":[],"atum_stock_status":"instock","restock_status":false,"low_stock_amount":"","sales_update_date":"2026-02-06T00:01:46","calc_backorders":null,"_links":{"self":[{"href":"https:\/\/aromasentia.com\/no\/wp-json\/wp\/v2\/product\/204228","targetHints":{"allow":["GET"]}}],"collection":[{"href":"https:\/\/aromasentia.com\/no\/wp-json\/wp\/v2\/product"}],"about":[{"href":"https:\/\/aromasentia.com\/no\/wp-json\/wp\/v2\/types\/product"}],"replies":[{"embeddable":true,"href":"https:\/\/aromasentia.com\/no\/wp-json\/wp\/v2\/comments?post=204228"}],"version-history":[{"count":0,"href":"https:\/\/aromasentia.com\/no\/wp-json\/wp\/v2\/product\/204228\/revisions"}],"wp:featuredmedia":[{"embeddable":true,"href":"https:\/\/aromasentia.com\/no\/wp-json\/wp\/v2\/media\/413249"}],"wp:attachment":[{"href":"https:\/\/aromasentia.com\/no\/wp-json\/wp\/v2\/media?parent=204228"}],"wp:term":[{"taxonomy":"product_brand","embeddable":true,"href":"https:\/\/aromasentia.com\/no\/wp-json\/wp\/v2\/product_brand?post=204228"},{"taxonomy":"product_cat","embeddable":true,"href":"https:\/\/aromasentia.com\/no\/wp-json\/wp\/v2\/product_cat?post=204228"},{"taxonomy":"product_tag","embeddable":true,"href":"https:\/\/aromasentia.com\/no\/wp-json\/wp\/v2\/product_tag?post=204228"}],"curies":[{"name":"wp","href":"https:\/\/api.w.org\/{rel}","templated":true}]}}