{"id":204216,"date":"2025-03-23T10:31:40","date_gmt":"2025-03-23T10:31:40","guid":{"rendered":"https:\/\/aromasentia.com\/product\/californian-white-sage-incense-cones\/"},"modified":"2025-05-31T00:36:56","modified_gmt":"2025-05-31T00:36:56","slug":"californisk-hvit-salvie-rokelseskjegler","status":"publish","type":"product","link":"https:\/\/aromasentia.com\/no\/californisk-hvit-salvie-rokelseskjegler\/","title":{"rendered":"Californisk Hvit Salvie R\u00f8kelseskjegler"},"content":{"rendered":"<p>Disse<strong>Stamford Premium R\u00f8kelseskjeglene &#8211; Californian White Sage<\/strong> vil l\u00f8fte deg opp med delikate dufter og gi deg herlig avslapning. De fantastiske duftene er milde og langvarige, perfekte for avslapning eller meditasjon.<\/p>\n<p>Bare tenn tuppen av r\u00f8kelseskjeglen og vent til den gl\u00f8der. Bl\u00e5s deretter ut flammen og plasser den i en r\u00f8kelsesholder for en vakker duft i hele hjemmet.<\/p>\n<p><strong>En pakke inneholder ca. 15 r\u00f8kelseskjegler og en metallholder.<\/strong><\/p>\n<p><strong>Brennetid ca. 20 minutter per kjegle.<\/strong><\/p>\n","protected":false},"excerpt":{"rendered":"<p>DisseStamford Premium R\u00f8kelseskjeglene &#8211; Californian White Sage vil l\u00f8fte deg opp med delikate dufter og gi deg herlig avslapning. De fantastiske duftene er milde og langvarige, perfekte for avslapning eller meditasjon. Bare tenn tuppen av r\u00f8kelseskjeglen og vent til den gl\u00f8der. Bl\u00e5s deretter ut flammen og plasser den i en r\u00f8kelsesholder for en vakker duft [&hellip;]<\/p>\n","protected":false},"featured_media":413069,"comment_status":"closed","ping_status":"open","template":"","meta":[],"product_brand":[27141],"product_cat":[25843,26493,8747,8792,26862],"product_tag":[],"class_list":{"0":"post-204216","1":"product","2":"type-product","3":"status-publish","4":"has-post-thumbnail","6":"product_brand-stamford","7":"product_cat-dufter-aromaer","8":"product_cat-hvit-salvie","9":"product_cat-rokelse-og-rokelsesholdere","10":"product_cat-rokelseskjegler","11":"product_cat-urte-aromatisk","12":"pa_collection-stamford-premium-incense-cones-no","13":"pa_made-in-india","15":"first","16":"instock","17":"purchasable","18":"product-type-simple"},"supplier_id":null,"supplier_sku":"StamC-21","barcode":null,"atum_controlled":true,"out_stock_date":null,"out_stock_threshold":null,"inheritable":false,"inbound_stock":null,"stock_on_hold":0,"sold_today":0,"sales_last_days":0,"reserved_stock":null,"customer_returns":null,"warehouse_damage":null,"lost_in_post":null,"other_logs":null,"out_stock_days":0,"lost_sales":0,"has_location":null,"update_date":"2026-02-12T03:44:41","atum_locations":[],"atum_stock_status":"instock","restock_status":false,"low_stock_amount":"","sales_update_date":"2026-01-30T01:24:33","calc_backorders":null,"_links":{"self":[{"href":"https:\/\/aromasentia.com\/no\/wp-json\/wp\/v2\/product\/204216","targetHints":{"allow":["GET"]}}],"collection":[{"href":"https:\/\/aromasentia.com\/no\/wp-json\/wp\/v2\/product"}],"about":[{"href":"https:\/\/aromasentia.com\/no\/wp-json\/wp\/v2\/types\/product"}],"replies":[{"embeddable":true,"href":"https:\/\/aromasentia.com\/no\/wp-json\/wp\/v2\/comments?post=204216"}],"version-history":[{"count":0,"href":"https:\/\/aromasentia.com\/no\/wp-json\/wp\/v2\/product\/204216\/revisions"}],"wp:featuredmedia":[{"embeddable":true,"href":"https:\/\/aromasentia.com\/no\/wp-json\/wp\/v2\/media\/413069"}],"wp:attachment":[{"href":"https:\/\/aromasentia.com\/no\/wp-json\/wp\/v2\/media?parent=204216"}],"wp:term":[{"taxonomy":"product_brand","embeddable":true,"href":"https:\/\/aromasentia.com\/no\/wp-json\/wp\/v2\/product_brand?post=204216"},{"taxonomy":"product_cat","embeddable":true,"href":"https:\/\/aromasentia.com\/no\/wp-json\/wp\/v2\/product_cat?post=204216"},{"taxonomy":"product_tag","embeddable":true,"href":"https:\/\/aromasentia.com\/no\/wp-json\/wp\/v2\/product_tag?post=204216"}],"curies":[{"name":"wp","href":"https:\/\/api.w.org\/{rel}","templated":true}]}}