{"id":204197,"date":"2025-03-23T10:31:48","date_gmt":"2025-03-23T10:31:48","guid":{"rendered":"https:\/\/aromasentia.com\/product\/tribal-soul-backflow-incesne-myrrh\/"},"modified":"2025-05-31T00:36:03","modified_gmt":"2025-05-31T00:36:03","slug":"tribal-soul-backflow-rokelse-myrra","status":"publish","type":"product","link":"https:\/\/aromasentia.com\/no\/tribal-soul-backflow-rokelse-myrra\/","title":{"rendered":"Tribal Soul Backflow R\u00f8kelse &#8211; Myrra"},"content":{"rendered":"<p><span style=\"color: rgb(75, 80, 88);\">Disse premium <strong>Aroma Sentia-ping Tribal Soul Backflow Incense &#8211; Myrra-kjegler<\/strong>&nbsp; er perfekte for bruk med tilbakestr\u00f8mningsbrennere.<\/span><\/p>\n<p><span style=\"color: rgb(75, 80, 88);\">Vakkert pakket i dekorative esker og dynket i aromatiske oljer for en fantastisk duft.<\/span><\/p>\n<p><span style=\"color: rgb(75, 80, 88);\">Disse tilbakestr\u00f8mningsr\u00f8kelseskjeglene er designet for \u00e5 ta deg til ditt lykkelige sted, og er den perfekte gaven til de som elsker en fin duft eller bare en godbit til deg selv.<\/span><\/p>\n<p><span style=\"color: rgb(75, 80, 88);\"><strong>Brennetid: Ca. 40 min<\/strong><\/span><\/p>\n<p><span style=\"color: rgb(75, 80, 88);\"><strong>H<\/strong><\/span><strong><span style=\"color: rgb(75, 80, 88);\"><strong>Hver pakke inneholder 10 tilbakestr\u00f8mningsr\u00f8kelser kjegler.<\/strong><\/span><\/strong><\/p>\n","protected":false},"excerpt":{"rendered":"<p>Disse premium Aroma Sentia-ping Tribal Soul Backflow Incense &#8211; Myrra-kjegler&nbsp; er perfekte for bruk med tilbakestr\u00f8mningsbrennere. Vakkert pakket i dekorative esker og dynket i aromatiske oljer for en fantastisk duft. Disse tilbakestr\u00f8mningsr\u00f8kelseskjeglene er designet for \u00e5 ta deg til ditt lykkelige sted, og er den perfekte gaven til de som elsker en fin duft eller [&hellip;]<\/p>\n","protected":false},"featured_media":414622,"comment_status":"closed","ping_status":"open","template":"","meta":{"_angie_page":false},"product_brand":[27147],"product_cat":[25843,26883,26282,8747,8792],"product_tag":[],"class_list":{"0":"post-204197","1":"product","2":"type-product","3":"status-publish","4":"has-post-thumbnail","6":"product_brand-tribal-soul","7":"product_cat-dufter-aromaer","8":"product_cat-harpiksaktig-balsamisk","9":"product_cat-myrt","10":"product_cat-rokelse-og-rokelsesholdere","11":"product_cat-rokelseskjegler","12":"pa_collection-tribal-soul-premium-backflow-incense-cones-no","13":"pa_made-in-india","15":"first","16":"instock","17":"purchasable","18":"product-type-simple"},"supplier_id":null,"supplier_sku":"TribalBF-04","barcode":null,"atum_controlled":true,"out_stock_date":null,"out_stock_threshold":null,"inheritable":false,"inbound_stock":null,"stock_on_hold":0,"sold_today":0,"sales_last_days":0,"reserved_stock":null,"customer_returns":null,"warehouse_damage":null,"lost_in_post":null,"other_logs":null,"out_stock_days":0,"lost_sales":0,"has_location":null,"update_date":"2026-04-30T06:45:56","atum_locations":[],"atum_stock_status":"instock","restock_status":false,"low_stock_amount":"","sales_update_date":"2025-09-03T00:17:48","calc_backorders":null,"_links":{"self":[{"href":"https:\/\/aromasentia.com\/no\/wp-json\/wp\/v2\/product\/204197","targetHints":{"allow":["GET"]}}],"collection":[{"href":"https:\/\/aromasentia.com\/no\/wp-json\/wp\/v2\/product"}],"about":[{"href":"https:\/\/aromasentia.com\/no\/wp-json\/wp\/v2\/types\/product"}],"replies":[{"embeddable":true,"href":"https:\/\/aromasentia.com\/no\/wp-json\/wp\/v2\/comments?post=204197"}],"version-history":[{"count":0,"href":"https:\/\/aromasentia.com\/no\/wp-json\/wp\/v2\/product\/204197\/revisions"}],"wp:featuredmedia":[{"embeddable":true,"href":"https:\/\/aromasentia.com\/no\/wp-json\/wp\/v2\/media\/414622"}],"wp:attachment":[{"href":"https:\/\/aromasentia.com\/no\/wp-json\/wp\/v2\/media?parent=204197"}],"wp:term":[{"taxonomy":"product_brand","embeddable":true,"href":"https:\/\/aromasentia.com\/no\/wp-json\/wp\/v2\/product_brand?post=204197"},{"taxonomy":"product_cat","embeddable":true,"href":"https:\/\/aromasentia.com\/no\/wp-json\/wp\/v2\/product_cat?post=204197"},{"taxonomy":"product_tag","embeddable":true,"href":"https:\/\/aromasentia.com\/no\/wp-json\/wp\/v2\/product_tag?post=204197"}],"curies":[{"name":"wp","href":"https:\/\/api.w.org\/{rel}","templated":true}]}}