{"id":204191,"date":"2025-03-23T10:31:48","date_gmt":"2025-03-23T10:31:48","guid":{"rendered":"https:\/\/aromasentia.com\/product\/buddha-long-leaf-tibetan-decor-incense-holder\/"},"modified":"2025-05-31T00:35:45","modified_gmt":"2025-05-31T00:35:45","slug":"tibetansk-rokelseholder-med-lange-blader-fra-buddha","status":"publish","type":"product","link":"https:\/\/aromasentia.com\/no\/tibetansk-rokelseholder-med-lange-blader-fra-buddha\/","title":{"rendered":"Tibetansk R\u00f8kelseholder med Lange Blader Fra Buddha"},"content":{"rendered":"<p><span style=\"color: rgb(75, 80, 88);\"><strong>Fordyp kundene dine i mystikken til v\u00e5re tibetanske r\u00f8kelsesholdere for dekorasjon<\/strong>, en kolleksjon der hvert stykke er et kj\u00e6rlighetsarbeid, h\u00e5ndlaget fra Indias hjerteland.<\/span><\/p>\n<p><span style=\"color: rgb(75, 80, 88);\"><strong>Fargepaletten av r\u00f8d, dypbl\u00e5 og turkis,<\/strong> kombinert med s\u00f8lvmetall<strong>og gulldetaljer<\/strong>, gir et lag med dybde og rikdom til hvert stykke. <strong>De reflekterer en forbindelse til<\/strong> det guddommelige, de naturlige elementene og den dype l\u00e6ren til <strong>buddhismen<\/strong>, noe som gj\u00f8r hvert stykke ikke bare til en funksjonell gjenstand, men et symbol p\u00e5 tibetansk kultur og spiritualitet.<\/span><\/p>\n<p><span style=\"color: rgb(75, 80, 88);\">Buddha Long Leaf Tibetan Decor R\u00f8kelsesholder tilbyr et fristed for opplysning og fred.<\/span><\/p>\n<p><span style=\"color: rgb(75, 80, 88);\">Dette designet har den fredfulle Buddha, som symboliserer reisen til selvoppdagelse og opplysning, vugget i omfavnelsen av en lang, bladformet holder. De h\u00e5ndlagte keramiske delene skimrer i fargetoner av himmel og hav<\/span><\/p>\n<p><span style=\"color: rgb(75, 80, 88);\"><strong>M\u00e5l:<\/strong><\/span><\/p>\n<p><em>30 x 5,5 x 5,5 cm<\/em> <\/p>\n","protected":false},"excerpt":{"rendered":"<p>Fordyp kundene dine i mystikken til v\u00e5re tibetanske r\u00f8kelsesholdere for dekorasjon, en kolleksjon der hvert stykke er et kj\u00e6rlighetsarbeid, h\u00e5ndlaget fra Indias hjerteland. Fargepaletten av r\u00f8d, dypbl\u00e5 og turkis, kombinert med s\u00f8lvmetallog gulldetaljer, gir et lag med dybde og rikdom til hvert stykke. De reflekterer en forbindelse til det guddommelige, de naturlige elementene og den [&hellip;]<\/p>\n","protected":false},"featured_media":414496,"comment_status":"closed","ping_status":"open","template":"","meta":{"_angie_page":false},"product_brand":[],"product_cat":[8747,8751,8748],"product_tag":[],"class_list":{"0":"post-204191","1":"product","2":"type-product","3":"status-publish","4":"has-post-thumbnail","6":"product_cat-rokelse-og-rokelsesholdere","7":"product_cat-rokelseholder-for-rokelsekjegler","8":"product_cat-rokelsesholdere-og-rokelsesbrennere","9":"pa_collection-tibetan-decor-incense-holders-no","10":"pa_made-in-india","12":"first","13":"instock","14":"purchasable","15":"product-type-simple"},"supplier_id":null,"supplier_sku":"TDIH-05","barcode":null,"atum_controlled":true,"out_stock_date":null,"out_stock_threshold":null,"inheritable":false,"inbound_stock":null,"stock_on_hold":0,"sold_today":0,"sales_last_days":0,"reserved_stock":null,"customer_returns":null,"warehouse_damage":null,"lost_in_post":null,"other_logs":null,"out_stock_days":0,"lost_sales":0,"has_location":null,"update_date":"2026-04-30T01:02:25","atum_locations":[],"atum_stock_status":"instock","restock_status":false,"low_stock_amount":"","sales_update_date":"2025-09-03T00:17:46","calc_backorders":null,"_links":{"self":[{"href":"https:\/\/aromasentia.com\/no\/wp-json\/wp\/v2\/product\/204191","targetHints":{"allow":["GET"]}}],"collection":[{"href":"https:\/\/aromasentia.com\/no\/wp-json\/wp\/v2\/product"}],"about":[{"href":"https:\/\/aromasentia.com\/no\/wp-json\/wp\/v2\/types\/product"}],"replies":[{"embeddable":true,"href":"https:\/\/aromasentia.com\/no\/wp-json\/wp\/v2\/comments?post=204191"}],"version-history":[{"count":0,"href":"https:\/\/aromasentia.com\/no\/wp-json\/wp\/v2\/product\/204191\/revisions"}],"wp:featuredmedia":[{"embeddable":true,"href":"https:\/\/aromasentia.com\/no\/wp-json\/wp\/v2\/media\/414496"}],"wp:attachment":[{"href":"https:\/\/aromasentia.com\/no\/wp-json\/wp\/v2\/media?parent=204191"}],"wp:term":[{"taxonomy":"product_brand","embeddable":true,"href":"https:\/\/aromasentia.com\/no\/wp-json\/wp\/v2\/product_brand?post=204191"},{"taxonomy":"product_cat","embeddable":true,"href":"https:\/\/aromasentia.com\/no\/wp-json\/wp\/v2\/product_cat?post=204191"},{"taxonomy":"product_tag","embeddable":true,"href":"https:\/\/aromasentia.com\/no\/wp-json\/wp\/v2\/product_tag?post=204191"}],"curies":[{"name":"wp","href":"https:\/\/api.w.org\/{rel}","templated":true}]}}