{"id":204177,"date":"2025-03-23T10:31:48","date_gmt":"2025-03-23T10:31:48","guid":{"rendered":"https:\/\/aromasentia.com\/product\/midnight-calm-premium-incense\/"},"modified":"2025-05-31T00:35:00","modified_gmt":"2025-05-31T00:35:00","slug":"midnight-calm-premium-rokelse","status":"publish","type":"product","link":"https:\/\/aromasentia.com\/no\/midnight-calm-premium-rokelse\/","title":{"rendered":"Midnight Calm Premium R\u00f8kelse"},"content":{"rendered":"<p>Wholesale Stamford Hexagonal Incense Sticks lar deg lene deg tilbake, slappe av og nyte subtiliteten til denne duften og aromaen n\u00e5r du lar r\u00f8kelsen infisere luften rundt deg.<\/p>\n<p>Dette sortimentet av r\u00f8kelsepinner lar deg skape den perfekte stemningen for avslapning, underholdning og et virkelig stilig hjem. Med dufter av god kvalitet i hvert design vil du ha noe spesielt \u00e5 velge mellom for alle kunder.<\/p>\n","protected":false},"excerpt":{"rendered":"<p>Wholesale Stamford Hexagonal Incense Sticks lar deg lene deg tilbake, slappe av og nyte subtiliteten til denne duften og aromaen n\u00e5r du lar r\u00f8kelsen infisere luften rundt deg. Dette sortimentet av r\u00f8kelsepinner lar deg skape den perfekte stemningen for avslapning, underholdning og et virkelig stilig hjem. Med dufter av god kvalitet i hvert design vil [&hellip;]<\/p>\n","protected":false},"featured_media":414026,"comment_status":"closed","ping_status":"open","template":"","meta":{"_angie_page":false},"product_brand":[27141],"product_cat":[8747,8758],"product_tag":[],"class_list":{"0":"post-204177","1":"product","2":"type-product","3":"status-publish","4":"has-post-thumbnail","6":"product_brand-stamford","7":"product_cat-rokelse-og-rokelsesholdere","8":"product_cat-rokelsespinner","9":"pa_collection-stamford-premium-incense-sticks-no","10":"pa_made-in-india","12":"first","13":"instock","14":"purchasable","15":"product-type-simple"},"supplier_id":null,"supplier_sku":"StamFP-48","barcode":null,"atum_controlled":true,"out_stock_date":null,"out_stock_threshold":null,"inheritable":false,"inbound_stock":null,"stock_on_hold":0,"sold_today":0,"sales_last_days":0,"reserved_stock":null,"customer_returns":null,"warehouse_damage":null,"lost_in_post":null,"other_logs":null,"out_stock_days":0,"lost_sales":0,"has_location":null,"update_date":"2026-04-27T07:23:41","atum_locations":[],"atum_stock_status":"instock","restock_status":false,"low_stock_amount":"","sales_update_date":"2025-09-03T00:17:43","calc_backorders":null,"_links":{"self":[{"href":"https:\/\/aromasentia.com\/no\/wp-json\/wp\/v2\/product\/204177","targetHints":{"allow":["GET"]}}],"collection":[{"href":"https:\/\/aromasentia.com\/no\/wp-json\/wp\/v2\/product"}],"about":[{"href":"https:\/\/aromasentia.com\/no\/wp-json\/wp\/v2\/types\/product"}],"replies":[{"embeddable":true,"href":"https:\/\/aromasentia.com\/no\/wp-json\/wp\/v2\/comments?post=204177"}],"version-history":[{"count":0,"href":"https:\/\/aromasentia.com\/no\/wp-json\/wp\/v2\/product\/204177\/revisions"}],"wp:featuredmedia":[{"embeddable":true,"href":"https:\/\/aromasentia.com\/no\/wp-json\/wp\/v2\/media\/414026"}],"wp:attachment":[{"href":"https:\/\/aromasentia.com\/no\/wp-json\/wp\/v2\/media?parent=204177"}],"wp:term":[{"taxonomy":"product_brand","embeddable":true,"href":"https:\/\/aromasentia.com\/no\/wp-json\/wp\/v2\/product_brand?post=204177"},{"taxonomy":"product_cat","embeddable":true,"href":"https:\/\/aromasentia.com\/no\/wp-json\/wp\/v2\/product_cat?post=204177"},{"taxonomy":"product_tag","embeddable":true,"href":"https:\/\/aromasentia.com\/no\/wp-json\/wp\/v2\/product_tag?post=204177"}],"curies":[{"name":"wp","href":"https:\/\/api.w.org\/{rel}","templated":true}]}}