{"id":204172,"date":"2025-03-23T10:31:48","date_gmt":"2025-03-23T10:31:48","guid":{"rendered":"https:\/\/aromasentia.com\/product\/violet-premium-incense-sticks\/"},"modified":"2025-05-31T00:34:48","modified_gmt":"2025-05-31T00:34:48","slug":"premium-rokelsespinner-i-fiolett","status":"publish","type":"product","link":"https:\/\/aromasentia.com\/no\/premium-rokelsespinner-i-fiolett\/","title":{"rendered":"Premium R\u00f8kelsespinner I Fiolett"},"content":{"rendered":"<p><strong>Violet Wholesale Stamford Hexagonal Incense Sticks<\/strong> lar deg lene deg tilbake, slappe av og nyte den subtile duften og aromaen mens du lar r\u00f8kelsen fylle luften rundt deg.&nbsp;<\/p>\n<p>Med disse r\u00f8kelsespinnene kan du skape den perfekte stemningen for avslapning, underholdning og et virkelig stilig hjem. Med dufter av god kvalitet i hvert design har vi noe som passer perfekt for alle.&nbsp;<\/p>\n<p>Tenn bare p\u00e5 tuppen av r\u00f8kelsespinnen og vent til den gl\u00f8der. Bl\u00e5s deretter ut flammen og plasser den i en r\u00f8kelsesholder for vakker duft i hele hjemmet.&nbsp;<\/p>\n<p>Pakke med r\u00f8kelsepinner med kjerne<\/p>\n<p>Inneholder ca. 20 r\u00f8kelsepinner<\/p>\n<p>Brenntid ca. 30 minutter pr. pinne<\/p>\n<p>Brenntid ca. 30 minutter pr. pinne. per pinne<\/p>\n<p>For best resultat, plasser i en r\u00f8kelsesholder<\/p>\n<p>Laget kun av parfymerir\u00e5varer<\/p>\n<p>Emballasjen er resirkulerbar<\/p>\n<\/p>\n<p>Emballasjen er resirkulerbar<\/p>\n<\/p>\n<p>.<\/p>\n","protected":false},"excerpt":{"rendered":"<p>Violet Wholesale Stamford Hexagonal Incense Sticks lar deg lene deg tilbake, slappe av og nyte den subtile duften og aromaen mens du lar r\u00f8kelsen fylle luften rundt deg.&nbsp; Med disse r\u00f8kelsespinnene kan du skape den perfekte stemningen for avslapning, underholdning og et virkelig stilig hjem. Med dufter av god kvalitet i hvert design har vi [&hellip;]<\/p>\n","protected":false},"featured_media":642730,"comment_status":"closed","ping_status":"open","template":"","meta":{"_angie_page":false},"product_brand":[27141],"product_cat":[8747,8758],"product_tag":[],"class_list":{"0":"post-204172","1":"product","2":"type-product","3":"status-publish","4":"has-post-thumbnail","6":"product_brand-stamford","7":"product_cat-rokelse-og-rokelsesholdere","8":"product_cat-rokelsespinner","9":"pa_collection-stamford-premium-incense-sticks-no","10":"pa_made-in-india","12":"first","13":"instock","14":"purchasable","15":"product-type-simple"},"supplier_id":null,"supplier_sku":"StamFP-37","barcode":null,"atum_controlled":true,"out_stock_date":null,"out_stock_threshold":null,"inheritable":false,"inbound_stock":null,"stock_on_hold":0,"sold_today":0,"sales_last_days":0,"reserved_stock":null,"customer_returns":null,"warehouse_damage":null,"lost_in_post":null,"other_logs":null,"out_stock_days":0,"lost_sales":0,"has_location":null,"update_date":"2026-05-08T05:20:17","atum_locations":[],"atum_stock_status":"instock","restock_status":false,"low_stock_amount":"","sales_update_date":"2026-01-30T01:26:28","calc_backorders":null,"_links":{"self":[{"href":"https:\/\/aromasentia.com\/no\/wp-json\/wp\/v2\/product\/204172","targetHints":{"allow":["GET"]}}],"collection":[{"href":"https:\/\/aromasentia.com\/no\/wp-json\/wp\/v2\/product"}],"about":[{"href":"https:\/\/aromasentia.com\/no\/wp-json\/wp\/v2\/types\/product"}],"replies":[{"embeddable":true,"href":"https:\/\/aromasentia.com\/no\/wp-json\/wp\/v2\/comments?post=204172"}],"version-history":[{"count":0,"href":"https:\/\/aromasentia.com\/no\/wp-json\/wp\/v2\/product\/204172\/revisions"}],"wp:featuredmedia":[{"embeddable":true,"href":"https:\/\/aromasentia.com\/no\/wp-json\/wp\/v2\/media\/642730"}],"wp:attachment":[{"href":"https:\/\/aromasentia.com\/no\/wp-json\/wp\/v2\/media?parent=204172"}],"wp:term":[{"taxonomy":"product_brand","embeddable":true,"href":"https:\/\/aromasentia.com\/no\/wp-json\/wp\/v2\/product_brand?post=204172"},{"taxonomy":"product_cat","embeddable":true,"href":"https:\/\/aromasentia.com\/no\/wp-json\/wp\/v2\/product_cat?post=204172"},{"taxonomy":"product_tag","embeddable":true,"href":"https:\/\/aromasentia.com\/no\/wp-json\/wp\/v2\/product_tag?post=204172"}],"curies":[{"name":"wp","href":"https:\/\/api.w.org\/{rel}","templated":true}]}}