{"id":204171,"date":"2025-03-23T10:31:48","date_gmt":"2025-03-23T10:31:48","guid":{"rendered":"https:\/\/aromasentia.com\/product\/refreshing-premium-incense-sticks\/"},"modified":"2025-05-31T00:34:46","modified_gmt":"2025-05-31T00:34:46","slug":"oppfriskende-premium-rokelsespinner","status":"publish","type":"product","link":"https:\/\/aromasentia.com\/no\/oppfriskende-premium-rokelsespinner\/","title":{"rendered":"Oppfriskende Premium R\u00f8kelsespinner"},"content":{"rendered":"<p>Oppfrisk sansene og l\u00f8ft hum\u00f8ret med disse forfriskende r\u00f8kelsespinnene. Disse r\u00f8kelsespinnene er laget av en blanding av ingredienser av h\u00f8y kvalitet som er kjent for sine energigivende egenskaper, og avgir en langvarig aroma som bidrar til \u00e5 skape en revitaliserende atmosf\u00e6re.<\/p>\n","protected":false},"excerpt":{"rendered":"<p>Oppfrisk sansene og l\u00f8ft hum\u00f8ret med disse forfriskende r\u00f8kelsespinnene. Disse r\u00f8kelsespinnene er laget av en blanding av ingredienser av h\u00f8y kvalitet som er kjent for sine energigivende egenskaper, og avgir en langvarig aroma som bidrar til \u00e5 skape en revitaliserende atmosf\u00e6re.<\/p>\n","protected":false},"featured_media":413972,"comment_status":"closed","ping_status":"open","template":"","meta":{"_angie_page":false},"product_brand":[27141],"product_cat":[8747,8758],"product_tag":[],"class_list":{"0":"post-204171","1":"product","2":"type-product","3":"status-publish","4":"has-post-thumbnail","6":"product_brand-stamford","7":"product_cat-rokelse-og-rokelsesholdere","8":"product_cat-rokelsespinner","9":"pa_collection-stamford-premium-incense-sticks-no","10":"pa_made-in-india","12":"first","13":"instock","14":"purchasable","15":"product-type-simple"},"supplier_id":null,"supplier_sku":"StamFP-36","barcode":null,"atum_controlled":true,"out_stock_date":null,"out_stock_threshold":null,"inheritable":false,"inbound_stock":null,"stock_on_hold":0,"sold_today":0,"sales_last_days":0,"reserved_stock":null,"customer_returns":null,"warehouse_damage":null,"lost_in_post":null,"other_logs":null,"out_stock_days":0,"lost_sales":0,"has_location":null,"update_date":"2026-05-08T05:20:17","atum_locations":[],"atum_stock_status":"instock","restock_status":false,"low_stock_amount":"","sales_update_date":"2026-01-30T01:24:46","calc_backorders":null,"_links":{"self":[{"href":"https:\/\/aromasentia.com\/no\/wp-json\/wp\/v2\/product\/204171","targetHints":{"allow":["GET"]}}],"collection":[{"href":"https:\/\/aromasentia.com\/no\/wp-json\/wp\/v2\/product"}],"about":[{"href":"https:\/\/aromasentia.com\/no\/wp-json\/wp\/v2\/types\/product"}],"replies":[{"embeddable":true,"href":"https:\/\/aromasentia.com\/no\/wp-json\/wp\/v2\/comments?post=204171"}],"version-history":[{"count":0,"href":"https:\/\/aromasentia.com\/no\/wp-json\/wp\/v2\/product\/204171\/revisions"}],"wp:featuredmedia":[{"embeddable":true,"href":"https:\/\/aromasentia.com\/no\/wp-json\/wp\/v2\/media\/413972"}],"wp:attachment":[{"href":"https:\/\/aromasentia.com\/no\/wp-json\/wp\/v2\/media?parent=204171"}],"wp:term":[{"taxonomy":"product_brand","embeddable":true,"href":"https:\/\/aromasentia.com\/no\/wp-json\/wp\/v2\/product_brand?post=204171"},{"taxonomy":"product_cat","embeddable":true,"href":"https:\/\/aromasentia.com\/no\/wp-json\/wp\/v2\/product_cat?post=204171"},{"taxonomy":"product_tag","embeddable":true,"href":"https:\/\/aromasentia.com\/no\/wp-json\/wp\/v2\/product_tag?post=204171"}],"curies":[{"name":"wp","href":"https:\/\/api.w.org\/{rel}","templated":true}]}}