{"id":204163,"date":"2025-03-23T10:31:48","date_gmt":"2025-03-23T10:31:48","guid":{"rendered":"https:\/\/aromasentia.com\/product\/frank-premium-incense-sticks-myrrh-premium-incense-sticks\/"},"modified":"2025-05-31T00:34:20","modified_gmt":"2025-05-31T00:34:20","slug":"frank-premium-rokelsespinner-myrra-premium-rokelsespinner","status":"publish","type":"product","link":"https:\/\/aromasentia.com\/no\/frank-premium-rokelsespinner-myrra-premium-rokelsespinner\/","title":{"rendered":"Frank Premium R\u00f8kelsespinner &#038; Myrra Premium R\u00f8kelsespinner"},"content":{"rendered":"<p>Frankincense &#038;; Myrra r\u00f8kelse er en blanding av to magiske dufter. R\u00f8kelse brukes som en APRODISIAC &#038;; Myrra brukes til \u00e5 skape en sensuell atmosf\u00e6re.<br \/><strong>Wholesale Stamford Hexagonal Incense Sticks<\/strong> lar deg lene deg tilbake, slappe av og nyte subtiliteten til denne duften og aromaen mens du lar r\u00f8kelsen infisere luften rundt deg.<br \/>Dette sortimentet av r\u00f8kelsepinner lar deg skape den perfekte stemningen for avslapning, underholdning og et virkelig stilig hjem. Med dufter av god kvalitet i hvert design har vi noe som passer perfekt for alle.<br \/>Tenn bare p\u00e5 tuppen av r\u00f8kelsespinnen og vent til den gl\u00f8der. Bl\u00e5s deretter ut flammen og plasser den i en r\u00f8kelsesholder for en vakker duft i hele hjemmet.<br \/>Pakke med r\u00f8kelsepinner med kjerne<br \/>Inneholder ca. 20 r\u00f8kelsepinner<br \/>Brenntid ca. 30 minutter per pinne<br \/>For best resultat, plasser den i en r\u00f8kelsesholder<br \/>Laget kun av parfymerir\u00e5varer<br \/>Emballasjen er resirkulerbar<\/p>\n","protected":false},"excerpt":{"rendered":"<p>Frankincense &#038;; Myrra r\u00f8kelse er en blanding av to magiske dufter. R\u00f8kelse brukes som en APRODISIAC &#038;; Myrra brukes til \u00e5 skape en sensuell atmosf\u00e6re.Wholesale Stamford Hexagonal Incense Sticks lar deg lene deg tilbake, slappe av og nyte subtiliteten til denne duften og aromaen mens du lar r\u00f8kelsen infisere luften rundt deg.Dette sortimentet av r\u00f8kelsepinner [&hellip;]<\/p>\n","protected":false},"featured_media":413908,"comment_status":"closed","ping_status":"open","template":"","meta":{"_angie_page":false},"product_brand":[27141],"product_cat":[25843,26883,26282,8747,8758],"product_tag":[],"class_list":{"0":"post-204163","1":"product","2":"type-product","3":"status-publish","4":"has-post-thumbnail","6":"product_brand-stamford","7":"product_cat-dufter-aromaer","8":"product_cat-harpiksaktig-balsamisk","9":"product_cat-myrt","10":"product_cat-rokelse-og-rokelsesholdere","11":"product_cat-rokelsespinner","12":"pa_collection-stamford-premium-incense-sticks-no","13":"pa_made-in-india","15":"first","16":"instock","17":"purchasable","18":"product-type-simple"},"supplier_id":null,"supplier_sku":"StamFP-09","barcode":null,"atum_controlled":true,"out_stock_date":null,"out_stock_threshold":null,"inheritable":false,"inbound_stock":null,"stock_on_hold":0,"sold_today":0,"sales_last_days":0,"reserved_stock":null,"customer_returns":null,"warehouse_damage":null,"lost_in_post":null,"other_logs":null,"out_stock_days":9,"lost_sales":0,"has_location":null,"update_date":"2026-04-27T07:23:30","atum_locations":[],"atum_stock_status":"instock","restock_status":false,"low_stock_amount":"","sales_update_date":"2026-01-30T01:25:00","calc_backorders":null,"_links":{"self":[{"href":"https:\/\/aromasentia.com\/no\/wp-json\/wp\/v2\/product\/204163","targetHints":{"allow":["GET"]}}],"collection":[{"href":"https:\/\/aromasentia.com\/no\/wp-json\/wp\/v2\/product"}],"about":[{"href":"https:\/\/aromasentia.com\/no\/wp-json\/wp\/v2\/types\/product"}],"replies":[{"embeddable":true,"href":"https:\/\/aromasentia.com\/no\/wp-json\/wp\/v2\/comments?post=204163"}],"version-history":[{"count":0,"href":"https:\/\/aromasentia.com\/no\/wp-json\/wp\/v2\/product\/204163\/revisions"}],"wp:featuredmedia":[{"embeddable":true,"href":"https:\/\/aromasentia.com\/no\/wp-json\/wp\/v2\/media\/413908"}],"wp:attachment":[{"href":"https:\/\/aromasentia.com\/no\/wp-json\/wp\/v2\/media?parent=204163"}],"wp:term":[{"taxonomy":"product_brand","embeddable":true,"href":"https:\/\/aromasentia.com\/no\/wp-json\/wp\/v2\/product_brand?post=204163"},{"taxonomy":"product_cat","embeddable":true,"href":"https:\/\/aromasentia.com\/no\/wp-json\/wp\/v2\/product_cat?post=204163"},{"taxonomy":"product_tag","embeddable":true,"href":"https:\/\/aromasentia.com\/no\/wp-json\/wp\/v2\/product_tag?post=204163"}],"curies":[{"name":"wp","href":"https:\/\/api.w.org\/{rel}","templated":true}]}}