{"id":204161,"date":"2025-03-23T10:31:48","date_gmt":"2025-03-23T10:31:48","guid":{"rendered":"https:\/\/aromasentia.com\/product\/patchouli-premium-incense-sticks\/"},"modified":"2025-05-31T00:34:16","modified_gmt":"2025-05-31T00:34:16","slug":"patchouli-premium-rokelsespinner","status":"publish","type":"product","link":"https:\/\/aromasentia.com\/no\/patchouli-premium-rokelsespinner\/","title":{"rendered":"Patchouli Premium R\u00f8kelsespinner"},"content":{"rendered":"<p>Patchouli er en av de viktigste ingrediensene i enhver parfyme. Patchouliolje utvinnes fra bladene og stilkene til Patchouli-planten, som hovedsakelig vokser i Indonesia. Patchouli-r\u00f8kelse sies \u00e5 virke avslappende og stressreduserende.<br \/><strong>Wholesale Stamford Hexagonal Incense Sticks&nbsp;<\/strong> lar deg lene deg tilbake, slappe av og nyte den subtile duften og aromaen mens du lar r\u00f8kelsen fylle luften rundt deg.<br \/>Med dette sortimentet av r\u00f8kelsespinner kan du skape den perfekte stemningen for avslapning, underholdning og et virkelig stilig hjem. Med dufter av god kvalitet i hvert design har vi noe som passer perfekt for alle.<br \/>Tenn bare p\u00e5 tuppen av r\u00f8kelsespinnen og vent til den gl\u00f8der. Bl\u00e5s deretter ut flammen og plasser den i en r\u00f8kelsesholder for en vakker duft i hele hjemmet.<br \/>Pakke med r\u00f8kelsepinner med kjerne<br \/>Inneholder ca. 20 r\u00f8kelsepinner<br \/>Brenntid ca. 30 minutter per pinne<br \/>For best resultat, plasser den i en r\u00f8kelsesholder<br \/>Laget av parfymer\u00e5varer<br \/>Emballasjen er resirkulerbar<br \/>Emballasjen er resirkulerbar<\/p>\n","protected":false},"excerpt":{"rendered":"<p>Patchouli er en av de viktigste ingrediensene i enhver parfyme. Patchouliolje utvinnes fra bladene og stilkene til Patchouli-planten, som hovedsakelig vokser i Indonesia. Patchouli-r\u00f8kelse sies \u00e5 virke avslappende og stressreduserende.Wholesale Stamford Hexagonal Incense Sticks&nbsp; lar deg lene deg tilbake, slappe av og nyte den subtile duften og aromaen mens du lar r\u00f8kelsen fylle luften rundt [&hellip;]<\/p>\n","protected":false},"featured_media":413890,"comment_status":"closed","ping_status":"open","template":"","meta":{"_angie_page":false},"product_brand":[27141],"product_cat":[25843,26827,26335,8747,8758],"product_tag":[],"class_list":{"0":"post-204161","1":"product","2":"type-product","3":"status-publish","4":"has-post-thumbnail","6":"product_brand-stamford","7":"product_cat-dufter-aromaer","8":"product_cat-jordlig-gronn","9":"product_cat-patchouli","10":"product_cat-rokelse-og-rokelsesholdere","11":"product_cat-rokelsespinner","12":"pa_collection-stamford-premium-incense-sticks-no","13":"pa_made-in-india","15":"first","16":"instock","17":"purchasable","18":"product-type-simple"},"supplier_id":null,"supplier_sku":"StamFP-03","barcode":null,"atum_controlled":true,"out_stock_date":null,"out_stock_threshold":null,"inheritable":false,"inbound_stock":null,"stock_on_hold":0,"sold_today":0,"sales_last_days":0,"reserved_stock":null,"customer_returns":null,"warehouse_damage":null,"lost_in_post":null,"other_logs":null,"out_stock_days":0,"lost_sales":0,"has_location":null,"update_date":"2026-04-27T07:23:30","atum_locations":[],"atum_stock_status":"instock","restock_status":false,"low_stock_amount":"","sales_update_date":"2025-09-03T00:17:40","calc_backorders":null,"_links":{"self":[{"href":"https:\/\/aromasentia.com\/no\/wp-json\/wp\/v2\/product\/204161","targetHints":{"allow":["GET"]}}],"collection":[{"href":"https:\/\/aromasentia.com\/no\/wp-json\/wp\/v2\/product"}],"about":[{"href":"https:\/\/aromasentia.com\/no\/wp-json\/wp\/v2\/types\/product"}],"replies":[{"embeddable":true,"href":"https:\/\/aromasentia.com\/no\/wp-json\/wp\/v2\/comments?post=204161"}],"version-history":[{"count":0,"href":"https:\/\/aromasentia.com\/no\/wp-json\/wp\/v2\/product\/204161\/revisions"}],"wp:featuredmedia":[{"embeddable":true,"href":"https:\/\/aromasentia.com\/no\/wp-json\/wp\/v2\/media\/413890"}],"wp:attachment":[{"href":"https:\/\/aromasentia.com\/no\/wp-json\/wp\/v2\/media?parent=204161"}],"wp:term":[{"taxonomy":"product_brand","embeddable":true,"href":"https:\/\/aromasentia.com\/no\/wp-json\/wp\/v2\/product_brand?post=204161"},{"taxonomy":"product_cat","embeddable":true,"href":"https:\/\/aromasentia.com\/no\/wp-json\/wp\/v2\/product_cat?post=204161"},{"taxonomy":"product_tag","embeddable":true,"href":"https:\/\/aromasentia.com\/no\/wp-json\/wp\/v2\/product_tag?post=204161"}],"curies":[{"name":"wp","href":"https:\/\/api.w.org\/{rel}","templated":true}]}}