{"id":204160,"date":"2025-03-23T10:31:48","date_gmt":"2025-03-23T10:31:48","guid":{"rendered":"https:\/\/aromasentia.com\/product\/jasmine-premium-incense-sticks\/"},"modified":"2025-05-31T00:34:14","modified_gmt":"2025-05-31T00:34:14","slug":"jasmine-premium-rokelsespinner","status":"publish","type":"product","link":"https:\/\/aromasentia.com\/no\/jasmine-premium-rokelsespinner\/","title":{"rendered":"Jasmine Premium R\u00f8kelsespinner"},"content":{"rendered":"<p>Jasminblomster som hovedsakelig stammer fra S\u00f8r-India, er ofte forbundet med kj\u00e6rlighet og velstand. Denne Jasmine-r\u00f8kelsen har en behagelig og langvarig duft.<br \/><strong>Wholesale Stamford Hexagonal Incense Sticks&nbsp;<\/strong> lar deg lene deg tilbake, slappe av og nyte den subtile duften og aromaen mens du lar r\u00f8kelsen fylle luften rundt deg.<br \/>Dette utvalget av r\u00f8kelsespinner lar deg skape den perfekte stemningen for avslapning, underholdning og et virkelig stilig hjem.<br \/>Enkelt \u00e5 tenne p\u00e5 tuppen av r\u00f8kelsespinnen og vente p\u00e5 duften. Med dufter av god kvalitet i hvert design har vi noe som passer perfekt for alle.<br \/>Tenn bare p\u00e5 tuppen av r\u00f8kelsespinnen og vent til den gl\u00f8der. Bl\u00e5s deretter ut flammen og plasser den i en r\u00f8kelsesholder for en vakker duft i hele hjemmet.<br \/>Pakke med r\u00f8kelsepinner med kjerne<br \/>Inneholder ca. 20 r\u00f8kelsepinner<br \/>Brenntid ca. 30 minutter per pinne<br \/>For best resultat, plasser den i en r\u00f8kelsesholder<br \/>Laget av parfymer\u00e5varer<br \/>Emballasjen er resirkulerbar<br \/>Emballasjen er resirkulerbar<\/p>\n","protected":false},"excerpt":{"rendered":"<p>Jasminblomster som hovedsakelig stammer fra S\u00f8r-India, er ofte forbundet med kj\u00e6rlighet og velstand. Denne Jasmine-r\u00f8kelsen har en behagelig og langvarig duft.Wholesale Stamford Hexagonal Incense Sticks&nbsp; lar deg lene deg tilbake, slappe av og nyte den subtile duften og aromaen mens du lar r\u00f8kelsen fylle luften rundt deg.Dette utvalget av r\u00f8kelsespinner lar deg skape den perfekte [&hellip;]<\/p>\n","protected":false},"featured_media":413881,"comment_status":"closed","ping_status":"open","template":"","meta":{"_angie_page":false},"product_brand":[27141],"product_cat":[26834,25843,26222,8747,8758],"product_tag":[],"class_list":{"0":"post-204160","1":"product","2":"type-product","3":"status-publish","4":"has-post-thumbnail","6":"product_brand-stamford","7":"product_cat-blomster","8":"product_cat-dufter-aromaer","9":"product_cat-jasmin","10":"product_cat-rokelse-og-rokelsesholdere","11":"product_cat-rokelsespinner","12":"pa_collection-stamford-premium-incense-sticks-no","13":"pa_made-in-india","15":"first","16":"instock","17":"purchasable","18":"product-type-simple"},"supplier_id":null,"supplier_sku":"StamFP-01","barcode":null,"atum_controlled":true,"out_stock_date":null,"out_stock_threshold":null,"inheritable":false,"inbound_stock":null,"stock_on_hold":0,"sold_today":0,"sales_last_days":0,"reserved_stock":null,"customer_returns":null,"warehouse_damage":null,"lost_in_post":null,"other_logs":null,"out_stock_days":9,"lost_sales":0,"has_location":null,"update_date":"2026-04-27T07:23:30","atum_locations":[],"atum_stock_status":"instock","restock_status":false,"low_stock_amount":"","sales_update_date":"2026-01-30T01:24:54","calc_backorders":null,"_links":{"self":[{"href":"https:\/\/aromasentia.com\/no\/wp-json\/wp\/v2\/product\/204160","targetHints":{"allow":["GET"]}}],"collection":[{"href":"https:\/\/aromasentia.com\/no\/wp-json\/wp\/v2\/product"}],"about":[{"href":"https:\/\/aromasentia.com\/no\/wp-json\/wp\/v2\/types\/product"}],"replies":[{"embeddable":true,"href":"https:\/\/aromasentia.com\/no\/wp-json\/wp\/v2\/comments?post=204160"}],"version-history":[{"count":0,"href":"https:\/\/aromasentia.com\/no\/wp-json\/wp\/v2\/product\/204160\/revisions"}],"wp:featuredmedia":[{"embeddable":true,"href":"https:\/\/aromasentia.com\/no\/wp-json\/wp\/v2\/media\/413881"}],"wp:attachment":[{"href":"https:\/\/aromasentia.com\/no\/wp-json\/wp\/v2\/media?parent=204160"}],"wp:term":[{"taxonomy":"product_brand","embeddable":true,"href":"https:\/\/aromasentia.com\/no\/wp-json\/wp\/v2\/product_brand?post=204160"},{"taxonomy":"product_cat","embeddable":true,"href":"https:\/\/aromasentia.com\/no\/wp-json\/wp\/v2\/product_cat?post=204160"},{"taxonomy":"product_tag","embeddable":true,"href":"https:\/\/aromasentia.com\/no\/wp-json\/wp\/v2\/product_tag?post=204160"}],"curies":[{"name":"wp","href":"https:\/\/api.w.org\/{rel}","templated":true}]}}