{"id":204146,"date":"2025-03-23T10:31:56","date_gmt":"2025-03-23T10:31:56","guid":{"rendered":"https:\/\/aromasentia.com\/product\/vedic-incense-sticks-patchouli\/"},"modified":"2025-05-31T00:33:15","modified_gmt":"2025-05-31T00:33:15","slug":"vedic-rokelsespinner-patchouli","status":"publish","type":"product","link":"https:\/\/aromasentia.com\/no\/vedic-rokelsespinner-patchouli\/","title":{"rendered":"Vedic R\u00f8kelsespinner &#8211; Patchouli"},"content":{"rendered":"<p><span style=\"color: rgb(75, 80, 88);\">Vediske r\u00f8kelsespinner fra <strong>Ancient Wisdom<\/strong> er n\u00f8ye laget for \u00e5 fange essensen av gamle hinduistiske vediske l\u00e6resetninger.<\/span><\/p>\n<p><span style=\"color: rgb(75, 80, 88);\">Laget i den historiske byen Jaipur av r\u00f8kelsesselskapet Aromatika. &nbsp;<\/span><\/p>\n<p><span style=\"color: rgb(75, 80, 88);\">Ekte h\u00e5ndrullede masala r\u00f8kelsespinner. Disse pinnene brenner i 20 minutter eller mer med rike, berusende dufter som vil glede nesen din.&nbsp;<\/span><\/p>\n<p><span style=\"color: rgb(75, 80, 88);\"><strong>Hver eske inneholder 12 r\u00f8kelsespinner (15 g).<\/strong><\/span><\/p>\n<p><a href=\"https:\/\/aromasentia.com\/wooden-incense-holders\">Ideell match til v\u00e5rt utvalg av r\u00f8kelsesholdere<\/a> <span style=\"color: rgb(75, 80, 88);\">&amp;<\/span> <a href=\"https:\/\/aromasentia.com\/wwih\">hvitkalkede r\u00f8kelsesholdere.&nbsp;<\/a><\/p>\n","protected":false},"excerpt":{"rendered":"<p>Vediske r\u00f8kelsespinner fra Ancient Wisdom er n\u00f8ye laget for \u00e5 fange essensen av gamle hinduistiske vediske l\u00e6resetninger. Laget i den historiske byen Jaipur av r\u00f8kelsesselskapet Aromatika. &nbsp; Ekte h\u00e5ndrullede masala r\u00f8kelsespinner. Disse pinnene brenner i 20 minutter eller mer med rike, berusende dufter som vil glede nesen din.&nbsp; Hver eske inneholder 12 r\u00f8kelsespinner (15 g). [&hellip;]<\/p>\n","protected":false},"featured_media":415807,"comment_status":"closed","ping_status":"open","template":"","meta":{"_angie_page":false},"product_brand":[27102],"product_cat":[25843,26827,26335,8747,8758],"product_tag":[],"class_list":{"0":"post-204146","1":"product","2":"type-product","3":"status-publish","4":"has-post-thumbnail","6":"product_brand-aromatika","7":"product_cat-dufter-aromaer","8":"product_cat-jordlig-gronn","9":"product_cat-patchouli","10":"product_cat-rokelse-og-rokelsesholdere","11":"product_cat-rokelsespinner","12":"pa_collection-vedic-masala-incense-sticks-no","13":"pa_made-in-india","15":"first","16":"instock","17":"purchasable","18":"product-type-simple"},"supplier_id":null,"supplier_sku":"Vedic-14","barcode":null,"atum_controlled":true,"out_stock_date":null,"out_stock_threshold":null,"inheritable":false,"inbound_stock":null,"stock_on_hold":0,"sold_today":0,"sales_last_days":0,"reserved_stock":null,"customer_returns":null,"warehouse_damage":null,"lost_in_post":null,"other_logs":null,"out_stock_days":0,"lost_sales":0,"has_location":null,"update_date":"2026-04-27T07:26:08","atum_locations":[],"atum_stock_status":"instock","restock_status":false,"low_stock_amount":"","sales_update_date":"2026-02-06T00:02:29","calc_backorders":null,"_links":{"self":[{"href":"https:\/\/aromasentia.com\/no\/wp-json\/wp\/v2\/product\/204146","targetHints":{"allow":["GET"]}}],"collection":[{"href":"https:\/\/aromasentia.com\/no\/wp-json\/wp\/v2\/product"}],"about":[{"href":"https:\/\/aromasentia.com\/no\/wp-json\/wp\/v2\/types\/product"}],"replies":[{"embeddable":true,"href":"https:\/\/aromasentia.com\/no\/wp-json\/wp\/v2\/comments?post=204146"}],"version-history":[{"count":0,"href":"https:\/\/aromasentia.com\/no\/wp-json\/wp\/v2\/product\/204146\/revisions"}],"wp:featuredmedia":[{"embeddable":true,"href":"https:\/\/aromasentia.com\/no\/wp-json\/wp\/v2\/media\/415807"}],"wp:attachment":[{"href":"https:\/\/aromasentia.com\/no\/wp-json\/wp\/v2\/media?parent=204146"}],"wp:term":[{"taxonomy":"product_brand","embeddable":true,"href":"https:\/\/aromasentia.com\/no\/wp-json\/wp\/v2\/product_brand?post=204146"},{"taxonomy":"product_cat","embeddable":true,"href":"https:\/\/aromasentia.com\/no\/wp-json\/wp\/v2\/product_cat?post=204146"},{"taxonomy":"product_tag","embeddable":true,"href":"https:\/\/aromasentia.com\/no\/wp-json\/wp\/v2\/product_tag?post=204146"}],"curies":[{"name":"wp","href":"https:\/\/api.w.org\/{rel}","templated":true}]}}