{"id":204143,"date":"2025-03-23T10:31:56","date_gmt":"2025-03-23T10:31:56","guid":{"rendered":"https:\/\/aromasentia.com\/product\/vedic-incense-sticks-rose\/"},"modified":"2025-05-31T00:33:06","modified_gmt":"2025-05-31T00:33:06","slug":"vediske-rokelsespinner-rose","status":"publish","type":"product","link":"https:\/\/aromasentia.com\/no\/vediske-rokelsespinner-rose\/","title":{"rendered":"Vediske R\u00f8kelsespinner &#8211; Rose"},"content":{"rendered":"<p>Roser\u00f8kelse har en s\u00f8t duft som kan \u00f8ke kj\u00e6rlighet, medf\u00f8lelse og hengivenhet. Duften av roser gir en f\u00f8lelse av trygghet, fremmer s\u00f8vn, reduserer sinne, er mildt antidepressiv og inngyter en f\u00f8lelse av fred og lykke.<\/p>\n<p>Disse h\u00e5ndrullede r\u00f8kelsespinnene brenner i 20 minutter eller mer med rike, berusende dufter. Laget i den historiske byen Jaipur av r\u00f8kelsesselskapet Aromatika.<\/p>\n<p><a href=\"https:\/\/aromasentia.com\/wooden-incense-holders\">Ideell match til v\u00e5rt utvalg av r\u00f8kelsesholdere<\/a> <span style=\"color: rgb(75, 80, 88);\">&amp;<\/span> <a href=\"https:\/\/aromasentia.com\/wwih\">hvitkalkede r\u00f8kelsesholdere.<\/a><\/p>\n","protected":false},"excerpt":{"rendered":"<p>Roser\u00f8kelse har en s\u00f8t duft som kan \u00f8ke kj\u00e6rlighet, medf\u00f8lelse og hengivenhet. Duften av roser gir en f\u00f8lelse av trygghet, fremmer s\u00f8vn, reduserer sinne, er mildt antidepressiv og inngyter en f\u00f8lelse av fred og lykke. Disse h\u00e5ndrullede r\u00f8kelsespinnene brenner i 20 minutter eller mer med rike, berusende dufter. Laget i den historiske byen Jaipur av [&hellip;]<\/p>\n","protected":false},"featured_media":415740,"comment_status":"closed","ping_status":"open","template":"","meta":{"_angie_page":false},"product_brand":[27102],"product_cat":[26834,25843,8747,8758,26366],"product_tag":[],"class_list":{"0":"post-204143","1":"product","2":"type-product","3":"status-publish","4":"has-post-thumbnail","6":"product_brand-aromatika","7":"product_cat-blomster","8":"product_cat-dufter-aromaer","9":"product_cat-rokelse-og-rokelsesholdere","10":"product_cat-rokelsespinner","11":"product_cat-rose","12":"pa_collection-vedic-masala-incense-sticks-no","13":"pa_made-in-india","15":"first","16":"instock","17":"purchasable","18":"product-type-simple"},"supplier_id":null,"supplier_sku":"Vedic-11","barcode":null,"atum_controlled":true,"out_stock_date":null,"out_stock_threshold":null,"inheritable":false,"inbound_stock":null,"stock_on_hold":0,"sold_today":0,"sales_last_days":0,"reserved_stock":null,"customer_returns":null,"warehouse_damage":null,"lost_in_post":null,"other_logs":null,"out_stock_days":0,"lost_sales":0,"has_location":null,"update_date":"2026-05-08T00:21:47","atum_locations":[],"atum_stock_status":"instock","restock_status":false,"low_stock_amount":"","sales_update_date":"2026-02-06T00:01:18","calc_backorders":null,"_links":{"self":[{"href":"https:\/\/aromasentia.com\/no\/wp-json\/wp\/v2\/product\/204143","targetHints":{"allow":["GET"]}}],"collection":[{"href":"https:\/\/aromasentia.com\/no\/wp-json\/wp\/v2\/product"}],"about":[{"href":"https:\/\/aromasentia.com\/no\/wp-json\/wp\/v2\/types\/product"}],"replies":[{"embeddable":true,"href":"https:\/\/aromasentia.com\/no\/wp-json\/wp\/v2\/comments?post=204143"}],"version-history":[{"count":0,"href":"https:\/\/aromasentia.com\/no\/wp-json\/wp\/v2\/product\/204143\/revisions"}],"wp:featuredmedia":[{"embeddable":true,"href":"https:\/\/aromasentia.com\/no\/wp-json\/wp\/v2\/media\/415740"}],"wp:attachment":[{"href":"https:\/\/aromasentia.com\/no\/wp-json\/wp\/v2\/media?parent=204143"}],"wp:term":[{"taxonomy":"product_brand","embeddable":true,"href":"https:\/\/aromasentia.com\/no\/wp-json\/wp\/v2\/product_brand?post=204143"},{"taxonomy":"product_cat","embeddable":true,"href":"https:\/\/aromasentia.com\/no\/wp-json\/wp\/v2\/product_cat?post=204143"},{"taxonomy":"product_tag","embeddable":true,"href":"https:\/\/aromasentia.com\/no\/wp-json\/wp\/v2\/product_tag?post=204143"}],"curies":[{"name":"wp","href":"https:\/\/api.w.org\/{rel}","templated":true}]}}