{"id":204142,"date":"2025-03-23T10:31:56","date_gmt":"2025-03-23T10:31:56","guid":{"rendered":"https:\/\/aromasentia.com\/product\/vedic-incense-sticks-jasmine\/"},"modified":"2025-05-31T00:33:04","modified_gmt":"2025-05-31T00:33:04","slug":"vediske-rokelsespinner-jasmin","status":"publish","type":"product","link":"https:\/\/aromasentia.com\/no\/vediske-rokelsespinner-jasmin\/","title":{"rendered":"Vediske R\u00f8kelsespinner &#8211; Jasmin"},"content":{"rendered":"<p>Jasminr\u00f8kelse er sensuell, med en rik s\u00f8dme som gir friskhet og komfort til sansene. Duften av jasmin regnes som et antidepressivt middel, antiseptisk middel, afrodisiakum og s\u00f8vnhjelpemiddel. Brenn disse pinnene for lykke, spesielt i saker som gjelder kj\u00e6rlighet.<\/p>\n<p>Disse h\u00e5ndrullede r\u00f8kelsespinnene brenner i 20 minutter eller mer med rike, berusende dufter. Laget i den historiske byen Jaipur av r\u00f8kelsesselskapet Aromatika.<\/p>\n<p><a href=\"https:\/\/aromasentia.com\/wooden-incense-holders\">Ideell match til v\u00e5rt utvalg av r\u00f8kelsesholdere<\/a> <span style=\"color: rgb(75, 80, 88);\">&amp;<\/span> <a href=\"https:\/\/aromasentia.com\/wwih\">hvitkalkede r\u00f8kelsesholdere.<\/a><\/p>\n","protected":false},"excerpt":{"rendered":"<p>Jasminr\u00f8kelse er sensuell, med en rik s\u00f8dme som gir friskhet og komfort til sansene. Duften av jasmin regnes som et antidepressivt middel, antiseptisk middel, afrodisiakum og s\u00f8vnhjelpemiddel. Brenn disse pinnene for lykke, spesielt i saker som gjelder kj\u00e6rlighet. Disse h\u00e5ndrullede r\u00f8kelsespinnene brenner i 20 minutter eller mer med rike, berusende dufter. Laget i den historiske [&hellip;]<\/p>\n","protected":false},"featured_media":415715,"comment_status":"closed","ping_status":"open","template":"","meta":{"_angie_page":false},"product_brand":[27102],"product_cat":[26834,25843,26222,8747,8758],"product_tag":[],"class_list":{"0":"post-204142","1":"product","2":"type-product","3":"status-publish","4":"has-post-thumbnail","6":"product_brand-aromatika","7":"product_cat-blomster","8":"product_cat-dufter-aromaer","9":"product_cat-jasmin","10":"product_cat-rokelse-og-rokelsesholdere","11":"product_cat-rokelsespinner","12":"pa_collection-vedic-masala-incense-sticks-no","13":"pa_made-in-india","15":"first","16":"instock","17":"purchasable","18":"product-type-simple"},"supplier_id":null,"supplier_sku":"Vedic-10","barcode":null,"atum_controlled":true,"out_stock_date":null,"out_stock_threshold":null,"inheritable":false,"inbound_stock":null,"stock_on_hold":0,"sold_today":0,"sales_last_days":0,"reserved_stock":null,"customer_returns":null,"warehouse_damage":null,"lost_in_post":null,"other_logs":null,"out_stock_days":0,"lost_sales":0,"has_location":null,"update_date":"2026-05-08T00:21:47","atum_locations":[],"atum_stock_status":"instock","restock_status":false,"low_stock_amount":"","sales_update_date":"2025-09-03T00:17:35","calc_backorders":null,"_links":{"self":[{"href":"https:\/\/aromasentia.com\/no\/wp-json\/wp\/v2\/product\/204142","targetHints":{"allow":["GET"]}}],"collection":[{"href":"https:\/\/aromasentia.com\/no\/wp-json\/wp\/v2\/product"}],"about":[{"href":"https:\/\/aromasentia.com\/no\/wp-json\/wp\/v2\/types\/product"}],"replies":[{"embeddable":true,"href":"https:\/\/aromasentia.com\/no\/wp-json\/wp\/v2\/comments?post=204142"}],"version-history":[{"count":0,"href":"https:\/\/aromasentia.com\/no\/wp-json\/wp\/v2\/product\/204142\/revisions"}],"wp:featuredmedia":[{"embeddable":true,"href":"https:\/\/aromasentia.com\/no\/wp-json\/wp\/v2\/media\/415715"}],"wp:attachment":[{"href":"https:\/\/aromasentia.com\/no\/wp-json\/wp\/v2\/media?parent=204142"}],"wp:term":[{"taxonomy":"product_brand","embeddable":true,"href":"https:\/\/aromasentia.com\/no\/wp-json\/wp\/v2\/product_brand?post=204142"},{"taxonomy":"product_cat","embeddable":true,"href":"https:\/\/aromasentia.com\/no\/wp-json\/wp\/v2\/product_cat?post=204142"},{"taxonomy":"product_tag","embeddable":true,"href":"https:\/\/aromasentia.com\/no\/wp-json\/wp\/v2\/product_tag?post=204142"}],"curies":[{"name":"wp","href":"https:\/\/api.w.org\/{rel}","templated":true}]}}