{"id":204123,"date":"2025-03-23T10:31:56","date_gmt":"2025-03-23T10:31:56","guid":{"rendered":"https:\/\/aromasentia.com\/product\/50gm-myrrh-resin\/"},"modified":"2025-05-31T00:31:54","modified_gmt":"2025-05-31T00:31:54","slug":"50g-myrraharpiks","status":"publish","type":"product","link":"https:\/\/aromasentia.com\/no\/50g-myrraharpiks\/","title":{"rendered":"50g Myrraharpiks"},"content":{"rendered":"<p>Den r\u00f8ykfylte duften som produseres av brenning av myrraharpiks plassert p\u00e5 kullskiver er ganske unik og utrolig stemningsfull.<\/p>\n<p>Det er virkelig en original, mystisk r\u00f8kelse, som kommer fra raffinert tre- og plantesaft og har blitt brukt over hele verden i tusenvis av \u00e5r.<\/p>\n<p>R\u00f8kelsesharpiks selges i 50 g beger. Vekten er omtrentlig og er rundt 45\u201350 g.<\/p>\n","protected":false},"excerpt":{"rendered":"<p>Den r\u00f8ykfylte duften som produseres av brenning av myrraharpiks plassert p\u00e5 kullskiver er ganske unik og utrolig stemningsfull. Det er virkelig en original, mystisk r\u00f8kelse, som kommer fra raffinert tre- og plantesaft og har blitt brukt over hele verden i tusenvis av \u00e5r. R\u00f8kelsesharpiks selges i 50 g beger. Vekten er omtrentlig og er rundt [&hellip;]<\/p>\n","protected":false},"featured_media":415208,"comment_status":"closed","ping_status":"open","template":"","meta":[],"product_brand":[],"product_cat":[25843,8767,26883,26282,8747],"product_tag":[],"class_list":{"0":"post-204123","1":"product","2":"type-product","3":"status-publish","4":"has-post-thumbnail","6":"product_cat-dufter-aromaer","7":"product_cat-harpiks-og-resinrokelse","8":"product_cat-harpiksaktig-balsamisk","9":"product_cat-myrt","10":"product_cat-rokelse-og-rokelsesholdere","11":"pa_collection-incense-resin-50g-tubs-no","12":"pa_made-in-india","13":"pa_size-50g","15":"first","16":"instock","17":"purchasable","18":"product-type-simple"},"supplier_id":null,"supplier_sku":"TRT-04","barcode":null,"atum_controlled":true,"out_stock_date":null,"out_stock_threshold":null,"inheritable":false,"inbound_stock":null,"stock_on_hold":0,"sold_today":0,"sales_last_days":0,"reserved_stock":null,"customer_returns":null,"warehouse_damage":null,"lost_in_post":null,"other_logs":null,"out_stock_days":0,"lost_sales":0,"has_location":null,"update_date":"2026-01-28T10:28:53","atum_locations":[],"atum_stock_status":"instock","restock_status":false,"low_stock_amount":"","sales_update_date":"2025-09-03T00:17:31","calc_backorders":null,"_links":{"self":[{"href":"https:\/\/aromasentia.com\/no\/wp-json\/wp\/v2\/product\/204123","targetHints":{"allow":["GET"]}}],"collection":[{"href":"https:\/\/aromasentia.com\/no\/wp-json\/wp\/v2\/product"}],"about":[{"href":"https:\/\/aromasentia.com\/no\/wp-json\/wp\/v2\/types\/product"}],"replies":[{"embeddable":true,"href":"https:\/\/aromasentia.com\/no\/wp-json\/wp\/v2\/comments?post=204123"}],"version-history":[{"count":0,"href":"https:\/\/aromasentia.com\/no\/wp-json\/wp\/v2\/product\/204123\/revisions"}],"wp:featuredmedia":[{"embeddable":true,"href":"https:\/\/aromasentia.com\/no\/wp-json\/wp\/v2\/media\/415208"}],"wp:attachment":[{"href":"https:\/\/aromasentia.com\/no\/wp-json\/wp\/v2\/media?parent=204123"}],"wp:term":[{"taxonomy":"product_brand","embeddable":true,"href":"https:\/\/aromasentia.com\/no\/wp-json\/wp\/v2\/product_brand?post=204123"},{"taxonomy":"product_cat","embeddable":true,"href":"https:\/\/aromasentia.com\/no\/wp-json\/wp\/v2\/product_cat?post=204123"},{"taxonomy":"product_tag","embeddable":true,"href":"https:\/\/aromasentia.com\/no\/wp-json\/wp\/v2\/product_tag?post=204123"}],"curies":[{"name":"wp","href":"https:\/\/api.w.org\/{rel}","templated":true}]}}