{"id":204122,"date":"2025-03-23T10:31:56","date_gmt":"2025-03-23T10:31:56","guid":{"rendered":"https:\/\/aromasentia.com\/product\/50gm-three-kings-resin\/"},"modified":"2025-05-31T00:31:52","modified_gmt":"2025-05-31T00:31:52","slug":"50g-three-kings-resin","status":"publish","type":"product","link":"https:\/\/aromasentia.com\/no\/50g-three-kings-resin\/","title":{"rendered":"50g Three Kings Resin"},"content":{"rendered":"<p>Den r\u00f8ykfylte duften som produseres av brenning av Three Kings Resin plassert p\u00e5 kullskiver er ganske unik og utrolig stemningsfull.<\/p>\n<p>Det er virkelig en original, mystisk r\u00f8kelse, som kommer fra raffinert tre- og plantesaft og har blitt brukt over hele verden i tusenvis av \u00e5r.<\/p>\n<p>R\u00f8kelsesharpiks selges i 50 g beger. Vekten er omtrentlig og er rundt 45\u201350 g.<\/p>\n","protected":false},"excerpt":{"rendered":"<p>Den r\u00f8ykfylte duften som produseres av brenning av Three Kings Resin plassert p\u00e5 kullskiver er ganske unik og utrolig stemningsfull. Det er virkelig en original, mystisk r\u00f8kelse, som kommer fra raffinert tre- og plantesaft og har blitt brukt over hele verden i tusenvis av \u00e5r. R\u00f8kelsesharpiks selges i 50 g beger. Vekten er omtrentlig og [&hellip;]<\/p>\n","protected":false},"featured_media":415167,"comment_status":"closed","ping_status":"open","template":"","meta":{"_angie_page":false},"product_brand":[],"product_cat":[8767,8747],"product_tag":[],"class_list":{"0":"post-204122","1":"product","2":"type-product","3":"status-publish","4":"has-post-thumbnail","6":"product_cat-harpiks-og-resinrokelse","7":"product_cat-rokelse-og-rokelsesholdere","8":"pa_collection-incense-resin-50g-tubs-no","9":"pa_made-in-india","10":"pa_size-50g","12":"first","13":"instock","14":"purchasable","15":"product-type-simple"},"supplier_id":null,"supplier_sku":"TRT-03","barcode":null,"atum_controlled":true,"out_stock_date":null,"out_stock_threshold":null,"inheritable":false,"inbound_stock":null,"stock_on_hold":0,"sold_today":0,"sales_last_days":0,"reserved_stock":null,"customer_returns":null,"warehouse_damage":null,"lost_in_post":null,"other_logs":null,"out_stock_days":0,"lost_sales":0,"has_location":null,"update_date":"2026-04-27T07:25:27","atum_locations":[],"atum_stock_status":"instock","restock_status":false,"low_stock_amount":"","sales_update_date":"2025-09-03T00:17:31","calc_backorders":null,"_links":{"self":[{"href":"https:\/\/aromasentia.com\/no\/wp-json\/wp\/v2\/product\/204122","targetHints":{"allow":["GET"]}}],"collection":[{"href":"https:\/\/aromasentia.com\/no\/wp-json\/wp\/v2\/product"}],"about":[{"href":"https:\/\/aromasentia.com\/no\/wp-json\/wp\/v2\/types\/product"}],"replies":[{"embeddable":true,"href":"https:\/\/aromasentia.com\/no\/wp-json\/wp\/v2\/comments?post=204122"}],"version-history":[{"count":0,"href":"https:\/\/aromasentia.com\/no\/wp-json\/wp\/v2\/product\/204122\/revisions"}],"wp:featuredmedia":[{"embeddable":true,"href":"https:\/\/aromasentia.com\/no\/wp-json\/wp\/v2\/media\/415167"}],"wp:attachment":[{"href":"https:\/\/aromasentia.com\/no\/wp-json\/wp\/v2\/media?parent=204122"}],"wp:term":[{"taxonomy":"product_brand","embeddable":true,"href":"https:\/\/aromasentia.com\/no\/wp-json\/wp\/v2\/product_brand?post=204122"},{"taxonomy":"product_cat","embeddable":true,"href":"https:\/\/aromasentia.com\/no\/wp-json\/wp\/v2\/product_cat?post=204122"},{"taxonomy":"product_tag","embeddable":true,"href":"https:\/\/aromasentia.com\/no\/wp-json\/wp\/v2\/product_tag?post=204122"}],"curies":[{"name":"wp","href":"https:\/\/api.w.org\/{rel}","templated":true}]}}