{"id":204118,"date":"2025-03-23T10:31:56","date_gmt":"2025-03-23T10:31:56","guid":{"rendered":"https:\/\/aromasentia.com\/product\/tribal-soul-incense-sticks-7-chakras-with-message-card\/"},"modified":"2025-05-31T00:31:38","modified_gmt":"2025-05-31T00:31:38","slug":"tribal-soul-rokelsespinner-7-chakraer-med-meldingskort","status":"publish","type":"product","link":"https:\/\/aromasentia.com\/no\/tribal-soul-rokelsespinner-7-chakraer-med-meldingskort\/","title":{"rendered":"Tribal Soul R\u00f8kelsespinner &#8211; 7 Chakraer med Meldingskort"},"content":{"rendered":"<p><span style=\"color: rgb(75, 80, 88);\">Vi presenterer v\u00e5r uts\u00f8kte kolleksjon av 7 Chakra h\u00e5ndrullede Masala r\u00f8kelsespinner, designet for \u00e5 vekke og balansere energisentrene i deg. Pakken leveres i en vakkert utformet eske og inneholder omtrent 10 pinner, som veier hele 15 gram.<\/span><\/p>\n<p><span style=\"color: rgb(75, 80, 88);\">Ved siden av denne aromatiske herligheten vil du oppdage et unikt og meningsfullt meldingskort knyttet til et av de syv chakraene. Kjernen i denne kolleksjonen ligger troen p\u00e5 at harmonisering av chakraene kan bringe balanse og velv\u00e6re i livene v\u00e5re. Disse energisentrene, kjent som chakraer, er viktige for v\u00e5r fysiske, emosjonelle og \u00e5ndelige vitalitet. Ved \u00e5 tenne en av v\u00e5re h\u00e5ndrullede masala-r\u00f8kelsespinner inviterer du den aromatiske essensen av hvert chakra inn i rommet ditt, og oppmuntrer til en dypere forbindelse med ditt indre jeg.<\/span><\/p>\n<p><span style=\"color: rgb(75, 80, 88);\">Hver pakke byr p\u00e5 et element av overraskelse, ettersom ett av de syv chakra-meldingskortene vil bli tilfeldig valgt ut til \u00e5 f\u00f8lge med r\u00f8kelsespinnene dine. Med hvert valg vil du motta en inspirerende og opplysende melding spesielt laget for \u00e5 resonere med det valgte chakraet.<\/span><\/p>\n<p><span style=\"color: rgb(75, 80, 88);\">Enten det er det livlige r\u00f8de rotchakraet, det lidenskapelige oransje sakralchakraet, det str\u00e5lende gule solar plexus-chakraet, det medf\u00f8lende gr\u00f8nne hjertechakraet, det uttrykksfulle bl\u00e5 halschakraet, det intuitive indigo tredje \u00f8ye-chakraet eller det opplysende fiolette kronechakraet, tilbyr hvert meldingskort veiledning og oppmuntring p\u00e5 din \u00e5ndelige reise.<\/span><\/p>\n<p><span style=\"color: rgb(75, 80, 88);\">V\u00e5re h\u00e5ndrullede masala-r\u00f8kelsespinner er omhyggelig laget med en blanding av duftende urter, krydder og harpikser hentet fra hele verden. Laget av dyktige h\u00e5ndverkere, rulles hver pinne for h\u00e5nd med omhu og oppmerksomhet p\u00e5 detaljer. Resultatet er en fascinerende aroma som transporterer deg til en tilstand av ro, samtidig som den l\u00f8fter sansene dine. Fordyp deg i de fengslende duftene fra v\u00e5re 7 Chakra h\u00e5ndrullede Masala r\u00f8kelsespinner og la den delikate balansen i chakraene gjenopprette harmonien i deg.<\/span><\/p>\n<p><span style=\"color: rgb(75, 80, 88);\">Enten du s\u00f8ker indre fred, \u00f8kt kreativitet, forbedret kommunikasjon eller forh\u00f8yet spiritualitet, fungerer r\u00f8kelsespinnene v\u00e5re som en kanal for \u00e5 justere energiene dine og vekke potensialet ditt.<\/span><\/p>\n<p><span style=\"color: rgb(75, 80, 88);\">N\u00e5r du \u00e5pner hver pakke og mottar ditt tilfeldige chakra-meldingskort, ta et \u00f8yeblikk til \u00e5 reflektere over visdommen den gir. La meldingen veilede og inspirere deg p\u00e5 din vei mot selvoppdagelse og vekst. Omfavn kraften i chakraene og l\u00f8s opp potensialet som ligger i deg.<\/span><\/p>\n<p><span style=\"color: rgb(75, 80, 88);\">Opplev skj\u00f8nnheten og magien til v\u00e5re 7 Chakra h\u00e5ndrullede Masala r\u00f8kelsespinner i dag.<\/span><\/p>\n<p><span style=\"color: rgb(75, 80, 88);\">Oppdag den transformerende kraften til duft og chakraenes visdom. \u00c5pne hjertet, sinnet og sjelen din for en verden av muligheter, n\u00e5r du legger ut p\u00e5 en reise med selvinnsikt og \u00e5ndelig opplysning.<\/span><\/p>\n","protected":false},"excerpt":{"rendered":"<p>Vi presenterer v\u00e5r uts\u00f8kte kolleksjon av 7 Chakra h\u00e5ndrullede Masala r\u00f8kelsespinner, designet for \u00e5 vekke og balansere energisentrene i deg. Pakken leveres i en vakkert utformet eske og inneholder omtrent 10 pinner, som veier hele 15 gram. Ved siden av denne aromatiske herligheten vil du oppdage et unikt og meningsfullt meldingskort knyttet til et av [&hellip;]<\/p>\n","protected":false},"featured_media":415011,"comment_status":"closed","ping_status":"open","template":"","meta":{"_angie_page":false},"product_brand":[27147],"product_cat":[8747,8758],"product_tag":[],"class_list":{"0":"post-204118","1":"product","2":"type-product","3":"status-publish","4":"has-post-thumbnail","6":"product_brand-tribal-soul","7":"product_cat-rokelse-og-rokelsesholdere","8":"product_cat-rokelsespinner","9":"pa_collection-tribal-soul-incense-no","10":"pa_made-in-india","12":"first","13":"instock","14":"purchasable","15":"product-type-simple"},"supplier_id":null,"supplier_sku":"TribalSi-13","barcode":null,"atum_controlled":true,"out_stock_date":null,"out_stock_threshold":null,"inheritable":false,"inbound_stock":null,"stock_on_hold":0,"sold_today":0,"sales_last_days":0,"reserved_stock":null,"customer_returns":null,"warehouse_damage":null,"lost_in_post":null,"other_logs":null,"out_stock_days":0,"lost_sales":0,"has_location":null,"update_date":"2026-04-27T07:25:27","atum_locations":[],"atum_stock_status":"instock","restock_status":false,"low_stock_amount":"","sales_update_date":"2025-09-03T00:17:30","calc_backorders":null,"_links":{"self":[{"href":"https:\/\/aromasentia.com\/no\/wp-json\/wp\/v2\/product\/204118","targetHints":{"allow":["GET"]}}],"collection":[{"href":"https:\/\/aromasentia.com\/no\/wp-json\/wp\/v2\/product"}],"about":[{"href":"https:\/\/aromasentia.com\/no\/wp-json\/wp\/v2\/types\/product"}],"replies":[{"embeddable":true,"href":"https:\/\/aromasentia.com\/no\/wp-json\/wp\/v2\/comments?post=204118"}],"version-history":[{"count":0,"href":"https:\/\/aromasentia.com\/no\/wp-json\/wp\/v2\/product\/204118\/revisions"}],"wp:featuredmedia":[{"embeddable":true,"href":"https:\/\/aromasentia.com\/no\/wp-json\/wp\/v2\/media\/415011"}],"wp:attachment":[{"href":"https:\/\/aromasentia.com\/no\/wp-json\/wp\/v2\/media?parent=204118"}],"wp:term":[{"taxonomy":"product_brand","embeddable":true,"href":"https:\/\/aromasentia.com\/no\/wp-json\/wp\/v2\/product_brand?post=204118"},{"taxonomy":"product_cat","embeddable":true,"href":"https:\/\/aromasentia.com\/no\/wp-json\/wp\/v2\/product_cat?post=204118"},{"taxonomy":"product_tag","embeddable":true,"href":"https:\/\/aromasentia.com\/no\/wp-json\/wp\/v2\/product_tag?post=204118"}],"curies":[{"name":"wp","href":"https:\/\/api.w.org\/{rel}","templated":true}]}}