{"id":204117,"date":"2025-03-23T10:31:56","date_gmt":"2025-03-23T10:31:56","guid":{"rendered":"https:\/\/aromasentia.com\/product\/tribal-soul-incense-sticks-frankincense\/"},"modified":"2025-05-31T00:31:35","modified_gmt":"2025-05-31T00:31:35","slug":"tribal-soul-rokelsespinner-rokelse","status":"publish","type":"product","link":"https:\/\/aromasentia.com\/no\/tribal-soul-rokelsespinner-rokelse\/","title":{"rendered":"Tribal Soul R\u00f8kelsespinner &#8211; R\u00f8kelse"},"content":{"rendered":"<p><span style=\"color: rgb(75, 80, 88);\">Tribal Soul Incense kommer i en dekorativ eske, klar til \u00e5 fylle hvert rom i hjemmet ditt med den unike, forlokkende duften. Designet for \u00e5 maskere alle slags lukter perfekt.<\/span><\/p>\n<p><span style=\"color: rgb(75, 80, 88);\">R\u00f8kelse (ogs\u00e5 kjent som olibanum) er en aromatisk harpiks som brukes i r\u00f8kelse og parfymer, utvunnet fra tr\u00e6r av slekten Boswellia i familien Burseracee.<\/span><\/p>\n<p><span style=\"color: rgb(75, 80, 88);\">Ordet kommer fra det gamle franske francet encens (r\u00f8kelse av h\u00f8y kvalitet). R\u00f8kelse er ogs\u00e5 forbundet med en rekke religi\u00f8se ritualer og ofringer, og er spesielt fremtredende i kristendommen der den representerer en av de tre gavene som ble gitt til Jesusbarnet.<\/span><\/p>\n<p><span style=\"color: rgb(75, 80, 88);\">Harpiksen har lenge v\u00e6rt verdsatt for sin vakre krydrede, lett sitronaktige duft og sine terapeutiske fordeler. Den hjelper med \u00e5 bekjempe angst og lindrer stress ved \u00e5 fremkalle f\u00f8lelser av fred, avslapning og tilfredshet.<\/span><\/p>\n","protected":false},"excerpt":{"rendered":"<p>Tribal Soul Incense kommer i en dekorativ eske, klar til \u00e5 fylle hvert rom i hjemmet ditt med den unike, forlokkende duften. Designet for \u00e5 maskere alle slags lukter perfekt. R\u00f8kelse (ogs\u00e5 kjent som olibanum) er en aromatisk harpiks som brukes i r\u00f8kelse og parfymer, utvunnet fra tr\u00e6r av slekten Boswellia i familien Burseracee. Ordet [&hellip;]<\/p>\n","protected":false},"featured_media":415002,"comment_status":"closed","ping_status":"open","template":"","meta":{"_angie_page":false},"product_brand":[27147],"product_cat":[25843,26883,26199,8747,8758],"product_tag":[],"class_list":{"0":"post-204117","1":"product","2":"type-product","3":"status-publish","4":"has-post-thumbnail","6":"product_brand-tribal-soul","7":"product_cat-dufter-aromaer","8":"product_cat-harpiksaktig-balsamisk","9":"product_cat-rokelse","10":"product_cat-rokelse-og-rokelsesholdere","11":"product_cat-rokelsespinner","12":"pa_collection-tribal-soul-incense-no","13":"pa_made-in-india","15":"first","16":"instock","17":"purchasable","18":"product-type-simple"},"supplier_id":null,"supplier_sku":"TribalSi-12","barcode":null,"atum_controlled":true,"out_stock_date":null,"out_stock_threshold":null,"inheritable":false,"inbound_stock":null,"stock_on_hold":0,"sold_today":0,"sales_last_days":0,"reserved_stock":null,"customer_returns":null,"warehouse_damage":null,"lost_in_post":null,"other_logs":null,"out_stock_days":0,"lost_sales":0,"has_location":null,"update_date":"2026-04-27T07:25:27","atum_locations":[],"atum_stock_status":"instock","restock_status":false,"low_stock_amount":"","sales_update_date":"2025-09-03T00:17:30","calc_backorders":null,"_links":{"self":[{"href":"https:\/\/aromasentia.com\/no\/wp-json\/wp\/v2\/product\/204117","targetHints":{"allow":["GET"]}}],"collection":[{"href":"https:\/\/aromasentia.com\/no\/wp-json\/wp\/v2\/product"}],"about":[{"href":"https:\/\/aromasentia.com\/no\/wp-json\/wp\/v2\/types\/product"}],"replies":[{"embeddable":true,"href":"https:\/\/aromasentia.com\/no\/wp-json\/wp\/v2\/comments?post=204117"}],"version-history":[{"count":0,"href":"https:\/\/aromasentia.com\/no\/wp-json\/wp\/v2\/product\/204117\/revisions"}],"wp:featuredmedia":[{"embeddable":true,"href":"https:\/\/aromasentia.com\/no\/wp-json\/wp\/v2\/media\/415002"}],"wp:attachment":[{"href":"https:\/\/aromasentia.com\/no\/wp-json\/wp\/v2\/media?parent=204117"}],"wp:term":[{"taxonomy":"product_brand","embeddable":true,"href":"https:\/\/aromasentia.com\/no\/wp-json\/wp\/v2\/product_brand?post=204117"},{"taxonomy":"product_cat","embeddable":true,"href":"https:\/\/aromasentia.com\/no\/wp-json\/wp\/v2\/product_cat?post=204117"},{"taxonomy":"product_tag","embeddable":true,"href":"https:\/\/aromasentia.com\/no\/wp-json\/wp\/v2\/product_tag?post=204117"}],"curies":[{"name":"wp","href":"https:\/\/api.w.org\/{rel}","templated":true}]}}