{"id":204116,"date":"2025-03-23T10:31:56","date_gmt":"2025-03-23T10:31:56","guid":{"rendered":"https:\/\/aromasentia.com\/product\/tribal-soul-incense-sticks-cinnamon\/"},"modified":"2025-05-31T00:31:33","modified_gmt":"2025-05-31T00:31:33","slug":"tribal-soul-rokelsespinner-kanel","status":"publish","type":"product","link":"https:\/\/aromasentia.com\/no\/tribal-soul-rokelsespinner-kanel\/","title":{"rendered":"Tribal Soul R\u00f8kelsespinner &#8211; Kanel"},"content":{"rendered":"<p><span style=\"color: rgb(75, 80, 88);\">Tribal Soul R\u00f8kelse kommer i en dekorativ eske, klar til \u00e5 fylle hvert rom i hjemmet ditt med den unike, forlokkende duften. Utviklet for \u00e5 maskere alle slags lukter perfekt.<\/span><\/p>\n<p><span style=\"color: rgb(75, 80, 88);\">Kanel er et krydder som er hjemmeh\u00f8rende i Karibia, S\u00f8r-Amerika og S\u00f8r\u00f8st-Asia.<\/span><\/p>\n<p><span style=\"color: rgb(75, 80, 88);\">Folk har brukt det siden 2000 f.Kr. i det gamle Egypt som parfyme under balsameringsprosessen, mens romerne brukte det i likb\u00e5l for \u00e5 maskere stanken av brennende kj\u00f8tt.<\/span><\/p>\n<p><span style=\"color: rgb(75, 80, 88);\">H\u00f8stet fra den indre barken til en tropisk eviggr\u00f8nn plante, har kanel ogs\u00e5 blitt brukt i ayurvedisk medisin for \u00e5 behandle luftveis- og ford\u00f8yelsesproblemer i \u00e5rhundrer.<\/span><\/p>\n<p><span style=\"color: rgb(75, 80, 88);\">I dag er kanel en av de vanligste ingrediensene som brukes p\u00e5 kj\u00f8kkenet v\u00e5rt for sin beroligende, treaktige, krydrede, men likevel s\u00f8te aroma. natur.<\/span><\/p>\n<p><span style=\"color: rgb(75, 80, 88);\">Kanelens duft oppfrisker og varmer ogs\u00e5 sansene, og gir en f\u00f8lelse av glede.<\/span><\/p>\n","protected":false},"excerpt":{"rendered":"<p>Tribal Soul R\u00f8kelse kommer i en dekorativ eske, klar til \u00e5 fylle hvert rom i hjemmet ditt med den unike, forlokkende duften. Utviklet for \u00e5 maskere alle slags lukter perfekt. Kanel er et krydder som er hjemmeh\u00f8rende i Karibia, S\u00f8r-Amerika og S\u00f8r\u00f8st-Asia. Folk har brukt det siden 2000 f.Kr. i det gamle Egypt som parfyme [&hellip;]<\/p>\n","protected":false},"featured_media":414993,"comment_status":"closed","ping_status":"open","template":"","meta":[],"product_brand":[27147],"product_cat":[25843,26133,26890,8747,8758],"product_tag":[],"class_list":{"0":"post-204116","1":"product","2":"type-product","3":"status-publish","4":"has-post-thumbnail","6":"product_brand-tribal-soul","7":"product_cat-dufter-aromaer","8":"product_cat-kanel","9":"product_cat-krydret","10":"product_cat-rokelse-og-rokelsesholdere","11":"product_cat-rokelsespinner","12":"pa_collection-tribal-soul-incense-no","13":"pa_made-in-india","15":"first","16":"instock","17":"purchasable","18":"product-type-simple"},"supplier_id":null,"supplier_sku":"TribalSi-11","barcode":null,"atum_controlled":true,"out_stock_date":null,"out_stock_threshold":null,"inheritable":false,"inbound_stock":null,"stock_on_hold":0,"sold_today":0,"sales_last_days":0,"reserved_stock":null,"customer_returns":null,"warehouse_damage":null,"lost_in_post":null,"other_logs":null,"out_stock_days":0,"lost_sales":0,"has_location":null,"update_date":"2026-02-11T08:29:59","atum_locations":[],"atum_stock_status":"instock","restock_status":false,"low_stock_amount":"","sales_update_date":"2025-09-03T00:17:30","calc_backorders":null,"_links":{"self":[{"href":"https:\/\/aromasentia.com\/no\/wp-json\/wp\/v2\/product\/204116","targetHints":{"allow":["GET"]}}],"collection":[{"href":"https:\/\/aromasentia.com\/no\/wp-json\/wp\/v2\/product"}],"about":[{"href":"https:\/\/aromasentia.com\/no\/wp-json\/wp\/v2\/types\/product"}],"replies":[{"embeddable":true,"href":"https:\/\/aromasentia.com\/no\/wp-json\/wp\/v2\/comments?post=204116"}],"version-history":[{"count":0,"href":"https:\/\/aromasentia.com\/no\/wp-json\/wp\/v2\/product\/204116\/revisions"}],"wp:featuredmedia":[{"embeddable":true,"href":"https:\/\/aromasentia.com\/no\/wp-json\/wp\/v2\/media\/414993"}],"wp:attachment":[{"href":"https:\/\/aromasentia.com\/no\/wp-json\/wp\/v2\/media?parent=204116"}],"wp:term":[{"taxonomy":"product_brand","embeddable":true,"href":"https:\/\/aromasentia.com\/no\/wp-json\/wp\/v2\/product_brand?post=204116"},{"taxonomy":"product_cat","embeddable":true,"href":"https:\/\/aromasentia.com\/no\/wp-json\/wp\/v2\/product_cat?post=204116"},{"taxonomy":"product_tag","embeddable":true,"href":"https:\/\/aromasentia.com\/no\/wp-json\/wp\/v2\/product_tag?post=204116"}],"curies":[{"name":"wp","href":"https:\/\/api.w.org\/{rel}","templated":true}]}}