{"id":204115,"date":"2025-03-23T10:31:56","date_gmt":"2025-03-23T10:31:56","guid":{"rendered":"https:\/\/aromasentia.com\/product\/tribal-soul-incense-sticks-sandalwood\/"},"modified":"2025-05-31T00:31:29","modified_gmt":"2025-05-31T00:31:29","slug":"tribal-soul-rokelsespinner-sandeltre","status":"publish","type":"product","link":"https:\/\/aromasentia.com\/no\/tribal-soul-rokelsespinner-sandeltre\/","title":{"rendered":"Tribal Soul R\u00f8kelsespinner &#8211; Sandeltre"},"content":{"rendered":"<p><span style=\"color: rgb(75, 80, 88);\">Tribal Soul Incense kommer i en dekorativ eske, klar til \u00e5 fylle hvert rom i hjemmet ditt med den unike, forlokkende duften. Designet for \u00e5 maskere alle slags lukter perfekt.<\/span><\/p>\n<p><span style=\"color: rgb(75, 80, 88);\">Sandeltre er en klasse tresorter fra tr\u00e6r i slekten Santalum.<\/span><\/p>\n<p><span style=\"color: rgb(75, 80, 88);\">Det finnes arter som er hjemmeh\u00f8rende i India, Malaysia og Australia, men indisk sandeltre (Santalum album) er den mest ettertraktede. Sandeltre er sv\u00e6rt hellig i hinduistisk ayurveda og er kjent p\u00e5 sanskrit som \u00abchandana\u00bb.<\/span><\/p>\n<p><span style=\"color: rgb(75, 80, 88);\">Treet brukes til \u00e5 tilbe guddommene.<\/span><\/p>\n<p><span style=\"color: rgb(75, 80, 88);\">I buddhismen brennes sandeltrer\u00f8kelse under b\u00f8nn og meditasjon, og \u00e6res for sin evne til \u00e5 roe ned og fokusere sinnet.<\/span><\/p>\n<p><span style=\"color: rgb(75, 80, 88);\">I aromaterapi har sandeltre mange fordeler.<\/span><\/p>\n<p><span style=\"color: rgb(75, 80, 88);\">Dens s\u00e6regne s\u00f8te, myke og kremete duft induserer avslapning og ro, og fremmer positiv tenkning, klarhet og hjelper konsentrasjon.<\/span><\/p>\n","protected":false},"excerpt":{"rendered":"<p>Tribal Soul Incense kommer i en dekorativ eske, klar til \u00e5 fylle hvert rom i hjemmet ditt med den unike, forlokkende duften. Designet for \u00e5 maskere alle slags lukter perfekt. Sandeltre er en klasse tresorter fra tr\u00e6r i slekten Santalum. Det finnes arter som er hjemmeh\u00f8rende i India, Malaysia og Australia, men indisk sandeltre (Santalum [&hellip;]<\/p>\n","protected":false},"featured_media":414984,"comment_status":"closed","ping_status":"open","template":"","meta":[],"product_brand":[27147],"product_cat":[25843,8747,8758,26386,26897],"product_tag":[],"class_list":{"0":"post-204115","1":"product","2":"type-product","3":"status-publish","4":"has-post-thumbnail","6":"product_brand-tribal-soul","7":"product_cat-dufter-aromaer","8":"product_cat-rokelse-og-rokelsesholdere","9":"product_cat-rokelsespinner","10":"product_cat-sandelte","11":"product_cat-treaktig","12":"pa_collection-tribal-soul-incense-no","13":"pa_made-in-india","15":"first","16":"instock","17":"purchasable","18":"product-type-simple"},"supplier_id":null,"supplier_sku":"TribalSi-10","barcode":null,"atum_controlled":true,"out_stock_date":null,"out_stock_threshold":null,"inheritable":false,"inbound_stock":null,"stock_on_hold":0,"sold_today":0,"sales_last_days":0,"reserved_stock":null,"customer_returns":null,"warehouse_damage":null,"lost_in_post":null,"other_logs":null,"out_stock_days":0,"lost_sales":0,"has_location":null,"update_date":"2026-02-11T08:28:49","atum_locations":[],"atum_stock_status":"instock","restock_status":false,"low_stock_amount":"","sales_update_date":"2025-09-03T00:17:29","calc_backorders":null,"_links":{"self":[{"href":"https:\/\/aromasentia.com\/no\/wp-json\/wp\/v2\/product\/204115","targetHints":{"allow":["GET"]}}],"collection":[{"href":"https:\/\/aromasentia.com\/no\/wp-json\/wp\/v2\/product"}],"about":[{"href":"https:\/\/aromasentia.com\/no\/wp-json\/wp\/v2\/types\/product"}],"replies":[{"embeddable":true,"href":"https:\/\/aromasentia.com\/no\/wp-json\/wp\/v2\/comments?post=204115"}],"version-history":[{"count":0,"href":"https:\/\/aromasentia.com\/no\/wp-json\/wp\/v2\/product\/204115\/revisions"}],"wp:featuredmedia":[{"embeddable":true,"href":"https:\/\/aromasentia.com\/no\/wp-json\/wp\/v2\/media\/414984"}],"wp:attachment":[{"href":"https:\/\/aromasentia.com\/no\/wp-json\/wp\/v2\/media?parent=204115"}],"wp:term":[{"taxonomy":"product_brand","embeddable":true,"href":"https:\/\/aromasentia.com\/no\/wp-json\/wp\/v2\/product_brand?post=204115"},{"taxonomy":"product_cat","embeddable":true,"href":"https:\/\/aromasentia.com\/no\/wp-json\/wp\/v2\/product_cat?post=204115"},{"taxonomy":"product_tag","embeddable":true,"href":"https:\/\/aromasentia.com\/no\/wp-json\/wp\/v2\/product_tag?post=204115"}],"curies":[{"name":"wp","href":"https:\/\/api.w.org\/{rel}","templated":true}]}}