{"id":204114,"date":"2025-03-23T10:31:56","date_gmt":"2025-03-23T10:31:56","guid":{"rendered":"https:\/\/aromasentia.com\/product\/tribal-soul-incense-sticks-lavender\/"},"modified":"2025-05-31T00:31:26","modified_gmt":"2025-05-31T00:31:26","slug":"tribal-soul-rokelsespinner-lavendel","status":"publish","type":"product","link":"https:\/\/aromasentia.com\/no\/tribal-soul-rokelsespinner-lavendel\/","title":{"rendered":"Tribal Soul R\u00f8kelsespinner &#8211; Lavendel"},"content":{"rendered":"<p><span style=\"color: rgb(75, 80, 88);\">Tribal Soul R\u00f8kelse kommer i en dekorativ eske, klar til \u00e5 fylle hvert rom i hjemmet ditt med den unike, forlokkende duften. Utviklet for \u00e5 maskere alle slags lukter perfekt.<\/span><\/p>\n<p><span style=\"color: rgb(75, 80, 88);\">Lavendel, opprinnelig fra fjellomr\u00e5dene i Middelhavsregionen, spredte seg ganske raskt til andre deler av verden og har v\u00e6rt i bruk i over 2500 \u00e5r.<\/span><\/p>\n<p><span style=\"color: rgb(75, 80, 88);\">Tidligere bruk av lavendel hadde en tendens til \u00e5 v\u00e6re mer av medisinsk karakter, og lavendel er fortsatt kjent for sine rensende, avslappende og beskyttende fordeler.<\/span><\/p>\n<p><span style=\"color: rgb(75, 80, 88);\">Lavendel, som ble ansett som et symbol p\u00e5 renhet og renslighet av indianere, virker beroligende og roende ved \u00e5 gjenopprette emosjonell balanse.<\/span><\/p>\n<p><span style=\"color: rgb(75, 80, 88);\">Den \u00e5pner ogs\u00e5 hjertechakraet og tiltrekker seg kj\u00e6rlig energi. Lavendelens s\u00f8te, blomsteraktige og lett urteaktige aroma er umiskjennelig.<\/span><\/p>\n","protected":false},"excerpt":{"rendered":"<p>Tribal Soul R\u00f8kelse kommer i en dekorativ eske, klar til \u00e5 fylle hvert rom i hjemmet ditt med den unike, forlokkende duften. Utviklet for \u00e5 maskere alle slags lukter perfekt. Lavendel, opprinnelig fra fjellomr\u00e5dene i Middelhavsregionen, spredte seg ganske raskt til andre deler av verden og har v\u00e6rt i bruk i over 2500 \u00e5r. Tidligere [&hellip;]<\/p>\n","protected":false},"featured_media":414975,"comment_status":"closed","ping_status":"open","template":"","meta":[],"product_brand":[27147],"product_cat":[26834,25843,26232,8747,8758],"product_tag":[],"class_list":{"0":"post-204114","1":"product","2":"type-product","3":"status-publish","4":"has-post-thumbnail","6":"product_brand-tribal-soul","7":"product_cat-blomster","8":"product_cat-dufter-aromaer","9":"product_cat-lavendel","10":"product_cat-rokelse-og-rokelsesholdere","11":"product_cat-rokelsespinner","12":"pa_collection-tribal-soul-incense-no","13":"pa_made-in-india","15":"first","16":"instock","17":"purchasable","18":"product-type-simple"},"supplier_id":null,"supplier_sku":"TribalSi-09","barcode":null,"atum_controlled":true,"out_stock_date":null,"out_stock_threshold":null,"inheritable":false,"inbound_stock":null,"stock_on_hold":0,"sold_today":0,"sales_last_days":0,"reserved_stock":null,"customer_returns":null,"warehouse_damage":null,"lost_in_post":null,"other_logs":null,"out_stock_days":0,"lost_sales":0,"has_location":null,"update_date":"2026-02-11T08:33:21","atum_locations":[],"atum_stock_status":"instock","restock_status":false,"low_stock_amount":"","sales_update_date":"2025-09-03T00:17:29","calc_backorders":null,"_links":{"self":[{"href":"https:\/\/aromasentia.com\/no\/wp-json\/wp\/v2\/product\/204114","targetHints":{"allow":["GET"]}}],"collection":[{"href":"https:\/\/aromasentia.com\/no\/wp-json\/wp\/v2\/product"}],"about":[{"href":"https:\/\/aromasentia.com\/no\/wp-json\/wp\/v2\/types\/product"}],"replies":[{"embeddable":true,"href":"https:\/\/aromasentia.com\/no\/wp-json\/wp\/v2\/comments?post=204114"}],"version-history":[{"count":0,"href":"https:\/\/aromasentia.com\/no\/wp-json\/wp\/v2\/product\/204114\/revisions"}],"wp:featuredmedia":[{"embeddable":true,"href":"https:\/\/aromasentia.com\/no\/wp-json\/wp\/v2\/media\/414975"}],"wp:attachment":[{"href":"https:\/\/aromasentia.com\/no\/wp-json\/wp\/v2\/media?parent=204114"}],"wp:term":[{"taxonomy":"product_brand","embeddable":true,"href":"https:\/\/aromasentia.com\/no\/wp-json\/wp\/v2\/product_brand?post=204114"},{"taxonomy":"product_cat","embeddable":true,"href":"https:\/\/aromasentia.com\/no\/wp-json\/wp\/v2\/product_cat?post=204114"},{"taxonomy":"product_tag","embeddable":true,"href":"https:\/\/aromasentia.com\/no\/wp-json\/wp\/v2\/product_tag?post=204114"}],"curies":[{"name":"wp","href":"https:\/\/api.w.org\/{rel}","templated":true}]}}