{"id":204110,"date":"2025-03-23T10:31:56","date_gmt":"2025-03-23T10:31:56","guid":{"rendered":"https:\/\/aromasentia.com\/product\/tribal-soul-incesne-white-sage-lavender\/"},"modified":"2025-05-31T00:31:11","modified_gmt":"2025-05-31T00:31:11","slug":"tribal-soul-rokelse-hvit-salvie-lavendel","status":"publish","type":"product","link":"https:\/\/aromasentia.com\/no\/tribal-soul-rokelse-hvit-salvie-lavendel\/","title":{"rendered":"Tribal Soul R\u00f8kelse &#8211; Hvit Salvie + Lavendel"},"content":{"rendered":"<p><span style=\"color: rgb(75, 80, 88);\">Disse <strong>Aroma Sentia-ping Tribal Soul R\u00f8kelse &#8211;&nbsp;<\/strong><\/span><strong>Hvit Salvie<\/strong><strong>+ Lavendel<\/strong> <span style=\"color: rgb(75, 80, 88);\">er h\u00e5ndlaget av dyktige h\u00e5ndverkere i India. En flott godbit for alle som elsker eksotiske dufter fra fjerne steder.&nbsp;<\/span><\/p>\n<p><span style=\"color: rgb(75, 80, 88);\">De kommer i dekorative esker klare til \u00e5 fylle hvert rom i hjemmet ditt med en unik duft. Designet for \u00e5 maskere alle slags lukter perfekt.<\/span><\/p>\n<p><strong><span style=\"color: rgb(75, 80, 88);\">&nbsp;Perfekt for de som elsker vakre dufter.<\/span><\/strong><\/p>\n","protected":false},"excerpt":{"rendered":"<p>Disse Aroma Sentia-ping Tribal Soul R\u00f8kelse &#8211;&nbsp;Hvit Salvie+ Lavendel er h\u00e5ndlaget av dyktige h\u00e5ndverkere i India. En flott godbit for alle som elsker eksotiske dufter fra fjerne steder.&nbsp; De kommer i dekorative esker klare til \u00e5 fylle hvert rom i hjemmet ditt med en unik duft. Designet for \u00e5 maskere alle slags lukter perfekt. &nbsp;Perfekt [&hellip;]<\/p>\n","protected":false},"featured_media":414851,"comment_status":"closed","ping_status":"open","template":"","meta":[],"product_brand":[27147],"product_cat":[26834,25843,26493,26232,8747,8758,26862],"product_tag":[],"class_list":{"0":"post-204110","1":"product","2":"type-product","3":"status-publish","4":"has-post-thumbnail","6":"product_brand-tribal-soul","7":"product_cat-blomster","8":"product_cat-dufter-aromaer","9":"product_cat-hvit-salvie","10":"product_cat-lavendel","11":"product_cat-rokelse-og-rokelsesholdere","12":"product_cat-rokelsespinner","13":"product_cat-urte-aromatisk","14":"pa_collection-tribal-soul-incense-no","15":"pa_made-in-india","17":"first","18":"instock","19":"purchasable","20":"product-type-simple"},"supplier_id":null,"supplier_sku":"TribalSi-05","barcode":null,"atum_controlled":true,"out_stock_date":null,"out_stock_threshold":null,"inheritable":false,"inbound_stock":null,"stock_on_hold":0,"sold_today":0,"sales_last_days":0,"reserved_stock":null,"customer_returns":null,"warehouse_damage":null,"lost_in_post":null,"other_logs":null,"out_stock_days":0,"lost_sales":0,"has_location":null,"update_date":"2026-02-10T16:29:58","atum_locations":[],"atum_stock_status":"instock","restock_status":false,"low_stock_amount":"","sales_update_date":"2025-09-03T00:17:29","calc_backorders":null,"_links":{"self":[{"href":"https:\/\/aromasentia.com\/no\/wp-json\/wp\/v2\/product\/204110","targetHints":{"allow":["GET"]}}],"collection":[{"href":"https:\/\/aromasentia.com\/no\/wp-json\/wp\/v2\/product"}],"about":[{"href":"https:\/\/aromasentia.com\/no\/wp-json\/wp\/v2\/types\/product"}],"replies":[{"embeddable":true,"href":"https:\/\/aromasentia.com\/no\/wp-json\/wp\/v2\/comments?post=204110"}],"version-history":[{"count":0,"href":"https:\/\/aromasentia.com\/no\/wp-json\/wp\/v2\/product\/204110\/revisions"}],"wp:featuredmedia":[{"embeddable":true,"href":"https:\/\/aromasentia.com\/no\/wp-json\/wp\/v2\/media\/414851"}],"wp:attachment":[{"href":"https:\/\/aromasentia.com\/no\/wp-json\/wp\/v2\/media?parent=204110"}],"wp:term":[{"taxonomy":"product_brand","embeddable":true,"href":"https:\/\/aromasentia.com\/no\/wp-json\/wp\/v2\/product_brand?post=204110"},{"taxonomy":"product_cat","embeddable":true,"href":"https:\/\/aromasentia.com\/no\/wp-json\/wp\/v2\/product_cat?post=204110"},{"taxonomy":"product_tag","embeddable":true,"href":"https:\/\/aromasentia.com\/no\/wp-json\/wp\/v2\/product_tag?post=204110"}],"curies":[{"name":"wp","href":"https:\/\/api.w.org\/{rel}","templated":true}]}}