{"id":204103,"date":"2025-03-23T10:32:04","date_gmt":"2025-03-23T10:32:04","guid":{"rendered":"https:\/\/aromasentia.com\/product\/white-washed-incense-holder-simple\/"},"modified":"2025-05-31T00:30:13","modified_gmt":"2025-05-31T00:30:13","slug":"hvitvasket-rokelsesholder-enkel","status":"publish","type":"product","link":"https:\/\/aromasentia.com\/no\/hvitvasket-rokelsesholder-enkel\/","title":{"rendered":"Hvitvasket R\u00f8kelsesholder &#8211; Enkel"},"content":{"rendered":"<p><strong>Aroma Sentia-ping hvitvasket r\u00f8kelsesholder &#8211;<\/strong><strong>Enkel<\/strong>.<strong>&nbsp;<\/strong>Importert fra India. Dette omr\u00e5det av India har fortsatt betydelige infrastrukturproblemer, str\u00f8mmen er uregelmessig, transport og veier er d\u00e5rlige.&nbsp;<\/p>\n<p>Som et resultat er forsyningene spesielt ustabile. Regionen har imidlertid en stolt h\u00e5ndverkshistorie med \u00e5 produsere vakre trevarer, og vi er stolte av \u00e5 st\u00f8tte denne industrien ved \u00e5 importere flere beholdere i \u00e5ret med engros trevarer, hvorav en favoritt er r\u00f8kelsesholderen i s\u00e5 mange former.&nbsp;<\/p>\n","protected":false},"excerpt":{"rendered":"<p>Aroma Sentia-ping hvitvasket r\u00f8kelsesholder &#8211;Enkel.&nbsp;Importert fra India. Dette omr\u00e5det av India har fortsatt betydelige infrastrukturproblemer, str\u00f8mmen er uregelmessig, transport og veier er d\u00e5rlige.&nbsp; Som et resultat er forsyningene spesielt ustabile. Regionen har imidlertid en stolt h\u00e5ndverkshistorie med \u00e5 produsere vakre trevarer, og vi er stolte av \u00e5 st\u00f8tte denne industrien ved \u00e5 importere flere beholdere [&hellip;]<\/p>\n","protected":false},"featured_media":416254,"comment_status":"closed","ping_status":"open","template":"","meta":[],"product_brand":[],"product_cat":[8747,8751,8748],"product_tag":[],"class_list":{"0":"post-204103","1":"product","2":"type-product","3":"status-publish","4":"has-post-thumbnail","6":"product_cat-rokelse-og-rokelsesholdere","7":"product_cat-rokelseholder-for-rokelsekjegler","8":"product_cat-rokelsesholdere-og-rokelsesbrennere","9":"pa_collection-white-washed-incense-holders-no","10":"pa_made-in-india","12":"first","13":"instock","14":"purchasable","15":"product-type-simple"},"supplier_id":null,"supplier_sku":"WWIH-01","barcode":null,"atum_controlled":true,"out_stock_date":null,"out_stock_threshold":null,"inheritable":false,"inbound_stock":null,"stock_on_hold":0,"sold_today":0,"sales_last_days":0,"reserved_stock":null,"customer_returns":null,"warehouse_damage":null,"lost_in_post":null,"other_logs":null,"out_stock_days":0,"lost_sales":0,"has_location":null,"update_date":"2026-02-10T16:28:33","atum_locations":[],"atum_stock_status":"instock","restock_status":false,"low_stock_amount":"","sales_update_date":"2025-09-03T00:17:27","calc_backorders":null,"_links":{"self":[{"href":"https:\/\/aromasentia.com\/no\/wp-json\/wp\/v2\/product\/204103","targetHints":{"allow":["GET"]}}],"collection":[{"href":"https:\/\/aromasentia.com\/no\/wp-json\/wp\/v2\/product"}],"about":[{"href":"https:\/\/aromasentia.com\/no\/wp-json\/wp\/v2\/types\/product"}],"replies":[{"embeddable":true,"href":"https:\/\/aromasentia.com\/no\/wp-json\/wp\/v2\/comments?post=204103"}],"version-history":[{"count":0,"href":"https:\/\/aromasentia.com\/no\/wp-json\/wp\/v2\/product\/204103\/revisions"}],"wp:featuredmedia":[{"embeddable":true,"href":"https:\/\/aromasentia.com\/no\/wp-json\/wp\/v2\/media\/416254"}],"wp:attachment":[{"href":"https:\/\/aromasentia.com\/no\/wp-json\/wp\/v2\/media?parent=204103"}],"wp:term":[{"taxonomy":"product_brand","embeddable":true,"href":"https:\/\/aromasentia.com\/no\/wp-json\/wp\/v2\/product_brand?post=204103"},{"taxonomy":"product_cat","embeddable":true,"href":"https:\/\/aromasentia.com\/no\/wp-json\/wp\/v2\/product_cat?post=204103"},{"taxonomy":"product_tag","embeddable":true,"href":"https:\/\/aromasentia.com\/no\/wp-json\/wp\/v2\/product_tag?post=204103"}],"curies":[{"name":"wp","href":"https:\/\/api.w.org\/{rel}","templated":true}]}}