{"id":204098,"date":"2025-03-23T10:32:04","date_gmt":"2025-03-23T10:32:04","guid":{"rendered":"https:\/\/aromasentia.com\/product\/med-mango-wood-backflow-burner-ohm\/"},"modified":"2025-05-31T00:29:59","modified_gmt":"2025-05-31T00:29:59","slug":"mango-wood-backflow-burner-ohm-medium","status":"publish","type":"product","link":"https:\/\/aromasentia.com\/no\/mango-wood-backflow-burner-ohm-medium\/","title":{"rendered":"Mango Wood Backflow Burner &#8211; Ohm Medium"},"content":{"rendered":"<p><strong><span style=\"color: rgb(75, 80, 88);\">Aroma Sentia-ping-tilbakestr\u00f8mningsbrennerne er endelig her!<\/span><\/strong><span style=\"color: rgb(75, 80, 88);\">Laget i mangotre er de virkelig spektakul\u00e6re.<\/span><\/p>\n<p><span style=\"color: rgb(75, 80, 88);\">Tilbakestr\u00f8mningsbrennerne er spesialdesignet for \u00e5 lage r\u00f8yk som kaskaderer nedover og str\u00f8mmer dramatisk nedover brenneren med en fantastisk effekt som vil fange kundens oppmerksomhet. &nbsp;<\/span><\/p>\n<p><span style=\"color: rgb(75, 80, 88);\">Selg din lille mangotre-tilbakeslagsbrenner &#8211; Tree of Life med v\u00e5rt brede utvalg av tilbakeslagsr\u00f8kelseskjegler i sett for \u00e5 oppn\u00e5 bedre fortjeneste.<\/span><\/p>\n<p><span style=\"color: rgb(75, 80, 88);\">P<\/span><strong><span style=\"color: rgb(75, 80, 88);\">V\u00e6r oppmerksom p\u00e5 at for \u00e5 skape r\u00f8ykkaskadeeffekten m\u00e5 du bruke tilbakeslagsr\u00f8kelseskjegler.<\/span><\/strong><\/p>\n","protected":false},"excerpt":{"rendered":"<p>Aroma Sentia-ping-tilbakestr\u00f8mningsbrennerne er endelig her!Laget i mangotre er de virkelig spektakul\u00e6re. Tilbakestr\u00f8mningsbrennerne er spesialdesignet for \u00e5 lage r\u00f8yk som kaskaderer nedover og str\u00f8mmer dramatisk nedover brenneren med en fantastisk effekt som vil fange kundens oppmerksomhet. &nbsp; Selg din lille mangotre-tilbakeslagsbrenner &#8211; Tree of Life med v\u00e5rt brede utvalg av tilbakeslagsr\u00f8kelseskjegler i sett for \u00e5 oppn\u00e5 [&hellip;]<\/p>\n","protected":false},"featured_media":416137,"comment_status":"closed","ping_status":"open","template":"","meta":[],"product_brand":[],"product_cat":[8747,8748,8746],"product_tag":[],"class_list":{"0":"post-204098","1":"product","2":"type-product","3":"status-publish","4":"has-post-thumbnail","6":"product_cat-rokelse-og-rokelsesholdere","7":"product_cat-rokelsesholdere-og-rokelsesbrennere","8":"product_cat-rokelsesholdere-for-backflow-rokelse","9":"pa_collection-mango-wood-backflow-burner-no","10":"pa_made-in-india","12":"first","13":"instock","14":"purchasable","15":"product-type-simple"},"supplier_id":null,"supplier_sku":"WBF-06","barcode":null,"atum_controlled":true,"out_stock_date":null,"out_stock_threshold":null,"inheritable":false,"inbound_stock":null,"stock_on_hold":0,"sold_today":0,"sales_last_days":0,"reserved_stock":null,"customer_returns":null,"warehouse_damage":null,"lost_in_post":null,"other_logs":null,"out_stock_days":0,"lost_sales":0,"has_location":null,"update_date":"2026-02-11T09:34:45","atum_locations":[],"atum_stock_status":"instock","restock_status":false,"low_stock_amount":"","sales_update_date":"2025-09-03T00:17:26","calc_backorders":null,"_links":{"self":[{"href":"https:\/\/aromasentia.com\/no\/wp-json\/wp\/v2\/product\/204098","targetHints":{"allow":["GET"]}}],"collection":[{"href":"https:\/\/aromasentia.com\/no\/wp-json\/wp\/v2\/product"}],"about":[{"href":"https:\/\/aromasentia.com\/no\/wp-json\/wp\/v2\/types\/product"}],"replies":[{"embeddable":true,"href":"https:\/\/aromasentia.com\/no\/wp-json\/wp\/v2\/comments?post=204098"}],"version-history":[{"count":0,"href":"https:\/\/aromasentia.com\/no\/wp-json\/wp\/v2\/product\/204098\/revisions"}],"wp:featuredmedia":[{"embeddable":true,"href":"https:\/\/aromasentia.com\/no\/wp-json\/wp\/v2\/media\/416137"}],"wp:attachment":[{"href":"https:\/\/aromasentia.com\/no\/wp-json\/wp\/v2\/media?parent=204098"}],"wp:term":[{"taxonomy":"product_brand","embeddable":true,"href":"https:\/\/aromasentia.com\/no\/wp-json\/wp\/v2\/product_brand?post=204098"},{"taxonomy":"product_cat","embeddable":true,"href":"https:\/\/aromasentia.com\/no\/wp-json\/wp\/v2\/product_cat?post=204098"},{"taxonomy":"product_tag","embeddable":true,"href":"https:\/\/aromasentia.com\/no\/wp-json\/wp\/v2\/product_tag?post=204098"}],"curies":[{"name":"wp","href":"https:\/\/api.w.org\/{rel}","templated":true}]}}