{"id":204093,"date":"2025-03-23T11:05:59","date_gmt":"2025-03-23T11:05:59","guid":{"rendered":"https:\/\/aromasentia.com\/product\/gold-hamsa-white-stone-gemstone-bracelet\/"},"modified":"2025-05-31T00:29:47","modified_gmt":"2025-05-31T00:29:47","slug":"hamsa-i-gull-hvit-stein-armband","status":"publish","type":"product","link":"https:\/\/aromasentia.com\/no\/hamsa-i-gull-hvit-stein-armband\/","title":{"rendered":"Hamsa I Gull \/ Hvit Stein &#8211; Armb\u00e5nd"},"content":{"rendered":"<p>Howlitt er en superberoligende stein, og mange bruker den for \u00e5 lindre stress av alle slag. Howlitt hjelper mot s\u00f8vnl\u00f8shet, spesielt n\u00e5r det er for\u00e5rsaket av et overaktivt sinn. S\u00f8lvdelene er laget av blandet metall og gulldelene er laget av kobber.<\/p>\n<p>Formulerer ambisjoner og hjelper til med \u00e5 oppn\u00e5 dem. Howlitt styrker hukommelsen og stimulerer kunnskapslysten. Den l\u00e6rer t\u00e5lmodighet og bidrar til \u00e5 eliminere raseri, smerte og stress. Beroliger kommunikasjon, letter bevissthet og oppmuntrer til emosjonell uttrykkelse.<\/p>\n<p>Absorber ditt eget sinne &#8211; eller andres sinne som er rettet mot deg. Det hjelper \u00e5 overvinne kritisk eller egoistisk oppf\u00f8rsel.<\/p>\n<p>Kult unisex-bling.. flerkulturelt, godt og ondt, himmel og helvete.. Dette Boho-smykket fra Ancient Wisdom er b\u00e5de \u00f8yegodt og sjelmat..<\/p>\n<p>V\u00e5r talentfulle designer har innlemmet elementer fra \u00f8stlig og vestlig kultur, blandet i en stor dose mystikk og kongelighet.<\/p>\n<p>Ikke bekymre deg for at armb\u00e5ndene passer n\u00e5r de strekker seg &#8211; \u00e9n st\u00f8rrelse passer alle.<\/p>\n","protected":false},"excerpt":{"rendered":"<p>Howlitt er en superberoligende stein, og mange bruker den for \u00e5 lindre stress av alle slag. Howlitt hjelper mot s\u00f8vnl\u00f8shet, spesielt n\u00e5r det er for\u00e5rsaket av et overaktivt sinn. S\u00f8lvdelene er laget av blandet metall og gulldelene er laget av kobber. Formulerer ambisjoner og hjelper til med \u00e5 oppn\u00e5 dem. Howlitt styrker hukommelsen og stimulerer [&hellip;]<\/p>\n","protected":false},"featured_media":418448,"comment_status":"closed","ping_status":"open","template":"","meta":{"_angie_page":false},"product_brand":[],"product_cat":[25207,8586],"product_tag":[],"class_list":{"0":"post-204093","1":"product","2":"type-product","3":"status-publish","4":"has-post-thumbnail","6":"product_cat-armband","7":"product_cat-smykker-og-tilbehor","8":"pa_collection-boho-bling-gemstones-bracelets-no","9":"pa_made-in-kina","11":"first","12":"instock","13":"purchasable","14":"product-type-simple"},"supplier_id":null,"supplier_sku":"Boho-10","barcode":null,"atum_controlled":true,"out_stock_date":null,"out_stock_threshold":null,"inheritable":false,"inbound_stock":null,"stock_on_hold":0,"sold_today":0,"sales_last_days":0,"reserved_stock":null,"customer_returns":null,"warehouse_damage":null,"lost_in_post":null,"other_logs":null,"out_stock_days":0,"lost_sales":0,"has_location":null,"update_date":"2026-05-08T05:06:06","atum_locations":[],"atum_stock_status":"instock","restock_status":false,"low_stock_amount":"","sales_update_date":"2025-10-09T03:26:45","calc_backorders":null,"_links":{"self":[{"href":"https:\/\/aromasentia.com\/no\/wp-json\/wp\/v2\/product\/204093","targetHints":{"allow":["GET"]}}],"collection":[{"href":"https:\/\/aromasentia.com\/no\/wp-json\/wp\/v2\/product"}],"about":[{"href":"https:\/\/aromasentia.com\/no\/wp-json\/wp\/v2\/types\/product"}],"replies":[{"embeddable":true,"href":"https:\/\/aromasentia.com\/no\/wp-json\/wp\/v2\/comments?post=204093"}],"version-history":[{"count":0,"href":"https:\/\/aromasentia.com\/no\/wp-json\/wp\/v2\/product\/204093\/revisions"}],"wp:featuredmedia":[{"embeddable":true,"href":"https:\/\/aromasentia.com\/no\/wp-json\/wp\/v2\/media\/418448"}],"wp:attachment":[{"href":"https:\/\/aromasentia.com\/no\/wp-json\/wp\/v2\/media?parent=204093"}],"wp:term":[{"taxonomy":"product_brand","embeddable":true,"href":"https:\/\/aromasentia.com\/no\/wp-json\/wp\/v2\/product_brand?post=204093"},{"taxonomy":"product_cat","embeddable":true,"href":"https:\/\/aromasentia.com\/no\/wp-json\/wp\/v2\/product_cat?post=204093"},{"taxonomy":"product_tag","embeddable":true,"href":"https:\/\/aromasentia.com\/no\/wp-json\/wp\/v2\/product_tag?post=204093"}],"curies":[{"name":"wp","href":"https:\/\/api.w.org\/{rel}","templated":true}]}}