{"id":204089,"date":"2025-03-23T11:05:59","date_gmt":"2025-03-23T11:05:59","guid":{"rendered":"https:\/\/aromasentia.com\/product\/gold-crown-lava-stone-gemstone-bracelet\/"},"modified":"2025-05-31T00:29:36","modified_gmt":"2025-05-31T00:29:36","slug":"gullkrone-lavastein-armband","status":"publish","type":"product","link":"https:\/\/aromasentia.com\/no\/gullkrone-lavastein-armband\/","title":{"rendered":"Gullkrone \/ Lavastein &#8211; Armb\u00e5nd"},"content":{"rendered":"<p>Lavastein er f\u00f8dt i brennende svovel som bobler opp til jordoverflaten (og til slutt avkj\u00f8les), og kommer fra jordens kjerne. Lava er en stein dannet av magma som har brutt ut fra en vulkan. S\u00f8lvdelene er laget av blandet metall og gulldelene er laget av kobber.<\/p>\n<p>Lavastein er en jordende stein og kan hjelpe deg med \u00e5 f\u00e5 kontakt med naturen. Siden steinen kommer fra r\u00e5 energi, regnes lavastein som en stein for gjenf\u00f8delse og \u00e5 kvitte seg med un\u00f8dvendige lag med emosjonell tilknytning.<\/p>\n<p>Kult unisex-bling &#8230; flerkulturelt, godt og ondt, himmel og helvete &#8230; Dette bohemske smykket fra Ancient Wisdom er b\u00e5de godteri for \u00f8yet og mat for sjelen &#8230;<\/p>\n<p>V\u00e5r talentfulle designer har innlemmet elementer fra \u00f8stlig og vestlig kultur, blandet med en stor dose mystikk og kongelighet.<\/p>\n<p>Ikke bekymre deg for at armb\u00e5ndene passer n\u00e5r de strekker seg &#8211; \u00e9n st\u00f8rrelse passer alle.<\/p>\n","protected":false},"excerpt":{"rendered":"<p>Lavastein er f\u00f8dt i brennende svovel som bobler opp til jordoverflaten (og til slutt avkj\u00f8les), og kommer fra jordens kjerne. Lava er en stein dannet av magma som har brutt ut fra en vulkan. S\u00f8lvdelene er laget av blandet metall og gulldelene er laget av kobber. Lavastein er en jordende stein og kan hjelpe deg [&hellip;]<\/p>\n","protected":false},"featured_media":418448,"comment_status":"closed","ping_status":"open","template":"","meta":{"_angie_page":false},"product_brand":[],"product_cat":[25207,25221,25665,8586],"product_tag":[],"class_list":{"0":"post-204089","1":"product","2":"type-product","3":"status-publish","4":"has-post-thumbnail","6":"product_cat-armband","7":"product_cat-krystaller-edelsteiner","8":"product_cat-lavastein-basalt","9":"product_cat-smykker-og-tilbehor","10":"pa_collection-boho-bling-gemstones-bracelets-no","11":"pa_made-in-kina","13":"first","14":"instock","15":"purchasable","16":"product-type-simple"},"supplier_id":null,"supplier_sku":"Boho-06","barcode":null,"atum_controlled":true,"out_stock_date":null,"out_stock_threshold":null,"inheritable":false,"inbound_stock":null,"stock_on_hold":0,"sold_today":0,"sales_last_days":0,"reserved_stock":null,"customer_returns":null,"warehouse_damage":null,"lost_in_post":null,"other_logs":null,"out_stock_days":0,"lost_sales":0,"has_location":null,"update_date":"2026-04-27T06:55:20","atum_locations":[],"atum_stock_status":"instock","restock_status":false,"low_stock_amount":"","sales_update_date":"2026-01-30T01:24:25","calc_backorders":null,"_links":{"self":[{"href":"https:\/\/aromasentia.com\/no\/wp-json\/wp\/v2\/product\/204089","targetHints":{"allow":["GET"]}}],"collection":[{"href":"https:\/\/aromasentia.com\/no\/wp-json\/wp\/v2\/product"}],"about":[{"href":"https:\/\/aromasentia.com\/no\/wp-json\/wp\/v2\/types\/product"}],"replies":[{"embeddable":true,"href":"https:\/\/aromasentia.com\/no\/wp-json\/wp\/v2\/comments?post=204089"}],"version-history":[{"count":0,"href":"https:\/\/aromasentia.com\/no\/wp-json\/wp\/v2\/product\/204089\/revisions"}],"wp:featuredmedia":[{"embeddable":true,"href":"https:\/\/aromasentia.com\/no\/wp-json\/wp\/v2\/media\/418448"}],"wp:attachment":[{"href":"https:\/\/aromasentia.com\/no\/wp-json\/wp\/v2\/media?parent=204089"}],"wp:term":[{"taxonomy":"product_brand","embeddable":true,"href":"https:\/\/aromasentia.com\/no\/wp-json\/wp\/v2\/product_brand?post=204089"},{"taxonomy":"product_cat","embeddable":true,"href":"https:\/\/aromasentia.com\/no\/wp-json\/wp\/v2\/product_cat?post=204089"},{"taxonomy":"product_tag","embeddable":true,"href":"https:\/\/aromasentia.com\/no\/wp-json\/wp\/v2\/product_tag?post=204089"}],"curies":[{"name":"wp","href":"https:\/\/api.w.org\/{rel}","templated":true}]}}