{"id":204086,"date":"2025-03-23T11:05:59","date_gmt":"2025-03-23T11:05:59","guid":{"rendered":"https:\/\/aromasentia.com\/product\/hamsa-black-agate-gemstone-bracelet\/"},"modified":"2025-05-31T00:29:22","modified_gmt":"2025-05-31T00:29:22","slug":"hamsa-svart-agat-armband","status":"publish","type":"product","link":"https:\/\/aromasentia.com\/no\/hamsa-svart-agat-armband\/","title":{"rendered":"Hamsa \/ Svart Agat &#8211; Armb\u00e5nd"},"content":{"rendered":"<p>Agat, som alle svarte edelstener, er en beskyttende og jordende krystall. Historisk sett ble agat plassert i vann for matlaging eller drikking for \u00e5 fordrive sykdom.<\/p>\n<p>Agat er kjent for \u00e5 tiltrekke seg lykke inn i livet og eliminere uflaks. Agat er den perfekte steinen for en konkurrent, da den bringer mot og suksess i konkurranse, og den enkle engelvingeanhenget gir beskyttelse.<\/p>\n<p>Kult unisex-bling &#8230; flerkulturelt, godt og ondt, himmel og helvete &#8230; Dette bohemske smykket fra Ancient Wisdom er b\u00e5de \u00f8yegodt og sjelmat &#8230;<\/p>\n<p>V\u00e5r talentfulle designer har innlemmet elementer fra \u00f8stlig og vestlig kultur, blandet med en stor dose mystikk og kongelighet.<\/p>\n<p>Ikke bekymre deg for at armb\u00e5ndene passer n\u00e5r de strekker seg &#8211; \u00e9n st\u00f8rrelse passer alle.<\/p>\n","protected":false},"excerpt":{"rendered":"<p>Agat, som alle svarte edelstener, er en beskyttende og jordende krystall. Historisk sett ble agat plassert i vann for matlaging eller drikking for \u00e5 fordrive sykdom. Agat er kjent for \u00e5 tiltrekke seg lykke inn i livet og eliminere uflaks. Agat er den perfekte steinen for en konkurrent, da den bringer mot og suksess i [&hellip;]<\/p>\n","protected":false},"featured_media":418431,"comment_status":"closed","ping_status":"open","template":"","meta":{"_angie_page":false},"product_brand":[],"product_cat":[25539,25207,25221,8586],"product_tag":[],"class_list":{"0":"post-204086","1":"product","2":"type-product","3":"status-publish","4":"has-post-thumbnail","6":"product_cat-agat","7":"product_cat-armband","8":"product_cat-krystaller-edelsteiner","9":"product_cat-smykker-og-tilbehor","10":"pa_collection-boho-bling-gemstones-bracelets-no","11":"pa_made-in-kina","13":"first","14":"instock","15":"purchasable","16":"product-type-simple"},"supplier_id":null,"supplier_sku":"Boho-03","barcode":null,"atum_controlled":true,"out_stock_date":null,"out_stock_threshold":null,"inheritable":false,"inbound_stock":null,"stock_on_hold":0,"sold_today":0,"sales_last_days":0,"reserved_stock":null,"customer_returns":null,"warehouse_damage":null,"lost_in_post":null,"other_logs":null,"out_stock_days":0,"lost_sales":0,"has_location":null,"update_date":"2026-05-08T05:06:06","atum_locations":[],"atum_stock_status":"instock","restock_status":false,"low_stock_amount":"","sales_update_date":"2026-01-30T01:25:02","calc_backorders":null,"_links":{"self":[{"href":"https:\/\/aromasentia.com\/no\/wp-json\/wp\/v2\/product\/204086","targetHints":{"allow":["GET"]}}],"collection":[{"href":"https:\/\/aromasentia.com\/no\/wp-json\/wp\/v2\/product"}],"about":[{"href":"https:\/\/aromasentia.com\/no\/wp-json\/wp\/v2\/types\/product"}],"replies":[{"embeddable":true,"href":"https:\/\/aromasentia.com\/no\/wp-json\/wp\/v2\/comments?post=204086"}],"version-history":[{"count":0,"href":"https:\/\/aromasentia.com\/no\/wp-json\/wp\/v2\/product\/204086\/revisions"}],"wp:featuredmedia":[{"embeddable":true,"href":"https:\/\/aromasentia.com\/no\/wp-json\/wp\/v2\/media\/418431"}],"wp:attachment":[{"href":"https:\/\/aromasentia.com\/no\/wp-json\/wp\/v2\/media?parent=204086"}],"wp:term":[{"taxonomy":"product_brand","embeddable":true,"href":"https:\/\/aromasentia.com\/no\/wp-json\/wp\/v2\/product_brand?post=204086"},{"taxonomy":"product_cat","embeddable":true,"href":"https:\/\/aromasentia.com\/no\/wp-json\/wp\/v2\/product_cat?post=204086"},{"taxonomy":"product_tag","embeddable":true,"href":"https:\/\/aromasentia.com\/no\/wp-json\/wp\/v2\/product_tag?post=204086"}],"curies":[{"name":"wp","href":"https:\/\/api.w.org\/{rel}","templated":true}]}}