{"id":204070,"date":"2025-03-23T11:05:59","date_gmt":"2025-03-23T11:05:59","guid":{"rendered":"https:\/\/aromasentia.com\/product\/tri-hita-karana-bangle-believe\/"},"modified":"2025-05-31T00:28:42","modified_gmt":"2025-05-31T00:28:42","slug":"tri-hita-karana-armring-believe","status":"publish","type":"product","link":"https:\/\/aromasentia.com\/no\/tri-hita-karana-armring-believe\/","title":{"rendered":"Tri Hita Karana Armring &#8211; Believe"},"content":{"rendered":"<p><strong>Aroma Sentia<\/strong> armb\u00e5nd refererer til den <strong>tradisjonelle livsfilosofien &#8211; Tri Hita Karana<\/strong>, popul\u00e6r p\u00e5 \u00f8ya Bali, Indonesia. Tri Hita Katana handler om balanse. <strong>Tri = tre<\/strong>, <strong>hita = lykke, karana = elementer.<\/strong><\/p>\n<p><strong><span style=\"color: rgb(141, 186, 216);\"><strong>Legg til i produktportef\u00f8ljen din og bestill i dag. Legg til litt arm candy i nettbutikkens smykkehj\u00f8rne.<\/strong><\/span><strong><\/p>\n","protected":false},"excerpt":{"rendered":"<p>Aroma Sentia armb\u00e5nd refererer til den tradisjonelle livsfilosofien &#8211; Tri Hita Karana, popul\u00e6r p\u00e5 \u00f8ya Bali, Indonesia. Tri Hita Katana handler om balanse. Tri = tre, hita = lykke, karana = elementer. Legg til i produktportef\u00f8ljen din og bestill i dag. Legg til litt arm candy i nettbutikkens smykkehj\u00f8rne.<\/p>\n","protected":false},"featured_media":418135,"comment_status":"closed","ping_status":"open","template":"","meta":[],"product_brand":[],"product_cat":[8586],"product_tag":[],"class_list":{"0":"post-204070","1":"product","2":"type-product","3":"status-publish","4":"has-post-thumbnail","6":"product_cat-smykker-og-tilbehor","7":"pa_collection-tri-hita-karana-bangle-no","8":"pa_made-in-indonesia","10":"first","11":"instock","12":"purchasable","13":"product-type-simple"},"supplier_id":null,"supplier_sku":"BBA-01","barcode":null,"atum_controlled":true,"out_stock_date":null,"out_stock_threshold":null,"inheritable":false,"inbound_stock":null,"stock_on_hold":0,"sold_today":0,"sales_last_days":0,"reserved_stock":null,"customer_returns":null,"warehouse_damage":null,"lost_in_post":null,"other_logs":null,"out_stock_days":0,"lost_sales":0,"has_location":null,"update_date":"2026-02-06T00:01:18","atum_locations":[],"atum_stock_status":"instock","restock_status":false,"low_stock_amount":"","sales_update_date":"2026-02-06T00:01:18","calc_backorders":null,"_links":{"self":[{"href":"https:\/\/aromasentia.com\/no\/wp-json\/wp\/v2\/product\/204070","targetHints":{"allow":["GET"]}}],"collection":[{"href":"https:\/\/aromasentia.com\/no\/wp-json\/wp\/v2\/product"}],"about":[{"href":"https:\/\/aromasentia.com\/no\/wp-json\/wp\/v2\/types\/product"}],"replies":[{"embeddable":true,"href":"https:\/\/aromasentia.com\/no\/wp-json\/wp\/v2\/comments?post=204070"}],"version-history":[{"count":0,"href":"https:\/\/aromasentia.com\/no\/wp-json\/wp\/v2\/product\/204070\/revisions"}],"wp:featuredmedia":[{"embeddable":true,"href":"https:\/\/aromasentia.com\/no\/wp-json\/wp\/v2\/media\/418135"}],"wp:attachment":[{"href":"https:\/\/aromasentia.com\/no\/wp-json\/wp\/v2\/media?parent=204070"}],"wp:term":[{"taxonomy":"product_brand","embeddable":true,"href":"https:\/\/aromasentia.com\/no\/wp-json\/wp\/v2\/product_brand?post=204070"},{"taxonomy":"product_cat","embeddable":true,"href":"https:\/\/aromasentia.com\/no\/wp-json\/wp\/v2\/product_cat?post=204070"},{"taxonomy":"product_tag","embeddable":true,"href":"https:\/\/aromasentia.com\/no\/wp-json\/wp\/v2\/product_tag?post=204070"}],"curies":[{"name":"wp","href":"https:\/\/api.w.org\/{rel}","templated":true}]}}