{"id":204069,"date":"2025-03-23T11:05:59","date_gmt":"2025-03-23T11:05:59","guid":{"rendered":"https:\/\/aromasentia.com\/product\/power-bracelet-chakra-stones\/"},"modified":"2025-05-31T00:28:39","modified_gmt":"2025-05-31T00:28:39","slug":"power-armband-chakra-stener","status":"publish","type":"product","link":"https:\/\/aromasentia.com\/no\/power-armband-chakra-stener\/","title":{"rendered":"Power Armb\u00e5nd &#8211; Chakra-Stener"},"content":{"rendered":"<p><span style=\"color: rgb(75, 80, 88);\">Pynt opp portef\u00f8ljesamlingen din med v\u00e5re chakrasteinsarmb\u00e5nd.<\/span><\/p>\n<p><span style=\"color: rgb(75, 80, 88);\">Utnytt den eldgamle visdommen til chakrasteinene, med ametyst, steinkvarts, sodalitt, gr\u00f8nn aventurin, svart agat, honningkrystall og karneol. Hver stein korresponderer med de syv forskjellige chakraene, og bringer et unikt sett med energier og fordeler.<\/span><\/p>\n<p><span style=\"color: rgb(75, 80, 88);\">Den uts\u00f8kte blandingen av disse livlige edelstenene gir ikke bare et snev av sjarm til butikken din, men b\u00e6rer ogs\u00e5 med seg <strong>en rikdom av tro p\u00e5 deres krefter.<\/strong> Ametyst for \u00e5ndelig balanse, bergkvarts for klarhet, sodalitt for kommunikasjon, gr\u00f8nn aventurin for flaks, svart agat for beskyttelse, honningkrystall for kreativitet og karneol for vitalitet.<\/span><\/p>\n<p><span style=\"color: rgb(75, 80, 88);\">Disse armb\u00e5ndene er ikke bare tilbeh\u00f8r; De antas \u00e5 <strong>bidra til \u00e5 justere og balansere energisentrene i kroppen, og fremme mental og fysisk harmoni.<\/strong> Steinene med en diameter p\u00e5 8 mm er elegant tredd sammen med stretch, noe som sikrer en perfekt passform for alle kundene dine.<\/span><\/p>\n<p><span style=\"color: rgb(75, 80, 88);\">Enten det er en jubileum, jul, valentinsfeiring, bursdager eller en selvfork\u00e6lende godbit, er dette Chakra Stones Power Bracelet en <strong>omtenksom og unik gave.<\/strong><\/span><\/p>\n<p><span style=\"color: rgb(75, 80, 88);\"><strong>Bestill i dag og tilby kundene dine en uimotst\u00e5elig blanding av stil og positiv energi.<\/strong><\/span><\/p>\n","protected":false},"excerpt":{"rendered":"<p>Pynt opp portef\u00f8ljesamlingen din med v\u00e5re chakrasteinsarmb\u00e5nd. Utnytt den eldgamle visdommen til chakrasteinene, med ametyst, steinkvarts, sodalitt, gr\u00f8nn aventurin, svart agat, honningkrystall og karneol. Hver stein korresponderer med de syv forskjellige chakraene, og bringer et unikt sett med energier og fordeler. Den uts\u00f8kte blandingen av disse livlige edelstenene gir ikke bare et snev av sjarm [&hellip;]<\/p>\n","protected":false},"featured_media":418054,"comment_status":"closed","ping_status":"open","template":"","meta":{"_angie_page":false},"product_brand":[],"product_cat":[25207,8586],"product_tag":[],"class_list":{"0":"post-204069","1":"product","2":"type-product","3":"status-publish","4":"has-post-thumbnail","6":"product_cat-armband","7":"product_cat-smykker-og-tilbehor","8":"pa_collection-power-bracelets-no","9":"pa_made-in-kina","11":"first","12":"instock","13":"purchasable","14":"product-type-simple"},"supplier_id":null,"supplier_sku":"AWPS-13","barcode":null,"atum_controlled":true,"out_stock_date":null,"out_stock_threshold":null,"inheritable":false,"inbound_stock":null,"stock_on_hold":0,"sold_today":0,"sales_last_days":0,"reserved_stock":null,"customer_returns":null,"warehouse_damage":null,"lost_in_post":null,"other_logs":null,"out_stock_days":0,"lost_sales":0,"has_location":null,"update_date":"2026-04-27T06:52:53","atum_locations":[],"atum_stock_status":"instock","restock_status":false,"low_stock_amount":"","sales_update_date":"2025-10-09T03:24:48","calc_backorders":null,"_links":{"self":[{"href":"https:\/\/aromasentia.com\/no\/wp-json\/wp\/v2\/product\/204069","targetHints":{"allow":["GET"]}}],"collection":[{"href":"https:\/\/aromasentia.com\/no\/wp-json\/wp\/v2\/product"}],"about":[{"href":"https:\/\/aromasentia.com\/no\/wp-json\/wp\/v2\/types\/product"}],"replies":[{"embeddable":true,"href":"https:\/\/aromasentia.com\/no\/wp-json\/wp\/v2\/comments?post=204069"}],"version-history":[{"count":0,"href":"https:\/\/aromasentia.com\/no\/wp-json\/wp\/v2\/product\/204069\/revisions"}],"wp:featuredmedia":[{"embeddable":true,"href":"https:\/\/aromasentia.com\/no\/wp-json\/wp\/v2\/media\/418054"}],"wp:attachment":[{"href":"https:\/\/aromasentia.com\/no\/wp-json\/wp\/v2\/media?parent=204069"}],"wp:term":[{"taxonomy":"product_brand","embeddable":true,"href":"https:\/\/aromasentia.com\/no\/wp-json\/wp\/v2\/product_brand?post=204069"},{"taxonomy":"product_cat","embeddable":true,"href":"https:\/\/aromasentia.com\/no\/wp-json\/wp\/v2\/product_cat?post=204069"},{"taxonomy":"product_tag","embeddable":true,"href":"https:\/\/aromasentia.com\/no\/wp-json\/wp\/v2\/product_tag?post=204069"}],"curies":[{"name":"wp","href":"https:\/\/api.w.org\/{rel}","templated":true}]}}