{"id":204059,"date":"2025-03-23T11:05:59","date_gmt":"2025-03-23T11:05:59","guid":{"rendered":"https:\/\/aromasentia.com\/product\/power-bracelet-white-jasper\/"},"modified":"2025-05-31T00:28:06","modified_gmt":"2025-05-31T00:28:06","slug":"power-armband-hvit-jaspis","status":"publish","type":"product","link":"https:\/\/aromasentia.com\/no\/power-armband-hvit-jaspis\/","title":{"rendered":"Power Armb\u00e5nd &#8211; Hvit Jaspis"},"content":{"rendered":"<p><span style=\"color: rgb(75, 80, 88);\">Dette vakre<strong>Power Bracelet &#8211; Hvit Jaspis<\/strong>-armb\u00e5ndet vil se nydelig ut med ethvert antrekk.<\/span><\/p>\n<p><span style=\"color: rgb(75, 80, 88);\">Ikke bare er det vakkert, men du trenger heller ikke bekymre deg for at de passer kundene dine, siden de har stretch i seg, slik at ingen kunder trenger \u00e5 g\u00e5 glipp av dette unike armb\u00e5ndet.<\/span><\/p>\n<p><span style=\"color: rgb(75, 80, 88);\">Det er en perfekt gave til jubileer, jul, valentiner og bursdager.<\/span><\/p>\n<p><span style=\"color: rgb(75, 80, 88);\">Edelstenenes diameter er ca. 8 mm<\/span><\/p>\n","protected":false},"excerpt":{"rendered":"<p>Dette vakrePower Bracelet &#8211; Hvit Jaspis-armb\u00e5ndet vil se nydelig ut med ethvert antrekk. Ikke bare er det vakkert, men du trenger heller ikke bekymre deg for at de passer kundene dine, siden de har stretch i seg, slik at ingen kunder trenger \u00e5 g\u00e5 glipp av dette unike armb\u00e5ndet. Det er en perfekt gave til [&hellip;]<\/p>\n","protected":false},"featured_media":417228,"comment_status":"closed","ping_status":"open","template":"","meta":{"_angie_page":false},"product_brand":[],"product_cat":[25207,25647,25221,8586],"product_tag":[],"class_list":{"0":"post-204059","1":"product","2":"type-product","3":"status-publish","4":"has-post-thumbnail","6":"product_cat-armband","7":"product_cat-jaspis","8":"product_cat-krystaller-edelsteiner","9":"product_cat-smykker-og-tilbehor","10":"pa_collection-power-bracelets-no","11":"pa_made-in-kina","13":"first","14":"instock","15":"purchasable","16":"product-type-simple"},"supplier_id":null,"supplier_sku":"AWPS-03","barcode":null,"atum_controlled":true,"out_stock_date":null,"out_stock_threshold":null,"inheritable":false,"inbound_stock":null,"stock_on_hold":0,"sold_today":0,"sales_last_days":0,"reserved_stock":null,"customer_returns":null,"warehouse_damage":null,"lost_in_post":null,"other_logs":null,"out_stock_days":0,"lost_sales":0,"has_location":null,"update_date":"2026-04-27T06:52:46","atum_locations":[],"atum_stock_status":"instock","restock_status":false,"low_stock_amount":"","sales_update_date":"2025-10-09T03:24:47","calc_backorders":null,"_links":{"self":[{"href":"https:\/\/aromasentia.com\/no\/wp-json\/wp\/v2\/product\/204059","targetHints":{"allow":["GET"]}}],"collection":[{"href":"https:\/\/aromasentia.com\/no\/wp-json\/wp\/v2\/product"}],"about":[{"href":"https:\/\/aromasentia.com\/no\/wp-json\/wp\/v2\/types\/product"}],"replies":[{"embeddable":true,"href":"https:\/\/aromasentia.com\/no\/wp-json\/wp\/v2\/comments?post=204059"}],"version-history":[{"count":0,"href":"https:\/\/aromasentia.com\/no\/wp-json\/wp\/v2\/product\/204059\/revisions"}],"wp:featuredmedia":[{"embeddable":true,"href":"https:\/\/aromasentia.com\/no\/wp-json\/wp\/v2\/media\/417228"}],"wp:attachment":[{"href":"https:\/\/aromasentia.com\/no\/wp-json\/wp\/v2\/media?parent=204059"}],"wp:term":[{"taxonomy":"product_brand","embeddable":true,"href":"https:\/\/aromasentia.com\/no\/wp-json\/wp\/v2\/product_brand?post=204059"},{"taxonomy":"product_cat","embeddable":true,"href":"https:\/\/aromasentia.com\/no\/wp-json\/wp\/v2\/product_cat?post=204059"},{"taxonomy":"product_tag","embeddable":true,"href":"https:\/\/aromasentia.com\/no\/wp-json\/wp\/v2\/product_tag?post=204059"}],"curies":[{"name":"wp","href":"https:\/\/api.w.org\/{rel}","templated":true}]}}