{"id":204056,"date":"2025-03-23T11:05:59","date_gmt":"2025-03-23T11:05:59","guid":{"rendered":"https:\/\/aromasentia.com\/product\/chipstone-bracelet-chakra-stones\/"},"modified":"2025-05-31T00:27:59","modified_gmt":"2025-05-31T00:27:59","slug":"chipstone-armband-chakra-stones","status":"publish","type":"product","link":"https:\/\/aromasentia.com\/no\/chipstone-armband-chakra-stones\/","title":{"rendered":"Chipstone Armb\u00e5nd &#8211; Chakra Stones"},"content":{"rendered":"<p><span style=\"color: rgb(75, 80, 88);\">Utforsk den harmoniske energien til Chipstone Chakra-armb\u00e5ndene, med et n\u00f8ye utvalgt utvalg av edelstener som representerer de syv chakraene \u2013 energisentrene som antas \u00e5 p\u00e5virke fysisk, emosjonell og \u00e5ndelig velv\u00e6re.<\/span><\/p>\n<p><span style=\"color: rgb(75, 80, 88);\">Disse armb\u00e5ndene viser frem edelstener som ametyst, steinkvarts, sodalitt, gr\u00f8nn aventurin, hematitt, gul aventurin og karneol, hver assosiert med spesifikke chakraer og deres unike egenskaper:<\/span><\/p>\n<ul>\n<li><span style=\"color: rgb(85, 57, 130);\"><strong>Ametyst<\/strong><\/span><span style=\"color: rgb(0, 0, 0);\">&nbsp;<\/span><span style=\"color: rgb(75, 80, 88);\">(Kronechakra og tredje \u00f8yechakra) &#8211; Intuisjon, \u00e5ndelig forbindelse, visdom, innsikt, dr\u00f8mmer<\/span><\/li>\n<li><span style=\"color: rgb(41, 105, 176);\"><strong>Sodalitt<\/strong><\/span><span style=\"color: rgb(75, 80, 88);\"> (Halschakra og Tredje \u00f8ye-chakra) &#8211; Kommunikasjon, uttrykk, sannhet, intuisjon, innsikt<\/span><\/li>\n<li><span style=\"color: rgb(97, 189, 109);\"><strong>Gr\u00f8nn aventurin<\/strong><\/span><span style=\"color: rgb(75, 80, 88);\"> (Hjertechakra) &#8211; Kj\u00e6rlighet, medf\u00f8lelse, empati, vekst, overflod<\/span><\/li>\n<li><span style=\"color: rgb(250, 197, 28);\"><strong>Gul aventurin<\/strong><\/span><span style=\"color: rgb(75, 80, 88);\"> (Solarplexus-chakra) &#8211; Personlig kraft, selvtillit, optimisme, kreativitet, overflod<\/span><\/li>\n<li><span style=\"color: rgb(243, 121, 52);\"><strong>Karneol<\/strong><\/span><span style=\"color: rgb(75, 80, 88);\"> (Sakral chakra og Rotchakra) &#8211; Lidenskap, motivasjon, mot, vitalitet, jording<\/span><\/li>\n<li><span style=\"color: rgb(0, 0, 0);\"><strong>Hematitt<\/strong><\/span><span style=\"color: rgb(75, 80, 88);\"> (Rotchakra) &#8211; Jording, beskyttelse, stabilitet, trygghet, mot<\/span><\/li>\n<li><span style=\"color: rgb(204, 204, 204);\"><strong>Steinkvarts<\/strong><\/span><span style=\"color: rgb(75, 80, 88);\"> (Kronechakra) &#8211; Forsterkning av energi, klarhet, rensing, bevissthet, helbredelse<\/span><\/li>\n<\/ul>\n<p><span style=\"color: rgb(75, 80, 88);\"><strong>Disse armb\u00e5ndene er designet for \u00e5 passe alle h\u00e5ndleddsst\u00f8rrelser, og er tredd p\u00e5 en komfortabel stretchsnor, og tilpasser seg s\u00f8ml\u00f8st til enhver individ<\/strong>.&nbsp;<\/span><\/p>\n<p><span style=\"color: rgb(141, 186, 216);\"><strong>Fordyp deg i de helhetlige fordelene med disse edelstenene, og forbedre din generelle f\u00f8lelse av balanse og velv\u00e6re.<\/strong><\/span><\/p>\n","protected":false},"excerpt":{"rendered":"<p>Utforsk den harmoniske energien til Chipstone Chakra-armb\u00e5ndene, med et n\u00f8ye utvalgt utvalg av edelstener som representerer de syv chakraene \u2013 energisentrene som antas \u00e5 p\u00e5virke fysisk, emosjonell og \u00e5ndelig velv\u00e6re. Disse armb\u00e5ndene viser frem edelstener som ametyst, steinkvarts, sodalitt, gr\u00f8nn aventurin, hematitt, gul aventurin og karneol, hver assosiert med spesifikke chakraer og deres unike egenskaper: [&hellip;]<\/p>\n","protected":false},"featured_media":417065,"comment_status":"closed","ping_status":"open","template":"","meta":{"_angie_page":false},"product_brand":[],"product_cat":[25207,8586],"product_tag":[],"class_list":{"0":"post-204056","1":"product","2":"type-product","3":"status-publish","4":"has-post-thumbnail","6":"product_cat-armband","7":"product_cat-smykker-og-tilbehor","8":"pa_collection-chipstones-bracelets-no","9":"pa_made-in-kina","11":"first","12":"instock","13":"purchasable","14":"product-type-simple"},"supplier_id":null,"supplier_sku":"AWCB-13DS","barcode":null,"atum_controlled":true,"out_stock_date":null,"out_stock_threshold":null,"inheritable":false,"inbound_stock":null,"stock_on_hold":0,"sold_today":0,"sales_last_days":0,"reserved_stock":null,"customer_returns":null,"warehouse_damage":null,"lost_in_post":null,"other_logs":null,"out_stock_days":0,"lost_sales":0,"has_location":null,"update_date":"2026-04-27T06:51:44","atum_locations":[],"atum_stock_status":"instock","restock_status":false,"low_stock_amount":"","sales_update_date":"2025-10-09T03:24:05","calc_backorders":null,"_links":{"self":[{"href":"https:\/\/aromasentia.com\/no\/wp-json\/wp\/v2\/product\/204056","targetHints":{"allow":["GET"]}}],"collection":[{"href":"https:\/\/aromasentia.com\/no\/wp-json\/wp\/v2\/product"}],"about":[{"href":"https:\/\/aromasentia.com\/no\/wp-json\/wp\/v2\/types\/product"}],"replies":[{"embeddable":true,"href":"https:\/\/aromasentia.com\/no\/wp-json\/wp\/v2\/comments?post=204056"}],"version-history":[{"count":0,"href":"https:\/\/aromasentia.com\/no\/wp-json\/wp\/v2\/product\/204056\/revisions"}],"wp:featuredmedia":[{"embeddable":true,"href":"https:\/\/aromasentia.com\/no\/wp-json\/wp\/v2\/media\/417065"}],"wp:attachment":[{"href":"https:\/\/aromasentia.com\/no\/wp-json\/wp\/v2\/media?parent=204056"}],"wp:term":[{"taxonomy":"product_brand","embeddable":true,"href":"https:\/\/aromasentia.com\/no\/wp-json\/wp\/v2\/product_brand?post=204056"},{"taxonomy":"product_cat","embeddable":true,"href":"https:\/\/aromasentia.com\/no\/wp-json\/wp\/v2\/product_cat?post=204056"},{"taxonomy":"product_tag","embeddable":true,"href":"https:\/\/aromasentia.com\/no\/wp-json\/wp\/v2\/product_tag?post=204056"}],"curies":[{"name":"wp","href":"https:\/\/api.w.org\/{rel}","templated":true}]}}