{"id":204052,"date":"2025-03-23T11:05:59","date_gmt":"2025-03-23T11:05:59","guid":{"rendered":"https:\/\/aromasentia.com\/product\/chipstone-bracelet-green-jasper\/"},"modified":"2025-05-31T00:27:50","modified_gmt":"2025-05-31T00:27:50","slug":"chipstone-armband-gronn-jaspis","status":"publish","type":"product","link":"https:\/\/aromasentia.com\/no\/chipstone-armband-gronn-jaspis\/","title":{"rendered":"Chipstone Armb\u00e5nd &#8211; Gr\u00f8nn Jaspis"},"content":{"rendered":"<p>Dette vakre armb\u00e5ndet i stein \u2013 gr\u00f8nt jaspis vil se nydelig ut med ethvert antrekk.<\/p>\n<p><\/p>\n<p>Det er en perfekt gave til jubileer, jul, valentinsfeiringer og bursdager.<\/p>\n<p><span style=\"color: rgb(75, 80, 88);\"><strong>Disse armb\u00e5ndene er designet for \u00e5 passe alle h\u00e5ndleddsst\u00f8rrelser, og er tredd p\u00e5 en komfortabel elastisk snor, slik at de tilpasser seg s\u00f8ml\u00f8st til enhver person.<\/span><\/p>\n<p><span style=\"color: rgb(141, 186, 216);\"><strong>Fordyp deg i de helhetlige fordelene med disse edelstenene, og forbedre din generelle f\u00f8lelse av balanse og velv\u00e6re.<\/strong><\/span><\/p>\n","protected":false},"excerpt":{"rendered":"<p>Dette vakre armb\u00e5ndet i stein \u2013 gr\u00f8nt jaspis vil se nydelig ut med ethvert antrekk. Det er en perfekt gave til jubileer, jul, valentinsfeiringer og bursdager. Disse armb\u00e5ndene er designet for \u00e5 passe alle h\u00e5ndleddsst\u00f8rrelser, og er tredd p\u00e5 en komfortabel elastisk snor, slik at de tilpasser seg s\u00f8ml\u00f8st til enhver person. Fordyp deg i [&hellip;]<\/p>\n","protected":false},"featured_media":416837,"comment_status":"closed","ping_status":"open","template":"","meta":[],"product_brand":[],"product_cat":[25207,25647,25221,8586],"product_tag":[],"class_list":{"0":"post-204052","1":"product","2":"type-product","3":"status-publish","4":"has-post-thumbnail","6":"product_cat-armband","7":"product_cat-jaspis","8":"product_cat-krystaller-edelsteiner","9":"product_cat-smykker-og-tilbehor","10":"pa_collection-chipstones-bracelets-no","11":"pa_made-in-kina","13":"first","14":"instock","15":"purchasable","16":"product-type-simple"},"supplier_id":null,"supplier_sku":"AWCB-09DS","barcode":null,"atum_controlled":true,"out_stock_date":null,"out_stock_threshold":null,"inheritable":false,"inbound_stock":null,"stock_on_hold":0,"sold_today":0,"sales_last_days":0,"reserved_stock":null,"customer_returns":null,"warehouse_damage":null,"lost_in_post":null,"other_logs":null,"out_stock_days":0,"lost_sales":0,"has_location":null,"update_date":"2026-02-12T03:52:30","atum_locations":[],"atum_stock_status":"instock","restock_status":false,"low_stock_amount":"","sales_update_date":"2025-10-09T03:24:05","calc_backorders":null,"_links":{"self":[{"href":"https:\/\/aromasentia.com\/no\/wp-json\/wp\/v2\/product\/204052","targetHints":{"allow":["GET"]}}],"collection":[{"href":"https:\/\/aromasentia.com\/no\/wp-json\/wp\/v2\/product"}],"about":[{"href":"https:\/\/aromasentia.com\/no\/wp-json\/wp\/v2\/types\/product"}],"replies":[{"embeddable":true,"href":"https:\/\/aromasentia.com\/no\/wp-json\/wp\/v2\/comments?post=204052"}],"version-history":[{"count":0,"href":"https:\/\/aromasentia.com\/no\/wp-json\/wp\/v2\/product\/204052\/revisions"}],"wp:featuredmedia":[{"embeddable":true,"href":"https:\/\/aromasentia.com\/no\/wp-json\/wp\/v2\/media\/416837"}],"wp:attachment":[{"href":"https:\/\/aromasentia.com\/no\/wp-json\/wp\/v2\/media?parent=204052"}],"wp:term":[{"taxonomy":"product_brand","embeddable":true,"href":"https:\/\/aromasentia.com\/no\/wp-json\/wp\/v2\/product_brand?post=204052"},{"taxonomy":"product_cat","embeddable":true,"href":"https:\/\/aromasentia.com\/no\/wp-json\/wp\/v2\/product_cat?post=204052"},{"taxonomy":"product_tag","embeddable":true,"href":"https:\/\/aromasentia.com\/no\/wp-json\/wp\/v2\/product_tag?post=204052"}],"curies":[{"name":"wp","href":"https:\/\/api.w.org\/{rel}","templated":true}]}}