{"id":204048,"date":"2025-03-23T11:05:59","date_gmt":"2025-03-23T11:05:59","guid":{"rendered":"https:\/\/aromasentia.com\/product\/chipstone-bracelet-rose-quartz\/"},"modified":"2025-05-31T00:27:41","modified_gmt":"2025-05-31T00:27:41","slug":"chipstone-armband-rosenkvarts","status":"publish","type":"product","link":"https:\/\/aromasentia.com\/no\/chipstone-armband-rosenkvarts\/","title":{"rendered":"Chipstone Armb\u00e5nd &#8211; Rosenkvarts"},"content":{"rendered":"<p>Dette vakre armb\u00e5ndet i stein og rosenkvarts vil se flott ut med ethvert antrekk.<\/p>\n<p><\/p>\n<p>Det er en perfekt gave til jubileer, jul, valentinsfeiringer og bursdager.<\/p>\n<p><span style=\"color: rgb(75, 80, 88);\"><strong>Disse armb\u00e5ndene er designet for \u00e5 passe alle h\u00e5ndleddsst\u00f8rrelser, og er tredd p\u00e5 en komfortabel elastisk snor, og tilpasser seg s\u00f8ml\u00f8st til enhver person.<\/span><\/p>\n<p><span style=\"color: rgb(141, 186, 216);\"><strong>Fordyp deg i de helhetlige fordelene med disse edelstenene, og forbedre din generelle f\u00f8lelse av balanse og velv\u00e6re.<\/strong><\/span><\/p>\n","protected":false},"excerpt":{"rendered":"<p>Dette vakre armb\u00e5ndet i stein og rosenkvarts vil se flott ut med ethvert antrekk. Det er en perfekt gave til jubileer, jul, valentinsfeiringer og bursdager. Disse armb\u00e5ndene er designet for \u00e5 passe alle h\u00e5ndleddsst\u00f8rrelser, og er tredd p\u00e5 en komfortabel elastisk snor, og tilpasser seg s\u00f8ml\u00f8st til enhver person. Fordyp deg i de helhetlige fordelene [&hellip;]<\/p>\n","protected":false},"featured_media":416625,"comment_status":"closed","ping_status":"open","template":"","meta":[],"product_brand":[],"product_cat":[25207,25221,25734,25746,8586],"product_tag":[],"class_list":{"0":"post-204048","1":"product","2":"type-product","3":"status-publish","4":"has-post-thumbnail","6":"product_cat-armband","7":"product_cat-krystaller-edelsteiner","8":"product_cat-kvarts","9":"product_cat-rosenkvarts","10":"product_cat-smykker-og-tilbehor","11":"pa_collection-chipstones-bracelets-no","12":"pa_made-in-kina","14":"first","15":"instock","16":"purchasable","17":"product-type-simple"},"supplier_id":null,"supplier_sku":"AWCB-05DS","barcode":null,"atum_controlled":true,"out_stock_date":null,"out_stock_threshold":null,"inheritable":false,"inbound_stock":null,"stock_on_hold":0,"sold_today":0,"sales_last_days":0,"reserved_stock":null,"customer_returns":null,"warehouse_damage":null,"lost_in_post":null,"other_logs":null,"out_stock_days":0,"lost_sales":0,"has_location":null,"update_date":"2026-02-10T08:31:02","atum_locations":[],"atum_stock_status":"instock","restock_status":false,"low_stock_amount":"","sales_update_date":"2025-10-09T03:24:04","calc_backorders":null,"_links":{"self":[{"href":"https:\/\/aromasentia.com\/no\/wp-json\/wp\/v2\/product\/204048","targetHints":{"allow":["GET"]}}],"collection":[{"href":"https:\/\/aromasentia.com\/no\/wp-json\/wp\/v2\/product"}],"about":[{"href":"https:\/\/aromasentia.com\/no\/wp-json\/wp\/v2\/types\/product"}],"replies":[{"embeddable":true,"href":"https:\/\/aromasentia.com\/no\/wp-json\/wp\/v2\/comments?post=204048"}],"version-history":[{"count":0,"href":"https:\/\/aromasentia.com\/no\/wp-json\/wp\/v2\/product\/204048\/revisions"}],"wp:featuredmedia":[{"embeddable":true,"href":"https:\/\/aromasentia.com\/no\/wp-json\/wp\/v2\/media\/416625"}],"wp:attachment":[{"href":"https:\/\/aromasentia.com\/no\/wp-json\/wp\/v2\/media?parent=204048"}],"wp:term":[{"taxonomy":"product_brand","embeddable":true,"href":"https:\/\/aromasentia.com\/no\/wp-json\/wp\/v2\/product_brand?post=204048"},{"taxonomy":"product_cat","embeddable":true,"href":"https:\/\/aromasentia.com\/no\/wp-json\/wp\/v2\/product_cat?post=204048"},{"taxonomy":"product_tag","embeddable":true,"href":"https:\/\/aromasentia.com\/no\/wp-json\/wp\/v2\/product_tag?post=204048"}],"curies":[{"name":"wp","href":"https:\/\/api.w.org\/{rel}","templated":true}]}}