{"id":204046,"date":"2025-03-23T11:05:59","date_gmt":"2025-03-23T11:05:59","guid":{"rendered":"https:\/\/aromasentia.com\/product\/chipstone-bracelet-white-jasper\/"},"modified":"2025-05-31T00:27:28","modified_gmt":"2025-05-31T00:27:28","slug":"chipstone-armband-hvit-jaspis","status":"publish","type":"product","link":"https:\/\/aromasentia.com\/no\/chipstone-armband-hvit-jaspis\/","title":{"rendered":"Chipstone Armb\u00e5nd &#8211; Hvit Jaspis"},"content":{"rendered":"<p>&nbsp;Dette vakre armb\u00e5ndet i stein \u2013 hvit jaspis vil se nydelig ut med ethvert antrekk.&nbsp;<\/p>\n<p><\/p>\n<p>Det er en perfekt gave til jubileer, jul, valentinsfeiringer og bursdager.&nbsp;<\/p>\n<p><span style=\"color: rgb(75, 80, 88);\"><strong>Disse armb\u00e5ndene er designet for \u00e5 passe alle h\u00e5ndleddsst\u00f8rrelser, og er tredd p\u00e5 en komfortabel elastisk snor, og tilpasser seg s\u00f8ml\u00f8st til enhver person.<\/span><\/p>\n<p><span style=\"color: rgb(141, 186, 216);\"><strong>Fordyp deg i de helhetlige fordelene med disse edelstenene, og forbedre din generelle f\u00f8lelse av balanse og velv\u00e6re.<\/strong><\/span><\/p>\n","protected":false},"excerpt":{"rendered":"<p>&nbsp;Dette vakre armb\u00e5ndet i stein \u2013 hvit jaspis vil se nydelig ut med ethvert antrekk.&nbsp; Det er en perfekt gave til jubileer, jul, valentinsfeiringer og bursdager.&nbsp; Disse armb\u00e5ndene er designet for \u00e5 passe alle h\u00e5ndleddsst\u00f8rrelser, og er tredd p\u00e5 en komfortabel elastisk snor, og tilpasser seg s\u00f8ml\u00f8st til enhver person. Fordyp deg i de helhetlige [&hellip;]<\/p>\n","protected":false},"featured_media":416511,"comment_status":"closed","ping_status":"open","template":"","meta":{"_angie_page":false},"product_brand":[],"product_cat":[25207,25647,25221,8586],"product_tag":[],"class_list":{"0":"post-204046","1":"product","2":"type-product","3":"status-publish","4":"has-post-thumbnail","6":"product_cat-armband","7":"product_cat-jaspis","8":"product_cat-krystaller-edelsteiner","9":"product_cat-smykker-og-tilbehor","10":"pa_collection-chipstones-bracelets-no","11":"pa_made-in-kina","13":"first","14":"instock","15":"purchasable","16":"product-type-simple"},"supplier_id":null,"supplier_sku":"AWCB-03DS","barcode":null,"atum_controlled":true,"out_stock_date":null,"out_stock_threshold":null,"inheritable":false,"inbound_stock":null,"stock_on_hold":0,"sold_today":0,"sales_last_days":0,"reserved_stock":null,"customer_returns":null,"warehouse_damage":null,"lost_in_post":null,"other_logs":null,"out_stock_days":0,"lost_sales":0,"has_location":null,"update_date":"2026-04-27T06:51:38","atum_locations":[],"atum_stock_status":"instock","restock_status":false,"low_stock_amount":"","sales_update_date":"2025-10-09T03:24:04","calc_backorders":null,"_links":{"self":[{"href":"https:\/\/aromasentia.com\/no\/wp-json\/wp\/v2\/product\/204046","targetHints":{"allow":["GET"]}}],"collection":[{"href":"https:\/\/aromasentia.com\/no\/wp-json\/wp\/v2\/product"}],"about":[{"href":"https:\/\/aromasentia.com\/no\/wp-json\/wp\/v2\/types\/product"}],"replies":[{"embeddable":true,"href":"https:\/\/aromasentia.com\/no\/wp-json\/wp\/v2\/comments?post=204046"}],"version-history":[{"count":0,"href":"https:\/\/aromasentia.com\/no\/wp-json\/wp\/v2\/product\/204046\/revisions"}],"wp:featuredmedia":[{"embeddable":true,"href":"https:\/\/aromasentia.com\/no\/wp-json\/wp\/v2\/media\/416511"}],"wp:attachment":[{"href":"https:\/\/aromasentia.com\/no\/wp-json\/wp\/v2\/media?parent=204046"}],"wp:term":[{"taxonomy":"product_brand","embeddable":true,"href":"https:\/\/aromasentia.com\/no\/wp-json\/wp\/v2\/product_brand?post=204046"},{"taxonomy":"product_cat","embeddable":true,"href":"https:\/\/aromasentia.com\/no\/wp-json\/wp\/v2\/product_cat?post=204046"},{"taxonomy":"product_tag","embeddable":true,"href":"https:\/\/aromasentia.com\/no\/wp-json\/wp\/v2\/product_tag?post=204046"}],"curies":[{"name":"wp","href":"https:\/\/api.w.org\/{rel}","templated":true}]}}