{"id":204044,"date":"2025-03-23T11:05:59","date_gmt":"2025-03-23T11:05:59","guid":{"rendered":"https:\/\/aromasentia.com\/product\/chipstone-bracelet-amethyst\/"},"modified":"2025-05-31T00:27:21","modified_gmt":"2025-05-31T00:27:21","slug":"chipstone-armband-ametyst","status":"publish","type":"product","link":"https:\/\/aromasentia.com\/no\/chipstone-armband-ametyst\/","title":{"rendered":"Chipstone Armb\u00e5nd &#8211; Ametyst"},"content":{"rendered":"<p>&nbsp;Dette vakre armb\u00e5ndet i Chipstone &#8211; Ametyst vil se flott ut med ethvert antrekk.&nbsp;<\/p>\n<p>Og ikke bare det, ametyst har sine egne individuelle fordeler. Det sies \u00e5 ha helsefordeler, som \u00e5 kunne bidra til \u00e5 modulere s\u00f8vnm\u00f8nstre for \u00e5 f\u00e5 en sunn natts s\u00f8vn og ogs\u00e5 bidra til \u00e5 forbedre hum\u00f8ret.<\/p>\n<p>Det er en perfekt gave til jubileer, jul, Valentinsdag og bursdager.<\/p>\n<p><span style=\"color: rgb(75, 80, 88);\"><strong>Designet for \u00e5 passe alle h\u00e5ndleddsst\u00f8rrelser, er disse armb\u00e5ndene tredd p\u00e5 en komfortabel stretchsnor, og tilpasser seg s\u00f8ml\u00f8st til enhver person<\/strong>.&nbsp;<\/span><\/p>\n<p><span style=\"color: rgb(141, 186, 216);\"><strong>Fordyp deg i de helhetlige fordelene med disse edelstenene, og forbedre din generelle f\u00f8lelse av balanse og velv\u00e6re.<\/strong><\/span><\/p>\n<p><\/p>\n","protected":false},"excerpt":{"rendered":"<p>&nbsp;Dette vakre armb\u00e5ndet i Chipstone &#8211; Ametyst vil se flott ut med ethvert antrekk.&nbsp; Og ikke bare det, ametyst har sine egne individuelle fordeler. Det sies \u00e5 ha helsefordeler, som \u00e5 kunne bidra til \u00e5 modulere s\u00f8vnm\u00f8nstre for \u00e5 f\u00e5 en sunn natts s\u00f8vn og ogs\u00e5 bidra til \u00e5 forbedre hum\u00f8ret. Det er en perfekt [&hellip;]<\/p>\n","protected":false},"featured_media":416397,"comment_status":"closed","ping_status":"open","template":"","meta":{"_angie_page":false},"product_brand":[],"product_cat":[25548,25207,25221,8586],"product_tag":[],"class_list":{"0":"post-204044","1":"product","2":"type-product","3":"status-publish","4":"has-post-thumbnail","6":"product_cat-ametyst","7":"product_cat-armband","8":"product_cat-krystaller-edelsteiner","9":"product_cat-smykker-og-tilbehor","10":"pa_collection-chipstones-bracelets-no","11":"pa_made-in-kina","13":"first","14":"instock","15":"purchasable","16":"product-type-simple"},"supplier_id":null,"supplier_sku":"AWCB-01DS","barcode":null,"atum_controlled":true,"out_stock_date":null,"out_stock_threshold":null,"inheritable":false,"inbound_stock":null,"stock_on_hold":0,"sold_today":0,"sales_last_days":0,"reserved_stock":null,"customer_returns":null,"warehouse_damage":null,"lost_in_post":null,"other_logs":null,"out_stock_days":0,"lost_sales":0,"has_location":null,"update_date":"2026-04-27T06:51:38","atum_locations":[],"atum_stock_status":"instock","restock_status":false,"low_stock_amount":"","sales_update_date":"2026-02-06T00:02:22","calc_backorders":null,"_links":{"self":[{"href":"https:\/\/aromasentia.com\/no\/wp-json\/wp\/v2\/product\/204044","targetHints":{"allow":["GET"]}}],"collection":[{"href":"https:\/\/aromasentia.com\/no\/wp-json\/wp\/v2\/product"}],"about":[{"href":"https:\/\/aromasentia.com\/no\/wp-json\/wp\/v2\/types\/product"}],"replies":[{"embeddable":true,"href":"https:\/\/aromasentia.com\/no\/wp-json\/wp\/v2\/comments?post=204044"}],"version-history":[{"count":0,"href":"https:\/\/aromasentia.com\/no\/wp-json\/wp\/v2\/product\/204044\/revisions"}],"wp:featuredmedia":[{"embeddable":true,"href":"https:\/\/aromasentia.com\/no\/wp-json\/wp\/v2\/media\/416397"}],"wp:attachment":[{"href":"https:\/\/aromasentia.com\/no\/wp-json\/wp\/v2\/media?parent=204044"}],"wp:term":[{"taxonomy":"product_brand","embeddable":true,"href":"https:\/\/aromasentia.com\/no\/wp-json\/wp\/v2\/product_brand?post=204044"},{"taxonomy":"product_cat","embeddable":true,"href":"https:\/\/aromasentia.com\/no\/wp-json\/wp\/v2\/product_cat?post=204044"},{"taxonomy":"product_tag","embeddable":true,"href":"https:\/\/aromasentia.com\/no\/wp-json\/wp\/v2\/product_tag?post=204044"}],"curies":[{"name":"wp","href":"https:\/\/api.w.org\/{rel}","templated":true}]}}