{"id":204035,"date":"2025-03-23T11:06:08","date_gmt":"2025-03-23T11:06:08","guid":{"rendered":"https:\/\/aromasentia.com\/product\/med-3d-floating-frame-display-9x9cm-white\/"},"modified":"2025-05-31T00:26:58","modified_gmt":"2025-05-31T00:26:58","slug":"3d-flytende-ramme-display-9x9cm-hvit","status":"publish","type":"product","link":"https:\/\/aromasentia.com\/no\/3d-flytende-ramme-display-9x9cm-hvit\/","title":{"rendered":"3D Flytende Ramme Display 9x9cm &#8211; Hvit"},"content":{"rendered":"<p>Oppgrader produktpresentasjonen din med denne moderne, hvitfargede 3D-skjermen med flytende ramme. Denne innovative designen benytter en <strong>gjennomsiktig, fleksibel PE-membran<\/strong> for \u00e5 skape en illusjon av at varene dine svever i luften, noe som garantert vil vekke kundenes interesse.<\/p>\n<p>Selve rammen er konstruert av <strong>sterk ABS-plast<\/strong>, noe som sikrer at den t\u00e5ler slitasje i hyllene dine eller hjemme hos kundene. Den krystallklare PE-membranen gir en feilfri 360-graders visning av produktene dine, og fremhever deres intrikate detaljer og skj\u00f8nnhet. Rammen har en brukervennlig <strong>trykk-for-\u00e5-\u00e5pne-mekanisme<\/strong> som gj\u00f8r det enkelt \u00e5 plassere eller fjerne varene.<\/p>\n<p><strong>Ideal for \u00e5 vise frem en rekke sm\u00e5 og mellomstore skatter:<\/strong><\/p>\n<ul data-sourcepos=\"11:1-14:59\">\n<li data-sourcepos=\"11:1-11:87\">Smykker: Vis frem halskjeder, armb\u00e5nd eller st\u00f8rre \u00f8reringer i en sofistikert setting.<\/li>\n<li data-sourcepos=\"12:1-12:104\">Mineraler og edelstener: La de naturlige fargene st\u00e5 i sentrum mot den skarpe, hvite bakgrunnen.<\/li>\n<li data-sourcepos=\"13:1-13:103\">Samleobjekter: Vis frem spesielle medaljer, mynter, frimerker, samlekort eller til og med sm\u00e5 innrammede minnesmerker.<\/li>\n<li data-sourcepos=\"14:1-14:59\">Kunstverk og fotografier: Vis sm\u00e5 gjenstander p\u00e5 en unik og fengslende m\u00e5te.<\/li>\n<\/ul>\n<p>Det mellomstore designet er perfekt for \u00e5 fremheve en enkelt, spesiell gjenstand eller en kuratert samling p\u00e5 en bordplate eller hylle. Alternativt kan du montere disse rammene p\u00e5 veggen for \u00e5 skape et unikt dekorativt element. I tillegg beskytter PE-membranen <strong>produktene dine mot st\u00f8v- og vannskader<\/strong>, slik at de holder seg i perfekt stand.<\/p>\n","protected":false},"excerpt":{"rendered":"<p>Oppgrader produktpresentasjonen din med denne moderne, hvitfargede 3D-skjermen med flytende ramme. Denne innovative designen benytter en gjennomsiktig, fleksibel PE-membran for \u00e5 skape en illusjon av at varene dine svever i luften, noe som garantert vil vekke kundenes interesse. Selve rammen er konstruert av sterk ABS-plast, noe som sikrer at den t\u00e5ler slitasje i hyllene dine [&hellip;]<\/p>\n","protected":false},"featured_media":419616,"comment_status":"closed","ping_status":"open","template":"","meta":[],"product_brand":[],"product_cat":[8586],"product_tag":[],"class_list":{"0":"post-204035","1":"product","2":"type-product","3":"status-publish","4":"has-post-thumbnail","6":"product_cat-smykker-og-tilbehor","7":"pa_collection-floating-frame-displays-for-jewellery-no","8":"pa_made-in-kina","10":"first","11":"instock","12":"purchasable","13":"product-type-simple"},"supplier_id":null,"supplier_sku":"FFD-07","barcode":null,"atum_controlled":true,"out_stock_date":null,"out_stock_threshold":null,"inheritable":false,"inbound_stock":null,"stock_on_hold":0,"sold_today":0,"sales_last_days":0,"reserved_stock":null,"customer_returns":null,"warehouse_damage":null,"lost_in_post":null,"other_logs":null,"out_stock_days":0,"lost_sales":0,"has_location":null,"update_date":"2026-02-06T00:01:20","atum_locations":[],"atum_stock_status":"instock","restock_status":false,"low_stock_amount":"","sales_update_date":"2026-02-06T00:01:20","calc_backorders":null,"_links":{"self":[{"href":"https:\/\/aromasentia.com\/no\/wp-json\/wp\/v2\/product\/204035","targetHints":{"allow":["GET"]}}],"collection":[{"href":"https:\/\/aromasentia.com\/no\/wp-json\/wp\/v2\/product"}],"about":[{"href":"https:\/\/aromasentia.com\/no\/wp-json\/wp\/v2\/types\/product"}],"replies":[{"embeddable":true,"href":"https:\/\/aromasentia.com\/no\/wp-json\/wp\/v2\/comments?post=204035"}],"version-history":[{"count":0,"href":"https:\/\/aromasentia.com\/no\/wp-json\/wp\/v2\/product\/204035\/revisions"}],"wp:featuredmedia":[{"embeddable":true,"href":"https:\/\/aromasentia.com\/no\/wp-json\/wp\/v2\/media\/419616"}],"wp:attachment":[{"href":"https:\/\/aromasentia.com\/no\/wp-json\/wp\/v2\/media?parent=204035"}],"wp:term":[{"taxonomy":"product_brand","embeddable":true,"href":"https:\/\/aromasentia.com\/no\/wp-json\/wp\/v2\/product_brand?post=204035"},{"taxonomy":"product_cat","embeddable":true,"href":"https:\/\/aromasentia.com\/no\/wp-json\/wp\/v2\/product_cat?post=204035"},{"taxonomy":"product_tag","embeddable":true,"href":"https:\/\/aromasentia.com\/no\/wp-json\/wp\/v2\/product_tag?post=204035"}],"curies":[{"name":"wp","href":"https:\/\/api.w.org\/{rel}","templated":true}]}}