{"id":204026,"date":"2025-03-23T11:06:08","date_gmt":"2025-03-23T11:06:08","guid":{"rendered":"https:\/\/aromasentia.com\/product\/cedarwood-third-eye-chakra-bangle-with-amethyst\/"},"modified":"2025-05-31T00:26:30","modified_gmt":"2025-05-31T00:26:30","slug":"cedertre-armband-med-det-tredje-oyets-chakra-og-ametyst","status":"publish","type":"product","link":"https:\/\/aromasentia.com\/no\/cedertre-armband-med-det-tredje-oyets-chakra-og-ametyst\/","title":{"rendered":"Cedertre Armb\u00e5nd med Det Tredje \u00d8yets Chakra Og Ametyst"},"content":{"rendered":"<p><span style=\"color: rgb(75, 80, 88);\">Legg ut p\u00e5 en reise med \u00e5ndelig vekst og klarhet med<strong>&nbsp;Cederwood Third Eye Chakra Bangle med ametyst<\/strong>. Dette fengslende armb\u00e5ndet fungerer som en kanal for \u00e5 fordype intuisjonen, utvide \u00e5ndelig bevissthet og fremme indre klarhet, noe som gj\u00f8r det til et uunnv\u00e6rlig tillegg til butikkens holistiske velv\u00e6rekolleksjon.<\/span><\/p>\n<p><span style=\"color: rgb(75, 80, 88);\">I hjertet av dette armb\u00e5ndet str\u00e5ler den transcendente&nbsp;ametyst-edelstenen, kjent for sin evne til \u00e5 aktivere&nbsp;Third Eye Chakra&nbsp;og forbedre \u00e5ndelig bevissthet og intuisjon. Den fungerer som et klarhetssignal, som veileder brukeren p\u00e5 veien mot opplysning og selvoppdagelse.<\/span><\/p>\n<p><span style=\"color: rgb(75, 80, 88);\">Fylt med den behagelige aromaen av sedertre, omslutter denne armringen personen i en f\u00f8lelse av ro og sinnsro. Sedertres eldgamle visdom tilf\u00f8rer en \u00e5ndelig dimensjon til reisen, og inviterer kundene dine til \u00e5 utdype sin meditasjonspraksis og f\u00e5 kontakt med sin indre veiledning.<\/span><\/p>\n<p><span style=\"color: rgb(75, 80, 88);\">Berik butikkens gaveutvalg med et produkt som inspirerer og oppl\u00f8fter. Chakra-armb\u00e5ndet i sedertre med ametyst er en meningsfull og omtenksom gave til spirituelle s\u00f8kere, meditatorer eller alle som er p\u00e5 en reise med selvoppdagelse og opplysning.<\/span><\/p>\n<p><span style=\"color: rgb(75, 80, 88);\"><strong>M\u00e5l:<\/strong><\/span><\/p>\n<p><span style=\"color: rgb(75, 80, 88);\"><em>Armb\u00e5nd: diameter 7 cm<\/em><\/span><\/p>\n<p><span style=\"color: rgb(75, 80, 88);\"><em>Perle: diameter 1 cm<\/em><\/span><\/p>\n","protected":false},"excerpt":{"rendered":"<p>Legg ut p\u00e5 en reise med \u00e5ndelig vekst og klarhet med&nbsp;Cederwood Third Eye Chakra Bangle med ametyst. Dette fengslende armb\u00e5ndet fungerer som en kanal for \u00e5 fordype intuisjonen, utvide \u00e5ndelig bevissthet og fremme indre klarhet, noe som gj\u00f8r det til et uunnv\u00e6rlig tillegg til butikkens holistiske velv\u00e6rekolleksjon. I hjertet av dette armb\u00e5ndet str\u00e5ler den transcendente&nbsp;ametyst-edelstenen, [&hellip;]<\/p>\n","protected":false},"featured_media":419463,"comment_status":"closed","ping_status":"open","template":"","meta":{"_angie_page":false},"product_brand":[],"product_cat":[25548,25207,25221,8586],"product_tag":[],"class_list":{"0":"post-204026","1":"product","2":"type-product","3":"status-publish","4":"has-post-thumbnail","6":"product_cat-ametyst","7":"product_cat-armband","8":"product_cat-krystaller-edelsteiner","9":"product_cat-smykker-og-tilbehor","10":"pa_collection-cedarwood-chakra-bangles-no","11":"pa_made-in-kina","13":"first","14":"instock","15":"purchasable","16":"product-type-simple"},"supplier_id":null,"supplier_sku":"CWBG-06","barcode":null,"atum_controlled":true,"out_stock_date":null,"out_stock_threshold":null,"inheritable":false,"inbound_stock":null,"stock_on_hold":0,"sold_today":0,"sales_last_days":0,"reserved_stock":null,"customer_returns":null,"warehouse_damage":null,"lost_in_post":null,"other_logs":null,"out_stock_days":0,"lost_sales":0,"has_location":null,"update_date":"2026-04-27T06:58:43","atum_locations":[],"atum_stock_status":"instock","restock_status":false,"low_stock_amount":"","sales_update_date":"2026-01-20T05:13:47","calc_backorders":null,"_links":{"self":[{"href":"https:\/\/aromasentia.com\/no\/wp-json\/wp\/v2\/product\/204026","targetHints":{"allow":["GET"]}}],"collection":[{"href":"https:\/\/aromasentia.com\/no\/wp-json\/wp\/v2\/product"}],"about":[{"href":"https:\/\/aromasentia.com\/no\/wp-json\/wp\/v2\/types\/product"}],"replies":[{"embeddable":true,"href":"https:\/\/aromasentia.com\/no\/wp-json\/wp\/v2\/comments?post=204026"}],"version-history":[{"count":0,"href":"https:\/\/aromasentia.com\/no\/wp-json\/wp\/v2\/product\/204026\/revisions"}],"wp:featuredmedia":[{"embeddable":true,"href":"https:\/\/aromasentia.com\/no\/wp-json\/wp\/v2\/media\/419463"}],"wp:attachment":[{"href":"https:\/\/aromasentia.com\/no\/wp-json\/wp\/v2\/media?parent=204026"}],"wp:term":[{"taxonomy":"product_brand","embeddable":true,"href":"https:\/\/aromasentia.com\/no\/wp-json\/wp\/v2\/product_brand?post=204026"},{"taxonomy":"product_cat","embeddable":true,"href":"https:\/\/aromasentia.com\/no\/wp-json\/wp\/v2\/product_cat?post=204026"},{"taxonomy":"product_tag","embeddable":true,"href":"https:\/\/aromasentia.com\/no\/wp-json\/wp\/v2\/product_tag?post=204026"}],"curies":[{"name":"wp","href":"https:\/\/api.w.org\/{rel}","templated":true}]}}