{"id":204023,"date":"2025-03-23T11:06:08","date_gmt":"2025-03-23T11:06:08","guid":{"rendered":"https:\/\/aromasentia.com\/product\/cedarwood-solar-plexus-chakra-bangle-with-citrine\/"},"modified":"2025-05-31T00:26:23","modified_gmt":"2025-05-31T00:26:23","slug":"solar-plexus-chakra-armband-i-sedertre-med-sitrin","status":"publish","type":"product","link":"https:\/\/aromasentia.com\/no\/solar-plexus-chakra-armband-i-sedertre-med-sitrin\/","title":{"rendered":"Solar Plexus Chakra Armb\u00e5nd I Sedertre med Sitrin"},"content":{"rendered":"<p><span style=\"color: rgb(75, 80, 88);\">Lys opp overflod, personlig kraft og positivitet med <strong>Cedarwood Solar Plexus Chakra Bangle med citrin<\/strong>. Dette fortryllende armb\u00e5ndet fungerer som et ledelys for selvtillit og motivasjon, og gir brukeren mulighet til \u00e5 realisere dr\u00f8mmene sine med standhaftig besluttsomhet.<\/span><\/p>\n<p><span style=\"color: rgb(75, 80, 88);\">Fokuspunktet i dette armb\u00e5ndet er den str\u00e5lende edelstenen citrin, kjent for sin evne til \u00e5 tiltrekke seg overflod og forsterke personlig kraft. Ved \u00e5 aktivere Solar Plexus Chakra gir den brukeren selvtillit, vitalitet og en dyp f\u00f8lelse av positivitet.<\/span><\/p>\n<p><span style=\"color: rgb(75, 80, 88);\">Fordypet i den beroligende aromaen av sedertre, omslutter dette armb\u00e5ndet individet i en kokong av<strong>ro og styrke<\/strong>. Sedertres tidl\u00f8se visdom introduserer en \u00e5ndelig dimensjon til kundens reise, og oppfordrer dem til \u00e5 omfavne sin personlige kraft med ynde og motstandskraft.<\/span><\/p>\n<p><span style=\"color: rgb(75, 80, 88);\">Forbedre butikkens gaveutvalg med et produkt som inspirerer og oppl\u00f8fter. Solar Plexus Chakra-armb\u00e5ndet i sedertre med sitrin er en meningsfull og omtenksom gave til alle som legger ut p\u00e5 en ny reise, forf\u00f8lger dr\u00f8mmene sine, eller trenger et l\u00f8ft av selvtillit og motivasjon.<\/span><\/p>\n<p><span style=\"color: rgb(75, 80, 88);\"><strong>M\u00e5l:<\/strong><\/span><\/p>\n<p><span style=\"color: rgb(75, 80, 88);\"><em>Armb\u00e5nd: diameter 7 cm<\/em><\/span><\/p>\n<p><span style=\"color: rgb(75, 80, 88);\"><em>Perle: diameter 1 cm<\/em><\/span><\/p>\n","protected":false},"excerpt":{"rendered":"<p>Lys opp overflod, personlig kraft og positivitet med Cedarwood Solar Plexus Chakra Bangle med citrin. Dette fortryllende armb\u00e5ndet fungerer som et ledelys for selvtillit og motivasjon, og gir brukeren mulighet til \u00e5 realisere dr\u00f8mmene sine med standhaftig besluttsomhet. Fokuspunktet i dette armb\u00e5ndet er den str\u00e5lende edelstenen citrin, kjent for sin evne til \u00e5 tiltrekke seg [&hellip;]<\/p>\n","protected":false},"featured_media":419364,"comment_status":"closed","ping_status":"open","template":"","meta":{"_angie_page":false},"product_brand":[],"product_cat":[25207,25585,25221,8586],"product_tag":[],"class_list":{"0":"post-204023","1":"product","2":"type-product","3":"status-publish","4":"has-post-thumbnail","6":"product_cat-armband","7":"product_cat-citrin","8":"product_cat-krystaller-edelsteiner","9":"product_cat-smykker-og-tilbehor","10":"pa_collection-cedarwood-chakra-bangles-no","11":"pa_made-in-kina","13":"first","14":"instock","15":"purchasable","16":"product-type-simple"},"supplier_id":null,"supplier_sku":"CWBG-03","barcode":null,"atum_controlled":true,"out_stock_date":null,"out_stock_threshold":null,"inheritable":false,"inbound_stock":null,"stock_on_hold":0,"sold_today":0,"sales_last_days":0,"reserved_stock":null,"customer_returns":null,"warehouse_damage":null,"lost_in_post":null,"other_logs":null,"out_stock_days":0,"lost_sales":0,"has_location":null,"update_date":"2026-04-27T06:58:43","atum_locations":[],"atum_stock_status":"instock","restock_status":false,"low_stock_amount":"","sales_update_date":"2025-10-09T03:28:43","calc_backorders":null,"_links":{"self":[{"href":"https:\/\/aromasentia.com\/no\/wp-json\/wp\/v2\/product\/204023","targetHints":{"allow":["GET"]}}],"collection":[{"href":"https:\/\/aromasentia.com\/no\/wp-json\/wp\/v2\/product"}],"about":[{"href":"https:\/\/aromasentia.com\/no\/wp-json\/wp\/v2\/types\/product"}],"replies":[{"embeddable":true,"href":"https:\/\/aromasentia.com\/no\/wp-json\/wp\/v2\/comments?post=204023"}],"version-history":[{"count":0,"href":"https:\/\/aromasentia.com\/no\/wp-json\/wp\/v2\/product\/204023\/revisions"}],"wp:featuredmedia":[{"embeddable":true,"href":"https:\/\/aromasentia.com\/no\/wp-json\/wp\/v2\/media\/419364"}],"wp:attachment":[{"href":"https:\/\/aromasentia.com\/no\/wp-json\/wp\/v2\/media?parent=204023"}],"wp:term":[{"taxonomy":"product_brand","embeddable":true,"href":"https:\/\/aromasentia.com\/no\/wp-json\/wp\/v2\/product_brand?post=204023"},{"taxonomy":"product_cat","embeddable":true,"href":"https:\/\/aromasentia.com\/no\/wp-json\/wp\/v2\/product_cat?post=204023"},{"taxonomy":"product_tag","embeddable":true,"href":"https:\/\/aromasentia.com\/no\/wp-json\/wp\/v2\/product_tag?post=204023"}],"curies":[{"name":"wp","href":"https:\/\/api.w.org\/{rel}","templated":true}]}}