{"id":204007,"date":"2025-03-23T11:06:08","date_gmt":"2025-03-23T11:06:08","guid":{"rendered":"https:\/\/aromasentia.com\/product\/crystal-gemstone-necklace-cord-45cm-18inch-mix-of-11-colours\/"},"modified":"2025-05-31T00:25:28","modified_gmt":"2025-05-31T00:25:28","slug":"halskjedesnor-med-krystallstener-45-cm-18-tommer-blanding-av-11-farger","status":"publish","type":"product","link":"https:\/\/aromasentia.com\/no\/halskjedesnor-med-krystallstener-45-cm-18-tommer-blanding-av-11-farger\/","title":{"rendered":"Halskjedesnor med Krystallstener 45 cm\/18 Tommer &#8211; Blanding Av 11 Farger"},"content":{"rendered":"<p>Denne allsidige <strong>miksede pakken med 45 cm<\/strong> krystallhalskjedesnorer med edelstener gir uendelige muligheter for dine kunders smykkedesign. Pakken inneholder 5 av hver farge, noe som gir et variert utvalg av alternativer for \u00e5 im\u00f8tekomme ulike smaker og stiler. Hver snor har <strong>justerbar lengde<\/strong>, noe som sikrer en perfekt passform for alle som bruker den, og passer til ulike utringninger og personlige preferanser. Det intrikate makram\u00e9nettet <strong>holder krystallene<\/strong> p\u00e5 en sikker m\u00e5te, noe som skaper en unik og i\u00f8ynefallende utstilling.<\/p>\n<p>Halsb\u00e5ndssnorene er laget av materialer av h\u00f8y kvalitet, og er b\u00e5de holdbare og b\u00e6rekraftige. Tilsetningen av naturlige <strong>treperler<\/strong> tilf\u00f8rer et snev av varme og utfyller den generelle estetikken.&nbsp;<\/p>\n<p>Dette produktet er perfekt for forhandlere som \u00f8nsker \u00e5 tilby en allsidig og trendy komponent til sine kunders smykkekreasjoner. Ved \u00e5 tilby denne miksede pakken med halskjedesnorer i krystall, gir du kundene dine et <strong>bredt utvalg av stilige og tilpassbare alternativer av h\u00f8y kvalitet<\/strong> som enkelt kan innlemmes i smykkekolleksjonene deres.<\/p>\n<p>\n","protected":false},"excerpt":{"rendered":"<p>Denne allsidige miksede pakken med 45 cm krystallhalskjedesnorer med edelstener gir uendelige muligheter for dine kunders smykkedesign. Pakken inneholder 5 av hver farge, noe som gir et variert utvalg av alternativer for \u00e5 im\u00f8tekomme ulike smaker og stiler. Hver snor har justerbar lengde, noe som sikrer en perfekt passform for alle som bruker den, og [&hellip;]<\/p>\n","protected":false},"featured_media":642770,"comment_status":"closed","ping_status":"open","template":"","meta":{"_angie_page":false},"product_brand":[],"product_cat":[25214,8586],"product_tag":[],"class_list":{"0":"post-204007","1":"product","2":"type-product","3":"status-publish","4":"has-post-thumbnail","6":"product_cat-halskjeder-og-anheng","7":"product_cat-smykker-og-tilbehor","8":"pa_collection-crystal-gemstone-necklace-cord-no","9":"pa_made-in-kina","11":"first","12":"instock","13":"purchasable","14":"product-type-simple"},"supplier_id":null,"supplier_sku":"CGNC-12","barcode":null,"atum_controlled":true,"out_stock_date":null,"out_stock_threshold":null,"inheritable":false,"inbound_stock":null,"stock_on_hold":0,"sold_today":0,"sales_last_days":0,"reserved_stock":null,"customer_returns":null,"warehouse_damage":null,"lost_in_post":null,"other_logs":null,"out_stock_days":0,"lost_sales":0,"has_location":null,"update_date":"2026-05-04T00:02:51","atum_locations":[],"atum_stock_status":"instock","restock_status":false,"low_stock_amount":"","sales_update_date":"2026-01-30T01:25:46","calc_backorders":null,"_links":{"self":[{"href":"https:\/\/aromasentia.com\/no\/wp-json\/wp\/v2\/product\/204007","targetHints":{"allow":["GET"]}}],"collection":[{"href":"https:\/\/aromasentia.com\/no\/wp-json\/wp\/v2\/product"}],"about":[{"href":"https:\/\/aromasentia.com\/no\/wp-json\/wp\/v2\/types\/product"}],"replies":[{"embeddable":true,"href":"https:\/\/aromasentia.com\/no\/wp-json\/wp\/v2\/comments?post=204007"}],"version-history":[{"count":0,"href":"https:\/\/aromasentia.com\/no\/wp-json\/wp\/v2\/product\/204007\/revisions"}],"wp:featuredmedia":[{"embeddable":true,"href":"https:\/\/aromasentia.com\/no\/wp-json\/wp\/v2\/media\/642770"}],"wp:attachment":[{"href":"https:\/\/aromasentia.com\/no\/wp-json\/wp\/v2\/media?parent=204007"}],"wp:term":[{"taxonomy":"product_brand","embeddable":true,"href":"https:\/\/aromasentia.com\/no\/wp-json\/wp\/v2\/product_brand?post=204007"},{"taxonomy":"product_cat","embeddable":true,"href":"https:\/\/aromasentia.com\/no\/wp-json\/wp\/v2\/product_cat?post=204007"},{"taxonomy":"product_tag","embeddable":true,"href":"https:\/\/aromasentia.com\/no\/wp-json\/wp\/v2\/product_tag?post=204007"}],"curies":[{"name":"wp","href":"https:\/\/api.w.org\/{rel}","templated":true}]}}