{"id":204004,"date":"2025-03-23T11:06:08","date_gmt":"2025-03-23T11:06:08","guid":{"rendered":"https:\/\/aromasentia.com\/product\/crystal-gemstone-necklace-cord-45cm-18inch-blue\/"},"modified":"2025-05-31T00:25:09","modified_gmt":"2025-05-31T00:25:09","slug":"krystallkjede-45-cm-18-tommer-bla","status":"publish","type":"product","link":"https:\/\/aromasentia.com\/no\/krystallkjede-45-cm-18-tommer-bla\/","title":{"rendered":"Krystallkjede 45 cm\/18 Tommer &#8211; Bl\u00e5"},"content":{"rendered":"<p><span style=\"color: rgb(75, 80, 88);\">Denne bl\u00e5 halskjedesnoren er et allsidig og stilig alternativ for kundenes smykkedesign. Den justerbare lengden sikrer en perfekt passform for enhver bruker, og passer til ulike halsutringninger og personlige preferanser. Snorens livlige bl\u00e5 fargetone komplementerer et bredt spekter av edelstensfarger, fra livlige til dempete. Det intrikate makram\u00e9nettverket holder krystallen sikkert og skaper et unikt og i\u00f8ynefallende preg.<\/span><\/p>\n<p><span style=\"color: rgb(75, 80, 88);\">Laget av materialer av h\u00f8y kvalitet, er denne halskjedesnoren b\u00e5de slitesterk og b\u00e6rekraftig. Tilsetningen av en naturlig treperle introduserer et snev av varme og komplementerer den generelle estetikken.<\/span><\/p>\n<p><span style=\"color: rgb(75, 80, 88);\">Dette produktet er perfekt for forhandlere som \u00f8nsker \u00e5 tilby en allsidig og trendy komponent til kundene sine. smykkekreasjoner<\/span><\/p>\n<p><span style=\"color: rgb(75, 80, 88);\">Merk: Edelstenen som vises p\u00e5 bildene er ikke inkludert. Edelstenen vises kun for illustrasjonsform\u00e5l for \u00e5 demonstrere hvordan halskjedesnoren vil se ut n\u00e5r den kombineres med en edelsten.<\/span><\/p>\n","protected":false},"excerpt":{"rendered":"<p>Denne bl\u00e5 halskjedesnoren er et allsidig og stilig alternativ for kundenes smykkedesign. Den justerbare lengden sikrer en perfekt passform for enhver bruker, og passer til ulike halsutringninger og personlige preferanser. Snorens livlige bl\u00e5 fargetone komplementerer et bredt spekter av edelstensfarger, fra livlige til dempete. Det intrikate makram\u00e9nettverket holder krystallen sikkert og skaper et unikt og [&hellip;]<\/p>\n","protected":false},"featured_media":418921,"comment_status":"closed","ping_status":"open","template":"","meta":{"_angie_page":false},"product_brand":[],"product_cat":[25214,8586],"product_tag":[],"class_list":{"0":"post-204004","1":"product","2":"type-product","3":"status-publish","4":"has-post-thumbnail","6":"product_cat-halskjeder-og-anheng","7":"product_cat-smykker-og-tilbehor","8":"pa_collection-crystal-gemstone-necklace-cord-no","9":"pa_made-in-kina","11":"first","12":"instock","13":"purchasable","14":"product-type-simple"},"supplier_id":null,"supplier_sku":"CGNC-09","barcode":null,"atum_controlled":true,"out_stock_date":null,"out_stock_threshold":null,"inheritable":false,"inbound_stock":null,"stock_on_hold":0,"sold_today":0,"sales_last_days":0,"reserved_stock":null,"customer_returns":null,"warehouse_damage":null,"lost_in_post":null,"other_logs":null,"out_stock_days":0,"lost_sales":0,"has_location":null,"update_date":"2026-04-27T06:56:48","atum_locations":[],"atum_stock_status":"instock","restock_status":false,"low_stock_amount":"","sales_update_date":"2026-01-30T01:24:37","calc_backorders":null,"_links":{"self":[{"href":"https:\/\/aromasentia.com\/no\/wp-json\/wp\/v2\/product\/204004","targetHints":{"allow":["GET"]}}],"collection":[{"href":"https:\/\/aromasentia.com\/no\/wp-json\/wp\/v2\/product"}],"about":[{"href":"https:\/\/aromasentia.com\/no\/wp-json\/wp\/v2\/types\/product"}],"replies":[{"embeddable":true,"href":"https:\/\/aromasentia.com\/no\/wp-json\/wp\/v2\/comments?post=204004"}],"version-history":[{"count":0,"href":"https:\/\/aromasentia.com\/no\/wp-json\/wp\/v2\/product\/204004\/revisions"}],"wp:featuredmedia":[{"embeddable":true,"href":"https:\/\/aromasentia.com\/no\/wp-json\/wp\/v2\/media\/418921"}],"wp:attachment":[{"href":"https:\/\/aromasentia.com\/no\/wp-json\/wp\/v2\/media?parent=204004"}],"wp:term":[{"taxonomy":"product_brand","embeddable":true,"href":"https:\/\/aromasentia.com\/no\/wp-json\/wp\/v2\/product_brand?post=204004"},{"taxonomy":"product_cat","embeddable":true,"href":"https:\/\/aromasentia.com\/no\/wp-json\/wp\/v2\/product_cat?post=204004"},{"taxonomy":"product_tag","embeddable":true,"href":"https:\/\/aromasentia.com\/no\/wp-json\/wp\/v2\/product_tag?post=204004"}],"curies":[{"name":"wp","href":"https:\/\/api.w.org\/{rel}","templated":true}]}}