{"id":203998,"date":"2025-03-23T11:06:08","date_gmt":"2025-03-23T11:06:08","guid":{"rendered":"https:\/\/aromasentia.com\/product\/crystal-gemstone-necklace-cord-45cm-18inch-navy\/"},"modified":"2025-05-31T00:24:55","modified_gmt":"2025-05-31T00:24:55","slug":"krystallkjede-45-cm-18-tommer-navy","status":"publish","type":"product","link":"https:\/\/aromasentia.com\/no\/krystallkjede-45-cm-18-tommer-navy\/","title":{"rendered":"Krystallkjede 45 cm\/18 Tommer &#8211; Navy"},"content":{"rendered":"<p><span style=\"color: rgb(75, 80, 88);\">Lagd med fokus p\u00e5 b\u00e5de stil og holdbarhet, er denne snoren det perfekte grunnlaget for \u00e5 vise frem et bredt utvalg av edelstener. Den intrikate knuteteknikken holder den valgte krystallen sikkert, slik at dens naturlige skj\u00f8nnhet skinner gjennom.<\/span><\/p>\n<p><span style=\"color: rgb(75, 80, 88);\">Med en klassisk marinebl\u00e5 farge og en naturlig treperleaksent, komplementerer denne allsidige snoren en rekke edelstensstiler og -farger. Den justerbare lengden sikrer en komfortabel passform for alle kunder. Treperlen gir et snev av naturlig eleganse, og komplementerer halskjedets generelle estetikk.<\/span><\/p>\n<p><span style=\"color: rgb(75, 80, 88);\">Ideell for forhandlere som \u00f8nsker \u00e5 tilby komponenter av h\u00f8y kvalitet til kundene sine For smykkelaging er denne halskjedesnoren et must-have i beholdningen din.<\/span><\/p>\n<p><span style=\"color: rgb(75, 80, 88);\"><strong>Merk: Edelstenen som vises p\u00e5 bildene er ikke inkludert. Edelstenen vises kun for illustrasjonsform\u00e5l for \u00e5 demonstrere hvordan halskjedesnoren vil se ut n\u00e5r den kombineres med en edelsten.<\/strong><\/span><\/p>\n","protected":false},"excerpt":{"rendered":"<p>Lagd med fokus p\u00e5 b\u00e5de stil og holdbarhet, er denne snoren det perfekte grunnlaget for \u00e5 vise frem et bredt utvalg av edelstener. Den intrikate knuteteknikken holder den valgte krystallen sikkert, slik at dens naturlige skj\u00f8nnhet skinner gjennom. Med en klassisk marinebl\u00e5 farge og en naturlig treperleaksent, komplementerer denne allsidige snoren en rekke edelstensstiler og [&hellip;]<\/p>\n","protected":false},"featured_media":418683,"comment_status":"closed","ping_status":"open","template":"","meta":{"_angie_page":false},"product_brand":[],"product_cat":[25214,8586],"product_tag":[],"class_list":{"0":"post-203998","1":"product","2":"type-product","3":"status-publish","4":"has-post-thumbnail","6":"product_cat-halskjeder-og-anheng","7":"product_cat-smykker-og-tilbehor","8":"pa_collection-crystal-gemstone-necklace-cord-no","9":"pa_made-in-kina","11":"first","12":"instock","13":"purchasable","14":"product-type-simple"},"supplier_id":null,"supplier_sku":"CGNC-03","barcode":null,"atum_controlled":true,"out_stock_date":null,"out_stock_threshold":null,"inheritable":false,"inbound_stock":null,"stock_on_hold":0,"sold_today":0,"sales_last_days":0,"reserved_stock":null,"customer_returns":null,"warehouse_damage":null,"lost_in_post":null,"other_logs":null,"out_stock_days":0,"lost_sales":0,"has_location":null,"update_date":"2026-04-27T06:56:48","atum_locations":[],"atum_stock_status":"instock","restock_status":false,"low_stock_amount":"","sales_update_date":"2026-02-06T00:02:11","calc_backorders":null,"_links":{"self":[{"href":"https:\/\/aromasentia.com\/no\/wp-json\/wp\/v2\/product\/203998","targetHints":{"allow":["GET"]}}],"collection":[{"href":"https:\/\/aromasentia.com\/no\/wp-json\/wp\/v2\/product"}],"about":[{"href":"https:\/\/aromasentia.com\/no\/wp-json\/wp\/v2\/types\/product"}],"replies":[{"embeddable":true,"href":"https:\/\/aromasentia.com\/no\/wp-json\/wp\/v2\/comments?post=203998"}],"version-history":[{"count":0,"href":"https:\/\/aromasentia.com\/no\/wp-json\/wp\/v2\/product\/203998\/revisions"}],"wp:featuredmedia":[{"embeddable":true,"href":"https:\/\/aromasentia.com\/no\/wp-json\/wp\/v2\/media\/418683"}],"wp:attachment":[{"href":"https:\/\/aromasentia.com\/no\/wp-json\/wp\/v2\/media?parent=203998"}],"wp:term":[{"taxonomy":"product_brand","embeddable":true,"href":"https:\/\/aromasentia.com\/no\/wp-json\/wp\/v2\/product_brand?post=203998"},{"taxonomy":"product_cat","embeddable":true,"href":"https:\/\/aromasentia.com\/no\/wp-json\/wp\/v2\/product_cat?post=203998"},{"taxonomy":"product_tag","embeddable":true,"href":"https:\/\/aromasentia.com\/no\/wp-json\/wp\/v2\/product_tag?post=203998"}],"curies":[{"name":"wp","href":"https:\/\/api.w.org\/{rel}","templated":true}]}}