{"id":203992,"date":"2025-03-23T11:06:16","date_gmt":"2025-03-23T11:06:16","guid":{"rendered":"https:\/\/aromasentia.com\/product\/gemstone-classic-point-pendant-amethyst\/"},"modified":"2025-05-31T00:24:37","modified_gmt":"2025-05-31T00:24:37","slug":"anheng-edelsten-classic-point-ametyst","status":"publish","type":"product","link":"https:\/\/aromasentia.com\/no\/anheng-edelsten-classic-point-ametyst\/","title":{"rendered":"Anheng Edelsten Classic Point &#8211; Ametyst"},"content":{"rendered":"<p>Det uts\u00f8kte <strong>Gemstone Classic Point-anhenget i ametyst<\/strong> er et praktfullt smykke som utstr\u00e5ler \u00e5ndelighet, visdom og indre fred. Dette anhenget er designet for \u00e5 l\u00f8fte ethvert antrekk og utstr\u00e5le en aura av eleganse og mystikk.nbsp;<\/p>\n<p>Gemstone Classic Point-anhenget har en blankpolert ametyst-edelsten i en slank og langstrakt spissform. Ametyst er kjent for sine fortryllende lilla fargetoner, og antas \u00e5 styrke \u00e5ndelig vekst, fremme klarhet i sinnet og gi en f\u00f8lelse av ro og stillhet. Den fascinerende fargen og gjennomskinnelige kvaliteten gj\u00f8r den til en fengslende edelsten som utstr\u00e5ler en f\u00f8lelse av mystikk og raffinement. Dette anhenget er et allsidig tilbeh\u00f8r som enkelt kan brukes fra dag til kveld, noe som gj\u00f8r det egnet til enhver anledning.nbsp;<\/p>\n<p>Leveres med et s\u00f8lvbelagt kjede, ca. 45 cm langt. Pakket i et nydelig header card.&nbsp;<\/p>\n<p><em>St\u00f8rrelsene og formene p\u00e5 krystallene kan variere noe ettersom hvert enkelt anheng er h\u00e5ndlaget.<\/em><\/p>\n<p>Overrask kundene dine med dette s\u00f8te og unike smykket med edelstener, som er laget med kj\u00e6rlighet i India. Passer til b\u00e5de menn og kvinner, og er en perfekt gave til enhver anledning. Bestill i dag<\/strong><\/p><\/p>\n","protected":false},"excerpt":{"rendered":"<p>Det uts\u00f8kte Gemstone Classic Point-anhenget i ametyst er et praktfullt smykke som utstr\u00e5ler \u00e5ndelighet, visdom og indre fred. Dette anhenget er designet for \u00e5 l\u00f8fte ethvert antrekk og utstr\u00e5le en aura av eleganse og mystikk.nbsp; Gemstone Classic Point-anhenget har en blankpolert ametyst-edelsten i en slank og langstrakt spissform. Ametyst er kjent for sine fortryllende lilla [&hellip;]<\/p>\n","protected":false},"featured_media":421305,"comment_status":"closed","ping_status":"open","template":"","meta":{"_angie_page":false},"product_brand":[],"product_cat":[25548,25214,25221,8586],"product_tag":[],"class_list":{"0":"post-203992","1":"product","2":"type-product","3":"status-publish","4":"has-post-thumbnail","6":"product_cat-ametyst","7":"product_cat-halskjeder-og-anheng","8":"product_cat-krystaller-edelsteiner","9":"product_cat-smykker-og-tilbehor","10":"pa_collection-indian-gemstone-pendant-jewellery-no","11":"pa_made-in-india","13":"first","14":"instock","15":"purchasable","16":"product-type-simple"},"supplier_id":null,"supplier_sku":"GPJ-03","barcode":null,"atum_controlled":true,"out_stock_date":null,"out_stock_threshold":null,"inheritable":false,"inbound_stock":null,"stock_on_hold":0,"sold_today":0,"sales_last_days":0,"reserved_stock":null,"customer_returns":null,"warehouse_damage":null,"lost_in_post":null,"other_logs":null,"out_stock_days":0,"lost_sales":0,"has_location":null,"update_date":"2026-05-04T00:03:55","atum_locations":[],"atum_stock_status":"instock","restock_status":false,"low_stock_amount":"","sales_update_date":"2026-01-30T01:24:47","calc_backorders":null,"_links":{"self":[{"href":"https:\/\/aromasentia.com\/no\/wp-json\/wp\/v2\/product\/203992","targetHints":{"allow":["GET"]}}],"collection":[{"href":"https:\/\/aromasentia.com\/no\/wp-json\/wp\/v2\/product"}],"about":[{"href":"https:\/\/aromasentia.com\/no\/wp-json\/wp\/v2\/types\/product"}],"replies":[{"embeddable":true,"href":"https:\/\/aromasentia.com\/no\/wp-json\/wp\/v2\/comments?post=203992"}],"version-history":[{"count":0,"href":"https:\/\/aromasentia.com\/no\/wp-json\/wp\/v2\/product\/203992\/revisions"}],"wp:featuredmedia":[{"embeddable":true,"href":"https:\/\/aromasentia.com\/no\/wp-json\/wp\/v2\/media\/421305"}],"wp:attachment":[{"href":"https:\/\/aromasentia.com\/no\/wp-json\/wp\/v2\/media?parent=203992"}],"wp:term":[{"taxonomy":"product_brand","embeddable":true,"href":"https:\/\/aromasentia.com\/no\/wp-json\/wp\/v2\/product_brand?post=203992"},{"taxonomy":"product_cat","embeddable":true,"href":"https:\/\/aromasentia.com\/no\/wp-json\/wp\/v2\/product_cat?post=203992"},{"taxonomy":"product_tag","embeddable":true,"href":"https:\/\/aromasentia.com\/no\/wp-json\/wp\/v2\/product_tag?post=203992"}],"curies":[{"name":"wp","href":"https:\/\/api.w.org\/{rel}","templated":true}]}}