{"id":203989,"date":"2025-03-23T11:06:16","date_gmt":"2025-03-23T11:06:16","guid":{"rendered":"https:\/\/aromasentia.com\/product\/925-silver-plated-gemstone-charcoal-string-bracelet-dalmation-jasper\/"},"modified":"2025-05-31T00:24:27","modified_gmt":"2025-05-31T00:24:27","slug":"925-solvbelagt-armband-med-kullfarget-snor-dalmatiner-jaspis","status":"publish","type":"product","link":"https:\/\/aromasentia.com\/no\/925-solvbelagt-armband-med-kullfarget-snor-dalmatiner-jaspis\/","title":{"rendered":"925 S\u00f8lvbelagt Armb\u00e5nd med Kullfarget Snor &#8211; Dalmatiner Jaspis"},"content":{"rendered":"<p><strong>S\u00f8lvbelagt edelstenssnorarmb\u00e5nd med trekull &#8211; Dalmatinert jaspis<\/strong> kompletteres med en glidebryter i 925 s\u00f8lvbelagt st\u00e5l som lar deg justere armb\u00e5ndet for en tettsittende passform.<\/p>\n","protected":false},"excerpt":{"rendered":"<p>S\u00f8lvbelagt edelstenssnorarmb\u00e5nd med trekull &#8211; Dalmatinert jaspis kompletteres med en glidebryter i 925 s\u00f8lvbelagt st\u00e5l som lar deg justere armb\u00e5ndet for en tettsittende passform.<\/p>\n","protected":false},"featured_media":421158,"comment_status":"closed","ping_status":"open","template":"","meta":{"_angie_page":false},"product_brand":[],"product_cat":[25207,25647,25221,8586],"product_tag":[],"class_list":{"0":"post-203989","1":"product","2":"type-product","3":"status-publish","4":"has-post-thumbnail","6":"product_cat-armband","7":"product_cat-jaspis","8":"product_cat-krystaller-edelsteiner","9":"product_cat-smykker-og-tilbehor","10":"pa_collection-gemstones-string-bracelets-no","11":"pa_made-in-kina","13":"first","14":"instock","15":"purchasable","16":"product-type-simple"},"supplier_id":null,"supplier_sku":"GemSB-08","barcode":null,"atum_controlled":true,"out_stock_date":null,"out_stock_threshold":null,"inheritable":false,"inbound_stock":null,"stock_on_hold":0,"sold_today":0,"sales_last_days":0,"reserved_stock":null,"customer_returns":null,"warehouse_damage":null,"lost_in_post":null,"other_logs":null,"out_stock_days":0,"lost_sales":0,"has_location":null,"update_date":"2026-04-27T07:05:41","atum_locations":[],"atum_stock_status":"instock","restock_status":false,"low_stock_amount":"","sales_update_date":"2025-09-03T00:16:57","calc_backorders":null,"_links":{"self":[{"href":"https:\/\/aromasentia.com\/no\/wp-json\/wp\/v2\/product\/203989","targetHints":{"allow":["GET"]}}],"collection":[{"href":"https:\/\/aromasentia.com\/no\/wp-json\/wp\/v2\/product"}],"about":[{"href":"https:\/\/aromasentia.com\/no\/wp-json\/wp\/v2\/types\/product"}],"replies":[{"embeddable":true,"href":"https:\/\/aromasentia.com\/no\/wp-json\/wp\/v2\/comments?post=203989"}],"version-history":[{"count":0,"href":"https:\/\/aromasentia.com\/no\/wp-json\/wp\/v2\/product\/203989\/revisions"}],"wp:featuredmedia":[{"embeddable":true,"href":"https:\/\/aromasentia.com\/no\/wp-json\/wp\/v2\/media\/421158"}],"wp:attachment":[{"href":"https:\/\/aromasentia.com\/no\/wp-json\/wp\/v2\/media?parent=203989"}],"wp:term":[{"taxonomy":"product_brand","embeddable":true,"href":"https:\/\/aromasentia.com\/no\/wp-json\/wp\/v2\/product_brand?post=203989"},{"taxonomy":"product_cat","embeddable":true,"href":"https:\/\/aromasentia.com\/no\/wp-json\/wp\/v2\/product_cat?post=203989"},{"taxonomy":"product_tag","embeddable":true,"href":"https:\/\/aromasentia.com\/no\/wp-json\/wp\/v2\/product_tag?post=203989"}],"curies":[{"name":"wp","href":"https:\/\/api.w.org\/{rel}","templated":true}]}}