{"id":203984,"date":"2025-03-23T11:06:16","date_gmt":"2025-03-23T11:06:16","guid":{"rendered":"https:\/\/aromasentia.com\/product\/18k-gold-plated-gemstone-bordeaux-string-bracelet-rose-quartz\/"},"modified":"2025-05-31T00:24:02","modified_gmt":"2025-05-31T00:24:02","slug":"18k-gullbelagt-armband-med-bordeaux-stener-rosenkvarts","status":"publish","type":"product","link":"https:\/\/aromasentia.com\/no\/18k-gullbelagt-armband-med-bordeaux-stener-rosenkvarts\/","title":{"rendered":"18K Gullbelagt Armb\u00e5nd med Bordeaux-Stener &#8211; Rosenkvarts"},"content":{"rendered":"<p><strong><span style=\"color: rgb(75, 80, 88);\">Armb\u00e5nd med forgylt edelsten og bordeaux-farget snor &#8211; rosenkvarts<\/span><\/strong><span style=\"color: rgb(75, 80, 88);\">Kompletteres med en glidebryter i 18 karat gullbelagt forgylt som lar deg justere armb\u00e5ndet for en tettsittende passform.<\/span><\/p>\n<p><span style=\"color: rgb(75, 80, 88);\"><em>Perlest\u00f8rrelse 1 (edelsten) &#8211; 6 mm<\/em><\/span><\/p>\n<p><span style=\"color: rgb(75, 80, 88);\"><em>Armb\u00e5ndsomkrets &#8211; 8,5 mm<\/em><\/span><\/p>\n","protected":false},"excerpt":{"rendered":"<p>Armb\u00e5nd med forgylt edelsten og bordeaux-farget snor &#8211; rosenkvartsKompletteres med en glidebryter i 18 karat gullbelagt forgylt som lar deg justere armb\u00e5ndet for en tettsittende passform. Perlest\u00f8rrelse 1 (edelsten) &#8211; 6 mm Armb\u00e5ndsomkrets &#8211; 8,5 mm<\/p>\n","protected":false},"featured_media":420993,"comment_status":"closed","ping_status":"open","template":"","meta":{"_angie_page":false},"product_brand":[],"product_cat":[25207,25221,25734,25746,8586],"product_tag":[],"class_list":{"0":"post-203984","1":"product","2":"type-product","3":"status-publish","4":"has-post-thumbnail","6":"product_cat-armband","7":"product_cat-krystaller-edelsteiner","8":"product_cat-kvarts","9":"product_cat-rosenkvarts","10":"product_cat-smykker-og-tilbehor","11":"pa_collection-gemstones-string-bracelets-no","12":"pa_made-in-kina","14":"first","15":"instock","16":"purchasable","17":"product-type-simple"},"supplier_id":null,"supplier_sku":"GemSB-03","barcode":null,"atum_controlled":true,"out_stock_date":null,"out_stock_threshold":null,"inheritable":false,"inbound_stock":null,"stock_on_hold":0,"sold_today":0,"sales_last_days":0,"reserved_stock":null,"customer_returns":null,"warehouse_damage":null,"lost_in_post":null,"other_logs":null,"out_stock_days":0,"lost_sales":0,"has_location":null,"update_date":"2026-05-04T00:03:55","atum_locations":[],"atum_stock_status":"instock","restock_status":false,"low_stock_amount":"","sales_update_date":"2025-09-03T00:16:56","calc_backorders":null,"_links":{"self":[{"href":"https:\/\/aromasentia.com\/no\/wp-json\/wp\/v2\/product\/203984","targetHints":{"allow":["GET"]}}],"collection":[{"href":"https:\/\/aromasentia.com\/no\/wp-json\/wp\/v2\/product"}],"about":[{"href":"https:\/\/aromasentia.com\/no\/wp-json\/wp\/v2\/types\/product"}],"replies":[{"embeddable":true,"href":"https:\/\/aromasentia.com\/no\/wp-json\/wp\/v2\/comments?post=203984"}],"version-history":[{"count":0,"href":"https:\/\/aromasentia.com\/no\/wp-json\/wp\/v2\/product\/203984\/revisions"}],"wp:featuredmedia":[{"embeddable":true,"href":"https:\/\/aromasentia.com\/no\/wp-json\/wp\/v2\/media\/420993"}],"wp:attachment":[{"href":"https:\/\/aromasentia.com\/no\/wp-json\/wp\/v2\/media?parent=203984"}],"wp:term":[{"taxonomy":"product_brand","embeddable":true,"href":"https:\/\/aromasentia.com\/no\/wp-json\/wp\/v2\/product_brand?post=203984"},{"taxonomy":"product_cat","embeddable":true,"href":"https:\/\/aromasentia.com\/no\/wp-json\/wp\/v2\/product_cat?post=203984"},{"taxonomy":"product_tag","embeddable":true,"href":"https:\/\/aromasentia.com\/no\/wp-json\/wp\/v2\/product_tag?post=203984"}],"curies":[{"name":"wp","href":"https:\/\/api.w.org\/{rel}","templated":true}]}}