{"id":203979,"date":"2025-03-23T11:06:16","date_gmt":"2025-03-23T11:06:16","guid":{"rendered":"https:\/\/aromasentia.com\/product\/gemstone-mini-angels-pendants-12-assorted-26x18mm\/"},"modified":"2025-05-31T00:23:51","modified_gmt":"2025-05-31T00:23:51","slug":"minianheng-av-edelstener-12-assorterte-26x18mm","status":"publish","type":"product","link":"https:\/\/aromasentia.com\/no\/minianheng-av-edelstener-12-assorterte-26x18mm\/","title":{"rendered":"Minianheng Av Edelstener (12 Assorterte) 26x18mm"},"content":{"rendered":"<p>B\u00e6r en skytsengel med deg i dette sortimentet av 12 minianheng med edelstener. Hvert anheng m\u00e5ler ca. 26&#215;18 mm og best\u00e5r av en rekke forskjellige ekte edelstener, perfekt til \u00e5 lage delikate halskjeder eller \u00f8reringer.<\/p>\n","protected":false},"excerpt":{"rendered":"<p>B\u00e6r en skytsengel med deg i dette sortimentet av 12 minianheng med edelstener. Hvert anheng m\u00e5ler ca. 26&#215;18 mm og best\u00e5r av en rekke forskjellige ekte edelstener, perfekt til \u00e5 lage delikate halskjeder eller \u00f8reringer.<\/p>\n","protected":false},"featured_media":420844,"comment_status":"closed","ping_status":"open","template":"","meta":[],"product_brand":[],"product_cat":[25214,8586],"product_tag":[],"class_list":{"0":"post-203979","1":"product","2":"type-product","3":"status-publish","4":"has-post-thumbnail","6":"product_cat-halskjeder-og-anheng","7":"product_cat-smykker-og-tilbehor","8":"pa_collection-gemstone-pendants-no","9":"pa_made-in-kina","11":"first","12":"instock","13":"purchasable","14":"product-type-simple"},"supplier_id":null,"supplier_sku":"GemPD-22","barcode":null,"atum_controlled":true,"out_stock_date":null,"out_stock_threshold":null,"inheritable":false,"inbound_stock":null,"stock_on_hold":0,"sold_today":0,"sales_last_days":0,"reserved_stock":null,"customer_returns":null,"warehouse_damage":null,"lost_in_post":null,"other_logs":null,"out_stock_days":0,"lost_sales":0,"has_location":null,"update_date":"2026-02-12T05:53:37","atum_locations":[],"atum_stock_status":"instock","restock_status":false,"low_stock_amount":"","sales_update_date":"2026-02-06T00:02:20","calc_backorders":null,"_links":{"self":[{"href":"https:\/\/aromasentia.com\/no\/wp-json\/wp\/v2\/product\/203979","targetHints":{"allow":["GET"]}}],"collection":[{"href":"https:\/\/aromasentia.com\/no\/wp-json\/wp\/v2\/product"}],"about":[{"href":"https:\/\/aromasentia.com\/no\/wp-json\/wp\/v2\/types\/product"}],"replies":[{"embeddable":true,"href":"https:\/\/aromasentia.com\/no\/wp-json\/wp\/v2\/comments?post=203979"}],"version-history":[{"count":0,"href":"https:\/\/aromasentia.com\/no\/wp-json\/wp\/v2\/product\/203979\/revisions"}],"wp:featuredmedia":[{"embeddable":true,"href":"https:\/\/aromasentia.com\/no\/wp-json\/wp\/v2\/media\/420844"}],"wp:attachment":[{"href":"https:\/\/aromasentia.com\/no\/wp-json\/wp\/v2\/media?parent=203979"}],"wp:term":[{"taxonomy":"product_brand","embeddable":true,"href":"https:\/\/aromasentia.com\/no\/wp-json\/wp\/v2\/product_brand?post=203979"},{"taxonomy":"product_cat","embeddable":true,"href":"https:\/\/aromasentia.com\/no\/wp-json\/wp\/v2\/product_cat?post=203979"},{"taxonomy":"product_tag","embeddable":true,"href":"https:\/\/aromasentia.com\/no\/wp-json\/wp\/v2\/product_tag?post=203979"}],"curies":[{"name":"wp","href":"https:\/\/api.w.org\/{rel}","templated":true}]}}